{"id":932,"date":"2023-09-12T20:14:08","date_gmt":"2023-09-12T19:14:08","guid":{"rendered":"https:\/\/dev.muiptv.fr\/?post_type=product&#038;p=932"},"modified":"2025-11-25T15:10:47","modified_gmt":"2025-11-25T15:10:47","slug":"king365-iptv-subscription%f0%9f%94%a5","status":"publish","type":"product","link":"https:\/\/dev.muiptv.fr\/fr\/produit\/king365-iptv-subscription%f0%9f%94%a5\/","title":{"rendered":"Abonnement KING365 IPTV\ud83d\udd25"},"content":{"rendered":"<p><strong>King365 tv<\/strong> est une application de streaming de contenu pour IPTV. Elle permet \u00e0 ses utilisateurs d'avoir acc\u00e8s \u00e0 un tr\u00e8s grand nombre de cha\u00eenes de t\u00e9l\u00e9vision via de nombreux appareils. En plus de fournir des cha\u00eenes, l'application <strong>King365 TV<\/strong> L'application offre \u00e9galement aux utilisateurs une excellente qualit\u00e9 d'image, y compris des images HD ou haute d\u00e9finition, 4K et 3D.<\/p>\n<p>L'abonnement King365tv vous donne acc\u00e8s \u00e0 plusieurs cha\u00eenes + VOD de tous plus de 7400 cha\u00eenes stables Haute qualit\u00e9 ( SD - HD - FHD - 4k- hvec )<\/p>\n<p>Abonnement et renouvellement King365 tv 12 mois pour tous les appareils put-ajour des cha\u00eenes r\u00e9guli\u00e8res chaque semaine<\/p>\n<div class=\"wpb_wrapper\">\n<p>-\u00a0<strong>Amazon Prime Video LEAGUE 1<\/strong> , <strong>RMC SPORT 1, 2, 3, 4,<\/strong> RMC SPORT live5 6.7,8.9.10.11.12.13.14.15 FHD+CANALSAT + BEIN SPORTS EN + SKY + BEIN SPORTS+ FRENCH + ARABIC + MY HD ARABIC+ CANADA+DEUTSCH+BELGIUM +AFRICAN+ALL ARABIC CHANNELS + ALL CHANNELS OF ALL PAY ) CHANNELS WELL ORGANIZED CHANNELS BY CATEGORIES AND COUNTRIES<\/p>\n<\/div>\n<ul>\n<li>Plus de <strong>4,500<\/strong> Cha\u00eenes Full HD, HD et SD, ainsi que plus de <strong>4,300<\/strong> VODS (films, s\u00e9ries, documentaires, enfants, anime, sports, etc.)<\/li>\n<li>Nos serveurs sont stables et hautement disponibles, sans aucune interruption.<\/li>\n<li>Les cha\u00eenes sont disponibles en France, en Belgique, en Suisse, en Espagne, au Portugal, en Italie, en Allemagne, aux Pays-Bas, dans les pays arabes, au Royaume-Uni, en Espagne, en Turquie, aux \u00c9tats-Unis, au Canada, en Afrique et en Inde.<\/li>\n<li>Notre service est compatible avec Samsung &amp; LG SMART TV, Sony, VLC.<\/li>\n<li>Nous offrons les meilleurs prix et une assistance 7\/7 (Shoppy-iptv.com).<\/li>\n<\/ul>\n<p>Nous r\u00e9pondrons dans les plus brefs d\u00e9lais<\/p>\n<p>* Une fois votre paiement effectu\u00e9, nous recevrons votre commande imm\u00e9diatement. La livraison de l'abonnement ne d\u00e9passe pas 1 heure par e-mail ou sur WhatsApp pour plus de rapidit\u00e9.<\/p>\n<p>&nbsp;<\/p>","protected":false},"excerpt":{"rendered":"<p>Abonnement <strong>King365tv<\/strong> vous donne acc\u00e8s \u00e0 plusieurs cha\u00eenes + VOD de chacun plus de 7400 cha\u00eenes stables <strong>Haute qualit\u00e9<\/strong> ( SD - HD - FHD - 4k- hvec )<\/p>","protected":false},"featured_media":3000,"comment_status":"open","ping_status":"closed","template":"","meta":[],"product_brand":[],"product_cat":[21],"product_tag":[],"class_list":{"0":"post-932","1":"product","2":"type-product","3":"status-publish","4":"has-post-thumbnail","6":"product_cat-iptv-server","8":"first","9":"instock","10":"sold-individually","11":"shipping-taxable","12":"purchasable","13":"product-type-variable","14":"has-default-attributes"},"yoast_head":"<!-- This site is optimized with the Yoast SEO plugin v26.4 - https:\/\/yoast.com\/wordpress\/plugins\/seo\/ -->\n<title>KING365 IPTV Subscription\ud83d\udd25 - Dev MuIptv<\/title>\n<meta name=\"robots\" content=\"noindex, follow, max-snippet:-1, max-image-preview:large, max-video-preview:-1\" \/>\n<meta property=\"og:locale\" content=\"fr_FR\" \/>\n<meta property=\"og:type\" content=\"article\" \/>\n<meta property=\"og:title\" content=\"KING365 IPTV Subscription\ud83d\udd25 - Dev MuIptv\" \/>\n<meta property=\"og:description\" content=\"Subscription King365tv gives you access to several channels + VOD of everyone more than 7400 stable channel High quality ( SD \u2013 HD \u2013 FHD \u2013 4k- hvec )\" \/>\n<meta property=\"og:url\" content=\"https:\/\/dev.muiptv.fr\/fr\/produit\/king365-iptv-subscription\ud83d\udd25\/\" \/>\n<meta property=\"og:site_name\" content=\"Dev MuIptv\" \/>\n<meta property=\"article:modified_time\" content=\"2025-11-25T15:10:47+00:00\" \/>\n<meta property=\"og:image\" content=\"https:\/\/dev.muiptv.fr\/wp-content\/uploads\/2023\/09\/KING365-IPTV.png\" \/>\n\t<meta property=\"og:image:width\" content=\"452\" \/>\n\t<meta property=\"og:image:height\" content=\"452\" \/>\n\t<meta property=\"og:image:type\" content=\"image\/png\" \/>\n<meta name=\"twitter:card\" content=\"summary_large_image\" \/>\n<meta name=\"twitter:label1\" content=\"Dur\u00e9e de lecture estim\u00e9e\" \/>\n\t<meta name=\"twitter:data1\" content=\"2 minutes\" \/>\n<script type=\"application\/ld+json\" class=\"yoast-schema-graph\">{\"@context\":\"https:\/\/schema.org\",\"@graph\":[{\"@type\":\"WebPage\",\"@id\":\"https:\/\/dev.muiptv.fr\/product\/king365-iptv-subscription%f0%9f%94%a5\/\",\"url\":\"https:\/\/dev.muiptv.fr\/product\/king365-iptv-subscription%f0%9f%94%a5\/\",\"name\":\"KING365 IPTV Subscription\ud83d\udd25 - Dev MuIptv\",\"isPartOf\":{\"@id\":\"https:\/\/muiptv.com\/#website\"},\"primaryImageOfPage\":{\"@id\":\"https:\/\/dev.muiptv.fr\/product\/king365-iptv-subscription%f0%9f%94%a5\/#primaryimage\"},\"image\":{\"@id\":\"https:\/\/dev.muiptv.fr\/product\/king365-iptv-subscription%f0%9f%94%a5\/#primaryimage\"},\"thumbnailUrl\":\"https:\/\/dev.muiptv.fr\/wp-content\/uploads\/2023\/09\/KING365-IPTV.png\",\"datePublished\":\"2023-09-12T19:14:08+00:00\",\"dateModified\":\"2025-11-25T15:10:47+00:00\",\"breadcrumb\":{\"@id\":\"https:\/\/dev.muiptv.fr\/product\/king365-iptv-subscription%f0%9f%94%a5\/#breadcrumb\"},\"inLanguage\":\"fr-FR\",\"potentialAction\":[{\"@type\":\"ReadAction\",\"target\":[\"https:\/\/dev.muiptv.fr\/product\/king365-iptv-subscription%f0%9f%94%a5\/\"]}]},{\"@type\":\"ImageObject\",\"inLanguage\":\"fr-FR\",\"@id\":\"https:\/\/dev.muiptv.fr\/product\/king365-iptv-subscription%f0%9f%94%a5\/#primaryimage\",\"url\":\"https:\/\/dev.muiptv.fr\/wp-content\/uploads\/2023\/09\/KING365-IPTV.png\",\"contentUrl\":\"https:\/\/dev.muiptv.fr\/wp-content\/uploads\/2023\/09\/KING365-IPTV.png\",\"width\":452,\"height\":452},{\"@type\":\"BreadcrumbList\",\"@id\":\"https:\/\/dev.muiptv.fr\/product\/king365-iptv-subscription%f0%9f%94%a5\/#breadcrumb\",\"itemListElement\":[{\"@type\":\"ListItem\",\"position\":1,\"name\":\"Home\",\"item\":\"https:\/\/dev.muiptv.fr\/\"},{\"@type\":\"ListItem\",\"position\":2,\"name\":\"Shop\",\"item\":\"https:\/\/muiptv.com\/shop\/\"},{\"@type\":\"ListItem\",\"position\":3,\"name\":\"KING365 IPTV Subscription\ud83d\udd25\"}]},{\"@type\":\"WebSite\",\"@id\":\"https:\/\/muiptv.com\/#website\",\"url\":\"https:\/\/muiptv.com\/\",\"name\":\"Dev MuIptv\",\"description\":\"\",\"publisher\":{\"@id\":\"https:\/\/muiptv.com\/#organization\"},\"potentialAction\":[{\"@type\":\"SearchAction\",\"target\":{\"@type\":\"EntryPoint\",\"urlTemplate\":\"https:\/\/muiptv.com\/?s={search_term_string}\"},\"query-input\":{\"@type\":\"PropertyValueSpecification\",\"valueRequired\":true,\"valueName\":\"search_term_string\"}}],\"inLanguage\":\"fr-FR\"},{\"@type\":\"Organization\",\"@id\":\"https:\/\/muiptv.com\/#organization\",\"name\":\"Dev MuIptv\",\"url\":\"https:\/\/muiptv.com\/\",\"logo\":{\"@type\":\"ImageObject\",\"inLanguage\":\"fr-FR\",\"@id\":\"https:\/\/muiptv.com\/#\/schema\/logo\/image\/\",\"url\":\"https:\/\/dev.muiptv.fr\/wp-content\/uploads\/2023\/09\/logo-png.png\",\"contentUrl\":\"https:\/\/dev.muiptv.fr\/wp-content\/uploads\/2023\/09\/logo-png.png\",\"width\":717,\"height\":228,\"caption\":\"Dev MuIptv\"},\"image\":{\"@id\":\"https:\/\/muiptv.com\/#\/schema\/logo\/image\/\"}}]}<\/script>\n<!-- \/ Yoast SEO plugin. -->","yoast_head_json":{"title":"KING365 IPTV Subscription\ud83d\udd25 - Dev MuIptv","robots":{"index":"noindex","follow":"follow","max-snippet":"max-snippet:-1","max-image-preview":"max-image-preview:large","max-video-preview":"max-video-preview:-1"},"og_locale":"fr_FR","og_type":"article","og_title":"KING365 IPTV Subscription\ud83d\udd25 - Dev MuIptv","og_description":"Subscription King365tv gives you access to several channels + VOD of everyone more than 7400 stable channel High quality ( SD \u2013 HD \u2013 FHD \u2013 4k- hvec )","og_url":"https:\/\/dev.muiptv.fr\/fr\/produit\/king365-iptv-subscription\ud83d\udd25\/","og_site_name":"Dev MuIptv","article_modified_time":"2025-11-25T15:10:47+00:00","og_image":[{"width":452,"height":452,"url":"https:\/\/dev.muiptv.fr\/wp-content\/uploads\/2023\/09\/KING365-IPTV.png","type":"image\/png"}],"twitter_card":"summary_large_image","twitter_misc":{"Dur\u00e9e de lecture estim\u00e9e":"2 minutes"},"schema":{"@context":"https:\/\/schema.org","@graph":[{"@type":"WebPage","@id":"https:\/\/dev.muiptv.fr\/product\/king365-iptv-subscription%f0%9f%94%a5\/","url":"https:\/\/dev.muiptv.fr\/product\/king365-iptv-subscription%f0%9f%94%a5\/","name":"KING365 IPTV Subscription\ud83d\udd25 - Dev MuIptv","isPartOf":{"@id":"https:\/\/muiptv.com\/#website"},"primaryImageOfPage":{"@id":"https:\/\/dev.muiptv.fr\/product\/king365-iptv-subscription%f0%9f%94%a5\/#primaryimage"},"image":{"@id":"https:\/\/dev.muiptv.fr\/product\/king365-iptv-subscription%f0%9f%94%a5\/#primaryimage"},"thumbnailUrl":"https:\/\/dev.muiptv.fr\/wp-content\/uploads\/2023\/09\/KING365-IPTV.png","datePublished":"2023-09-12T19:14:08+00:00","dateModified":"2025-11-25T15:10:47+00:00","breadcrumb":{"@id":"https:\/\/dev.muiptv.fr\/product\/king365-iptv-subscription%f0%9f%94%a5\/#breadcrumb"},"inLanguage":"fr-FR","potentialAction":[{"@type":"ReadAction","target":["https:\/\/dev.muiptv.fr\/product\/king365-iptv-subscription%f0%9f%94%a5\/"]}]},{"@type":"ImageObject","inLanguage":"fr-FR","@id":"https:\/\/dev.muiptv.fr\/product\/king365-iptv-subscription%f0%9f%94%a5\/#primaryimage","url":"https:\/\/dev.muiptv.fr\/wp-content\/uploads\/2023\/09\/KING365-IPTV.png","contentUrl":"https:\/\/dev.muiptv.fr\/wp-content\/uploads\/2023\/09\/KING365-IPTV.png","width":452,"height":452},{"@type":"BreadcrumbList","@id":"https:\/\/dev.muiptv.fr\/product\/king365-iptv-subscription%f0%9f%94%a5\/#breadcrumb","itemListElement":[{"@type":"ListItem","position":1,"name":"Home","item":"https:\/\/dev.muiptv.fr\/"},{"@type":"ListItem","position":2,"name":"Shop","item":"https:\/\/muiptv.com\/shop\/"},{"@type":"ListItem","position":3,"name":"KING365 IPTV Subscription\ud83d\udd25"}]},{"@type":"WebSite","@id":"https:\/\/muiptv.com\/#website","url":"https:\/\/muiptv.com\/","name":"Dev MuIptv","description":"","publisher":{"@id":"https:\/\/muiptv.com\/#organization"},"potentialAction":[{"@type":"SearchAction","target":{"@type":"EntryPoint","urlTemplate":"https:\/\/muiptv.com\/?s={search_term_string}"},"query-input":{"@type":"PropertyValueSpecification","valueRequired":true,"valueName":"search_term_string"}}],"inLanguage":"fr-FR"},{"@type":"Organization","@id":"https:\/\/muiptv.com\/#organization","name":"Dev MuIptv","url":"https:\/\/muiptv.com\/","logo":{"@type":"ImageObject","inLanguage":"fr-FR","@id":"https:\/\/muiptv.com\/#\/schema\/logo\/image\/","url":"https:\/\/dev.muiptv.fr\/wp-content\/uploads\/2023\/09\/logo-png.png","contentUrl":"https:\/\/dev.muiptv.fr\/wp-content\/uploads\/2023\/09\/logo-png.png","width":717,"height":228,"caption":"Dev MuIptv"},"image":{"@id":"https:\/\/muiptv.com\/#\/schema\/logo\/image\/"}}]}},"jetpack_sharing_enabled":true,"_links":{"self":[{"href":"https:\/\/dev.muiptv.fr\/fr\/wp-json\/wp\/v2\/product\/932","targetHints":{"allow":["GET"]}}],"collection":[{"href":"https:\/\/dev.muiptv.fr\/fr\/wp-json\/wp\/v2\/product"}],"about":[{"href":"https:\/\/dev.muiptv.fr\/fr\/wp-json\/wp\/v2\/types\/product"}],"replies":[{"embeddable":true,"href":"https:\/\/dev.muiptv.fr\/fr\/wp-json\/wp\/v2\/comments?post=932"}],"wp:featuredmedia":[{"embeddable":true,"href":"https:\/\/dev.muiptv.fr\/fr\/wp-json\/wp\/v2\/media\/3000"}],"wp:attachment":[{"href":"https:\/\/dev.muiptv.fr\/fr\/wp-json\/wp\/v2\/media?parent=932"}],"wp:term":[{"taxonomy":"product_brand","embeddable":true,"href":"https:\/\/dev.muiptv.fr\/fr\/wp-json\/wp\/v2\/product_brand?post=932"},{"taxonomy":"product_cat","embeddable":true,"href":"https:\/\/dev.muiptv.fr\/fr\/wp-json\/wp\/v2\/product_cat?post=932"},{"taxonomy":"product_tag","embeddable":true,"href":"https:\/\/dev.muiptv.fr\/fr\/wp-json\/wp\/v2\/product_tag?post=932"}],"curies":[{"name":"wp","href":"https:\/\/api.w.org\/{rel}","templated":true}]}}