{"id":920,"date":"2023-09-12T20:14:07","date_gmt":"2023-09-12T19:14:07","guid":{"rendered":"https:\/\/dev.muiptv.fr\/?post_type=product&#038;p=920"},"modified":"2025-11-25T15:17:57","modified_gmt":"2025-11-25T15:17:57","slug":"king-pro-iptv-subscription%f0%9f%94%a5","status":"publish","type":"product","link":"https:\/\/dev.muiptv.fr\/fr\/produit\/king-pro-iptv-subscription%f0%9f%94%a5\/","title":{"rendered":"Abonnement KING PRO IPTV\ud83d\udd25"},"content":{"rendered":"<p>KING IPTV : Une large gamme de cha\u00eenes de t\u00e9l\u00e9vision crypt\u00e9es, payantes et gratuites<br \/>\net des \u00e9missions en direct avec une connexion \u00e0 large bande accessible partout dans le monde.<br \/>\nFournit plusieurs cha\u00eenes internationales et vod pour tous les go\u00fbts et pour tous les \u00e2ges ....<\/p>","protected":false},"excerpt":{"rendered":"<p>KING IPTV : Une large gamme de cha\u00eenes de t\u00e9l\u00e9vision crypt\u00e9es, payantes et gratuites<br \/>\net des \u00e9missions en direct avec une connexion \u00e0 large bande accessible partout dans le monde.<br \/>\nFournit plusieurs cha\u00eenes internationales et vod pour tous les go\u00fbts et pour tous les \u00e2ges ....<\/p>","protected":false},"featured_media":3005,"comment_status":"open","ping_status":"closed","template":"","meta":[],"product_brand":[],"product_cat":[21],"product_tag":[],"class_list":{"0":"post-920","1":"product","2":"type-product","3":"status-publish","4":"has-post-thumbnail","6":"product_cat-iptv-server","8":"first","9":"instock","10":"sold-individually","11":"shipping-taxable","12":"purchasable","13":"product-type-variable","14":"has-default-attributes"},"yoast_head":"<!-- This site is optimized with the Yoast SEO plugin v26.4 - https:\/\/yoast.com\/wordpress\/plugins\/seo\/ -->\n<title>KING PRO IPTV Subscription\ud83d\udd25 - Dev MuIptv<\/title>\n<meta name=\"robots\" content=\"noindex, follow, max-snippet:-1, max-image-preview:large, max-video-preview:-1\" \/>\n<meta property=\"og:locale\" content=\"fr_FR\" \/>\n<meta property=\"og:type\" content=\"article\" \/>\n<meta property=\"og:title\" content=\"KING PRO IPTV Subscription\ud83d\udd25 - Dev MuIptv\" \/>\n<meta property=\"og:description\" content=\"KING IPTV : A wide range of encrypted, pay and free television channels and live broadcasts with broadband connection accessible anywhere in the world. Provides several international and vod channels for all tastes and for all ages ....\" \/>\n<meta property=\"og:url\" content=\"https:\/\/dev.muiptv.fr\/fr\/produit\/king-pro-iptv-subscription\ud83d\udd25\/\" \/>\n<meta property=\"og:site_name\" content=\"Dev MuIptv\" \/>\n<meta property=\"article:modified_time\" content=\"2025-11-25T15:17:57+00:00\" \/>\n<meta property=\"og:image\" content=\"https:\/\/dev.muiptv.fr\/wp-content\/uploads\/2023\/09\/KING-PRO.png\" \/>\n\t<meta property=\"og:image:width\" content=\"452\" \/>\n\t<meta property=\"og:image:height\" content=\"452\" \/>\n\t<meta property=\"og:image:type\" content=\"image\/png\" \/>\n<meta name=\"twitter:card\" content=\"summary_large_image\" \/>\n<meta name=\"twitter:label1\" content=\"Dur\u00e9e de lecture estim\u00e9e\" \/>\n\t<meta name=\"twitter:data1\" content=\"1 minute\" \/>\n<script type=\"application\/ld+json\" class=\"yoast-schema-graph\">{\"@context\":\"https:\/\/schema.org\",\"@graph\":[{\"@type\":\"WebPage\",\"@id\":\"https:\/\/dev.muiptv.fr\/product\/king-pro-iptv-subscription%f0%9f%94%a5\/\",\"url\":\"https:\/\/dev.muiptv.fr\/product\/king-pro-iptv-subscription%f0%9f%94%a5\/\",\"name\":\"KING PRO IPTV Subscription\ud83d\udd25 - Dev MuIptv\",\"isPartOf\":{\"@id\":\"https:\/\/muiptv.com\/#website\"},\"primaryImageOfPage\":{\"@id\":\"https:\/\/dev.muiptv.fr\/product\/king-pro-iptv-subscription%f0%9f%94%a5\/#primaryimage\"},\"image\":{\"@id\":\"https:\/\/dev.muiptv.fr\/product\/king-pro-iptv-subscription%f0%9f%94%a5\/#primaryimage\"},\"thumbnailUrl\":\"https:\/\/dev.muiptv.fr\/wp-content\/uploads\/2023\/09\/KING-PRO.png\",\"datePublished\":\"2023-09-12T19:14:07+00:00\",\"dateModified\":\"2025-11-25T15:17:57+00:00\",\"breadcrumb\":{\"@id\":\"https:\/\/dev.muiptv.fr\/product\/king-pro-iptv-subscription%f0%9f%94%a5\/#breadcrumb\"},\"inLanguage\":\"fr-FR\",\"potentialAction\":[{\"@type\":\"ReadAction\",\"target\":[\"https:\/\/dev.muiptv.fr\/product\/king-pro-iptv-subscription%f0%9f%94%a5\/\"]}]},{\"@type\":\"ImageObject\",\"inLanguage\":\"fr-FR\",\"@id\":\"https:\/\/dev.muiptv.fr\/product\/king-pro-iptv-subscription%f0%9f%94%a5\/#primaryimage\",\"url\":\"https:\/\/dev.muiptv.fr\/wp-content\/uploads\/2023\/09\/KING-PRO.png\",\"contentUrl\":\"https:\/\/dev.muiptv.fr\/wp-content\/uploads\/2023\/09\/KING-PRO.png\",\"width\":452,\"height\":452},{\"@type\":\"BreadcrumbList\",\"@id\":\"https:\/\/dev.muiptv.fr\/product\/king-pro-iptv-subscription%f0%9f%94%a5\/#breadcrumb\",\"itemListElement\":[{\"@type\":\"ListItem\",\"position\":1,\"name\":\"Home\",\"item\":\"https:\/\/dev.muiptv.fr\/\"},{\"@type\":\"ListItem\",\"position\":2,\"name\":\"Shop\",\"item\":\"https:\/\/muiptv.com\/shop\/\"},{\"@type\":\"ListItem\",\"position\":3,\"name\":\"KING PRO IPTV Subscription\ud83d\udd25\"}]},{\"@type\":\"WebSite\",\"@id\":\"https:\/\/muiptv.com\/#website\",\"url\":\"https:\/\/muiptv.com\/\",\"name\":\"Dev MuIptv\",\"description\":\"\",\"publisher\":{\"@id\":\"https:\/\/muiptv.com\/#organization\"},\"potentialAction\":[{\"@type\":\"SearchAction\",\"target\":{\"@type\":\"EntryPoint\",\"urlTemplate\":\"https:\/\/muiptv.com\/?s={search_term_string}\"},\"query-input\":{\"@type\":\"PropertyValueSpecification\",\"valueRequired\":true,\"valueName\":\"search_term_string\"}}],\"inLanguage\":\"fr-FR\"},{\"@type\":\"Organization\",\"@id\":\"https:\/\/muiptv.com\/#organization\",\"name\":\"Dev MuIptv\",\"url\":\"https:\/\/muiptv.com\/\",\"logo\":{\"@type\":\"ImageObject\",\"inLanguage\":\"fr-FR\",\"@id\":\"https:\/\/muiptv.com\/#\/schema\/logo\/image\/\",\"url\":\"https:\/\/dev.muiptv.fr\/wp-content\/uploads\/2023\/09\/logo-png.png\",\"contentUrl\":\"https:\/\/dev.muiptv.fr\/wp-content\/uploads\/2023\/09\/logo-png.png\",\"width\":717,\"height\":228,\"caption\":\"Dev MuIptv\"},\"image\":{\"@id\":\"https:\/\/muiptv.com\/#\/schema\/logo\/image\/\"}}]}<\/script>\n<!-- \/ Yoast SEO plugin. -->","yoast_head_json":{"title":"KING PRO IPTV Subscription\ud83d\udd25 - Dev MuIptv","robots":{"index":"noindex","follow":"follow","max-snippet":"max-snippet:-1","max-image-preview":"max-image-preview:large","max-video-preview":"max-video-preview:-1"},"og_locale":"fr_FR","og_type":"article","og_title":"KING PRO IPTV Subscription\ud83d\udd25 - Dev MuIptv","og_description":"KING IPTV : A wide range of encrypted, pay and free television channels and live broadcasts with broadband connection accessible anywhere in the world. Provides several international and vod channels for all tastes and for all ages ....","og_url":"https:\/\/dev.muiptv.fr\/fr\/produit\/king-pro-iptv-subscription\ud83d\udd25\/","og_site_name":"Dev MuIptv","article_modified_time":"2025-11-25T15:17:57+00:00","og_image":[{"width":452,"height":452,"url":"https:\/\/dev.muiptv.fr\/wp-content\/uploads\/2023\/09\/KING-PRO.png","type":"image\/png"}],"twitter_card":"summary_large_image","twitter_misc":{"Dur\u00e9e de lecture estim\u00e9e":"1 minute"},"schema":{"@context":"https:\/\/schema.org","@graph":[{"@type":"WebPage","@id":"https:\/\/dev.muiptv.fr\/product\/king-pro-iptv-subscription%f0%9f%94%a5\/","url":"https:\/\/dev.muiptv.fr\/product\/king-pro-iptv-subscription%f0%9f%94%a5\/","name":"KING PRO IPTV Subscription\ud83d\udd25 - Dev MuIptv","isPartOf":{"@id":"https:\/\/muiptv.com\/#website"},"primaryImageOfPage":{"@id":"https:\/\/dev.muiptv.fr\/product\/king-pro-iptv-subscription%f0%9f%94%a5\/#primaryimage"},"image":{"@id":"https:\/\/dev.muiptv.fr\/product\/king-pro-iptv-subscription%f0%9f%94%a5\/#primaryimage"},"thumbnailUrl":"https:\/\/dev.muiptv.fr\/wp-content\/uploads\/2023\/09\/KING-PRO.png","datePublished":"2023-09-12T19:14:07+00:00","dateModified":"2025-11-25T15:17:57+00:00","breadcrumb":{"@id":"https:\/\/dev.muiptv.fr\/product\/king-pro-iptv-subscription%f0%9f%94%a5\/#breadcrumb"},"inLanguage":"fr-FR","potentialAction":[{"@type":"ReadAction","target":["https:\/\/dev.muiptv.fr\/product\/king-pro-iptv-subscription%f0%9f%94%a5\/"]}]},{"@type":"ImageObject","inLanguage":"fr-FR","@id":"https:\/\/dev.muiptv.fr\/product\/king-pro-iptv-subscription%f0%9f%94%a5\/#primaryimage","url":"https:\/\/dev.muiptv.fr\/wp-content\/uploads\/2023\/09\/KING-PRO.png","contentUrl":"https:\/\/dev.muiptv.fr\/wp-content\/uploads\/2023\/09\/KING-PRO.png","width":452,"height":452},{"@type":"BreadcrumbList","@id":"https:\/\/dev.muiptv.fr\/product\/king-pro-iptv-subscription%f0%9f%94%a5\/#breadcrumb","itemListElement":[{"@type":"ListItem","position":1,"name":"Home","item":"https:\/\/dev.muiptv.fr\/"},{"@type":"ListItem","position":2,"name":"Shop","item":"https:\/\/muiptv.com\/shop\/"},{"@type":"ListItem","position":3,"name":"KING PRO IPTV Subscription\ud83d\udd25"}]},{"@type":"WebSite","@id":"https:\/\/muiptv.com\/#website","url":"https:\/\/muiptv.com\/","name":"Dev MuIptv","description":"","publisher":{"@id":"https:\/\/muiptv.com\/#organization"},"potentialAction":[{"@type":"SearchAction","target":{"@type":"EntryPoint","urlTemplate":"https:\/\/muiptv.com\/?s={search_term_string}"},"query-input":{"@type":"PropertyValueSpecification","valueRequired":true,"valueName":"search_term_string"}}],"inLanguage":"fr-FR"},{"@type":"Organization","@id":"https:\/\/muiptv.com\/#organization","name":"Dev MuIptv","url":"https:\/\/muiptv.com\/","logo":{"@type":"ImageObject","inLanguage":"fr-FR","@id":"https:\/\/muiptv.com\/#\/schema\/logo\/image\/","url":"https:\/\/dev.muiptv.fr\/wp-content\/uploads\/2023\/09\/logo-png.png","contentUrl":"https:\/\/dev.muiptv.fr\/wp-content\/uploads\/2023\/09\/logo-png.png","width":717,"height":228,"caption":"Dev MuIptv"},"image":{"@id":"https:\/\/muiptv.com\/#\/schema\/logo\/image\/"}}]}},"jetpack_sharing_enabled":true,"_links":{"self":[{"href":"https:\/\/dev.muiptv.fr\/fr\/wp-json\/wp\/v2\/product\/920","targetHints":{"allow":["GET"]}}],"collection":[{"href":"https:\/\/dev.muiptv.fr\/fr\/wp-json\/wp\/v2\/product"}],"about":[{"href":"https:\/\/dev.muiptv.fr\/fr\/wp-json\/wp\/v2\/types\/product"}],"replies":[{"embeddable":true,"href":"https:\/\/dev.muiptv.fr\/fr\/wp-json\/wp\/v2\/comments?post=920"}],"wp:featuredmedia":[{"embeddable":true,"href":"https:\/\/dev.muiptv.fr\/fr\/wp-json\/wp\/v2\/media\/3005"}],"wp:attachment":[{"href":"https:\/\/dev.muiptv.fr\/fr\/wp-json\/wp\/v2\/media?parent=920"}],"wp:term":[{"taxonomy":"product_brand","embeddable":true,"href":"https:\/\/dev.muiptv.fr\/fr\/wp-json\/wp\/v2\/product_brand?post=920"},{"taxonomy":"product_cat","embeddable":true,"href":"https:\/\/dev.muiptv.fr\/fr\/wp-json\/wp\/v2\/product_cat?post=920"},{"taxonomy":"product_tag","embeddable":true,"href":"https:\/\/dev.muiptv.fr\/fr\/wp-json\/wp\/v2\/product_tag?post=920"}],"curies":[{"name":"wp","href":"https:\/\/api.w.org\/{rel}","templated":true}]}}