{"id":917,"date":"2023-09-12T20:14:07","date_gmt":"2023-09-12T19:14:07","guid":{"rendered":"https:\/\/dev.muiptv.fr\/?post_type=product&#038;p=917"},"modified":"2025-11-26T12:56:49","modified_gmt":"2025-11-26T12:56:49","slug":"ipvanish-subscription%f0%9f%94%a5","status":"publish","type":"product","link":"https:\/\/dev.muiptv.fr\/fr\/produit\/ipvanish-subscription%f0%9f%94%a5\/","title":{"rendered":"IPVANISH Abonnement\ud83d\udd25"},"content":{"rendered":"<h4><strong>Meilleures caract\u00e9ristiques du VPN IPVanish<\/strong><\/h4>\n<p><strong>Plus de 2 200 serveurs dans plus de 75 sites VPN<\/strong><\/p>\n<p>Nous poss\u00e9dons et exploitons plus de 2 200 serveurs VPN dans plus de 75 emplacements VPN \u00e0 travers le monde, vous donnant un contr\u00f4le total sur votre emplacement en ligne. O\u00f9 que vous soyez dans le monde, une connexion VPN \u00e0 grande vitesse est disponible avec IPVanish.<\/p>\n<p><strong>adresses IP partag\u00e9es<\/strong><\/p>\n<p>Am\u00e9liorez votre anonymat et cachez votre v\u00e9ritable identit\u00e9 et votre emplacement en ligne avec plus de 40 000 adresses IP d'IPVanish. Ces adresses IP sont partag\u00e9es entre les abonn\u00e9s afin qu'aucune activit\u00e9 ne puisse remonter \u00e0 des utilisateurs individuels.<\/p>\n<p><strong>Acc\u00e8s s\u00e9curis\u00e9 aux m\u00e9dias<\/strong><\/p>\n<p>Prot\u00e9gez la confidentialit\u00e9 de votre consommation de m\u00e9dias et acc\u00e9dez en toute s\u00e9curit\u00e9 aux sites web et aux services dont vous avez besoin, quand vous en avez besoin. Explorez le web \u00e0 votre guise sans vous soucier de la s\u00e9curit\u00e9.<\/p>\n<p><strong>Navigation web crypt\u00e9e<\/strong><\/p>\n<p>Prot\u00e9gez votre trafic Internet des espions, des attaques man-in-the-middle, des annonceurs et plus encore avec des normes de cryptage avanc\u00e9es. Les connexions VPN d'IPVanish vous aident \u00e0 prot\u00e9ger votre trafic personnel pour s\u00e9curiser votre connexion r\u00e9seau.<\/p>\n<p><strong>Journal z\u00e9ro, certifi\u00e9<\/strong><\/p>\n<p>Chez IPVanish, nous accordons une grande importance \u00e0 la confidentialit\u00e9. C'est pourquoi nous ne surveillons ni n'enregistrons jamais vos activit\u00e9s lorsque vous utilisez notre service VPN. Notre politique de z\u00e9ro journal, v\u00e9rifi\u00e9e de fa\u00e7on ind\u00e9pendante, garantit que le trafic Internet n'est jamais enregistr\u00e9 par nos applications VPN. Personne ne pourra voir votre activit\u00e9 en ligne avec le VPN, pas m\u00eame IPVanish.<\/p>\n<p><strong>Navigation \u00e0 large bande<\/strong><\/p>\n<p>Profitez de tous les avantages du VPN sans sacrifier la vitesse. Notre service VPN a \u00e9t\u00e9 con\u00e7u pour fournir les connexions les plus rapides possibles, et maintenant il est plus rapide que jamais avec WireGuard\u00ae VPN.<\/p>\n<h2><strong>D\u00e9tails<\/strong>:<\/h2>\n<p>\u2705 Compte : IPVANISH\/ Compte (Email et mot de passe).<\/p>\n<p>\u2705 Plus de 2 200 serveurs dans plus de 75 emplacements VPN<\/p>\n<p>Acc\u00e8s s\u00e9curis\u00e9 aux m\u00e9dias<\/p>\n<p>\u2705 Navigation web crypt\u00e9e<\/p>\n<p>\u2705 Journal z\u00e9ro, certifi\u00e9<\/p>\n<p>\u2705 Navigation \u00e0 large bande<\/p>\n<p>\u2705 Fonctionne sur : PC + Mobile + Smart TV, etc.<\/p>\n<p>\u2705Garantie pour les biens achet\u00e9s pendant la p\u00e9riode d'abonnement.<\/p>\n<p>&nbsp;<\/p>","protected":false},"excerpt":{"rendered":"<p>Les VPN offrent de nombreux avantages pour l'utilisation quotidienne d'Internet. Mais les trois principaux avantages d'un VPN sont la confidentialit\u00e9, la s\u00e9curit\u00e9 et la libert\u00e9 en ligne.<\/p>\n<p>\u2705 Confidentialit\u00e9<br \/>\n\u2705 S\u00e9curit\u00e9<br \/>\n\u2705 Feedom online<br \/>\n\u2705 Fonctionne sur : PC + Mobile + Smart TV, etc.<br \/>\n\u2705 Garantie pour les biens achet\u00e9s pendant la p\u00e9riode d'abonnement.<\/p>","protected":false},"featured_media":3058,"comment_status":"open","ping_status":"closed","template":"","meta":[],"product_brand":[],"product_cat":[25],"product_tag":[],"class_list":{"0":"post-917","1":"product","2":"type-product","3":"status-publish","4":"has-post-thumbnail","6":"product_cat-activation-apps","8":"first","9":"outofstock","10":"shipping-taxable","11":"purchasable","12":"product-type-variable","13":"has-default-attributes"},"yoast_head":"<!-- This site is optimized with the Yoast SEO plugin v26.4 - https:\/\/yoast.com\/wordpress\/plugins\/seo\/ -->\n<title>IPVANISH Subscription\ud83d\udd25 - Dev MuIptv<\/title>\n<meta name=\"robots\" content=\"noindex, follow, max-snippet:-1, max-image-preview:large, max-video-preview:-1\" \/>\n<meta property=\"og:locale\" content=\"fr_FR\" \/>\n<meta property=\"og:type\" content=\"article\" \/>\n<meta property=\"og:title\" content=\"IPVANISH Subscription\ud83d\udd25 - Dev MuIptv\" \/>\n<meta property=\"og:description\" content=\"VPNs offer many advantages for daily Internet use. But the three main advantages of VPN are privacy, security and online freedom.  \u2705 Confidentiality \u2705 Security \u2705 Feedom online \u2705 Works on: PC + Mobile + Smart TV, etc.. \u2705 Warranty for goods purchased throughout the subscription period.\" \/>\n<meta property=\"og:url\" content=\"https:\/\/dev.muiptv.fr\/fr\/produit\/ipvanish-subscription\ud83d\udd25\/\" \/>\n<meta property=\"og:site_name\" content=\"Dev MuIptv\" \/>\n<meta property=\"article:modified_time\" content=\"2025-11-26T12:56:49+00:00\" \/>\n<meta property=\"og:image\" content=\"https:\/\/dev.muiptv.fr\/wp-content\/uploads\/2023\/09\/IPVANISH.png\" \/>\n\t<meta property=\"og:image:width\" content=\"452\" \/>\n\t<meta property=\"og:image:height\" content=\"452\" \/>\n\t<meta property=\"og:image:type\" content=\"image\/png\" \/>\n<meta name=\"twitter:card\" content=\"summary_large_image\" \/>\n<meta name=\"twitter:label1\" content=\"Dur\u00e9e de lecture estim\u00e9e\" \/>\n\t<meta name=\"twitter:data1\" content=\"2 minutes\" \/>\n<script type=\"application\/ld+json\" class=\"yoast-schema-graph\">{\"@context\":\"https:\/\/schema.org\",\"@graph\":[{\"@type\":\"WebPage\",\"@id\":\"https:\/\/dev.muiptv.fr\/product\/ipvanish-subscription%f0%9f%94%a5\/\",\"url\":\"https:\/\/dev.muiptv.fr\/product\/ipvanish-subscription%f0%9f%94%a5\/\",\"name\":\"IPVANISH Subscription\ud83d\udd25 - Dev MuIptv\",\"isPartOf\":{\"@id\":\"https:\/\/muiptv.com\/#website\"},\"primaryImageOfPage\":{\"@id\":\"https:\/\/dev.muiptv.fr\/product\/ipvanish-subscription%f0%9f%94%a5\/#primaryimage\"},\"image\":{\"@id\":\"https:\/\/dev.muiptv.fr\/product\/ipvanish-subscription%f0%9f%94%a5\/#primaryimage\"},\"thumbnailUrl\":\"https:\/\/dev.muiptv.fr\/wp-content\/uploads\/2023\/09\/IPVANISH.png\",\"datePublished\":\"2023-09-12T19:14:07+00:00\",\"dateModified\":\"2025-11-26T12:56:49+00:00\",\"breadcrumb\":{\"@id\":\"https:\/\/dev.muiptv.fr\/product\/ipvanish-subscription%f0%9f%94%a5\/#breadcrumb\"},\"inLanguage\":\"fr-FR\",\"potentialAction\":[{\"@type\":\"ReadAction\",\"target\":[\"https:\/\/dev.muiptv.fr\/product\/ipvanish-subscription%f0%9f%94%a5\/\"]}]},{\"@type\":\"ImageObject\",\"inLanguage\":\"fr-FR\",\"@id\":\"https:\/\/dev.muiptv.fr\/product\/ipvanish-subscription%f0%9f%94%a5\/#primaryimage\",\"url\":\"https:\/\/dev.muiptv.fr\/wp-content\/uploads\/2023\/09\/IPVANISH.png\",\"contentUrl\":\"https:\/\/dev.muiptv.fr\/wp-content\/uploads\/2023\/09\/IPVANISH.png\",\"width\":452,\"height\":452},{\"@type\":\"BreadcrumbList\",\"@id\":\"https:\/\/dev.muiptv.fr\/product\/ipvanish-subscription%f0%9f%94%a5\/#breadcrumb\",\"itemListElement\":[{\"@type\":\"ListItem\",\"position\":1,\"name\":\"Home\",\"item\":\"https:\/\/dev.muiptv.fr\/\"},{\"@type\":\"ListItem\",\"position\":2,\"name\":\"Shop\",\"item\":\"https:\/\/muiptv.com\/shop\/\"},{\"@type\":\"ListItem\",\"position\":3,\"name\":\"IPVANISH Subscription\ud83d\udd25\"}]},{\"@type\":\"WebSite\",\"@id\":\"https:\/\/muiptv.com\/#website\",\"url\":\"https:\/\/muiptv.com\/\",\"name\":\"Dev MuIptv\",\"description\":\"\",\"publisher\":{\"@id\":\"https:\/\/muiptv.com\/#organization\"},\"potentialAction\":[{\"@type\":\"SearchAction\",\"target\":{\"@type\":\"EntryPoint\",\"urlTemplate\":\"https:\/\/muiptv.com\/?s={search_term_string}\"},\"query-input\":{\"@type\":\"PropertyValueSpecification\",\"valueRequired\":true,\"valueName\":\"search_term_string\"}}],\"inLanguage\":\"fr-FR\"},{\"@type\":\"Organization\",\"@id\":\"https:\/\/muiptv.com\/#organization\",\"name\":\"Dev MuIptv\",\"url\":\"https:\/\/muiptv.com\/\",\"logo\":{\"@type\":\"ImageObject\",\"inLanguage\":\"fr-FR\",\"@id\":\"https:\/\/muiptv.com\/#\/schema\/logo\/image\/\",\"url\":\"https:\/\/dev.muiptv.fr\/wp-content\/uploads\/2023\/09\/logo-png.png\",\"contentUrl\":\"https:\/\/dev.muiptv.fr\/wp-content\/uploads\/2023\/09\/logo-png.png\",\"width\":717,\"height\":228,\"caption\":\"Dev MuIptv\"},\"image\":{\"@id\":\"https:\/\/muiptv.com\/#\/schema\/logo\/image\/\"}}]}<\/script>\n<!-- \/ Yoast SEO plugin. -->","yoast_head_json":{"title":"IPVANISH Subscription\ud83d\udd25 - Dev MuIptv","robots":{"index":"noindex","follow":"follow","max-snippet":"max-snippet:-1","max-image-preview":"max-image-preview:large","max-video-preview":"max-video-preview:-1"},"og_locale":"fr_FR","og_type":"article","og_title":"IPVANISH Subscription\ud83d\udd25 - Dev MuIptv","og_description":"VPNs offer many advantages for daily Internet use. But the three main advantages of VPN are privacy, security and online freedom.  \u2705 Confidentiality \u2705 Security \u2705 Feedom online \u2705 Works on: PC + Mobile + Smart TV, etc.. \u2705 Warranty for goods purchased throughout the subscription period.","og_url":"https:\/\/dev.muiptv.fr\/fr\/produit\/ipvanish-subscription\ud83d\udd25\/","og_site_name":"Dev MuIptv","article_modified_time":"2025-11-26T12:56:49+00:00","og_image":[{"width":452,"height":452,"url":"https:\/\/dev.muiptv.fr\/wp-content\/uploads\/2023\/09\/IPVANISH.png","type":"image\/png"}],"twitter_card":"summary_large_image","twitter_misc":{"Dur\u00e9e de lecture estim\u00e9e":"2 minutes"},"schema":{"@context":"https:\/\/schema.org","@graph":[{"@type":"WebPage","@id":"https:\/\/dev.muiptv.fr\/product\/ipvanish-subscription%f0%9f%94%a5\/","url":"https:\/\/dev.muiptv.fr\/product\/ipvanish-subscription%f0%9f%94%a5\/","name":"IPVANISH Subscription\ud83d\udd25 - Dev MuIptv","isPartOf":{"@id":"https:\/\/muiptv.com\/#website"},"primaryImageOfPage":{"@id":"https:\/\/dev.muiptv.fr\/product\/ipvanish-subscription%f0%9f%94%a5\/#primaryimage"},"image":{"@id":"https:\/\/dev.muiptv.fr\/product\/ipvanish-subscription%f0%9f%94%a5\/#primaryimage"},"thumbnailUrl":"https:\/\/dev.muiptv.fr\/wp-content\/uploads\/2023\/09\/IPVANISH.png","datePublished":"2023-09-12T19:14:07+00:00","dateModified":"2025-11-26T12:56:49+00:00","breadcrumb":{"@id":"https:\/\/dev.muiptv.fr\/product\/ipvanish-subscription%f0%9f%94%a5\/#breadcrumb"},"inLanguage":"fr-FR","potentialAction":[{"@type":"ReadAction","target":["https:\/\/dev.muiptv.fr\/product\/ipvanish-subscription%f0%9f%94%a5\/"]}]},{"@type":"ImageObject","inLanguage":"fr-FR","@id":"https:\/\/dev.muiptv.fr\/product\/ipvanish-subscription%f0%9f%94%a5\/#primaryimage","url":"https:\/\/dev.muiptv.fr\/wp-content\/uploads\/2023\/09\/IPVANISH.png","contentUrl":"https:\/\/dev.muiptv.fr\/wp-content\/uploads\/2023\/09\/IPVANISH.png","width":452,"height":452},{"@type":"BreadcrumbList","@id":"https:\/\/dev.muiptv.fr\/product\/ipvanish-subscription%f0%9f%94%a5\/#breadcrumb","itemListElement":[{"@type":"ListItem","position":1,"name":"Home","item":"https:\/\/dev.muiptv.fr\/"},{"@type":"ListItem","position":2,"name":"Shop","item":"https:\/\/muiptv.com\/shop\/"},{"@type":"ListItem","position":3,"name":"IPVANISH Subscription\ud83d\udd25"}]},{"@type":"WebSite","@id":"https:\/\/muiptv.com\/#website","url":"https:\/\/muiptv.com\/","name":"Dev MuIptv","description":"","publisher":{"@id":"https:\/\/muiptv.com\/#organization"},"potentialAction":[{"@type":"SearchAction","target":{"@type":"EntryPoint","urlTemplate":"https:\/\/muiptv.com\/?s={search_term_string}"},"query-input":{"@type":"PropertyValueSpecification","valueRequired":true,"valueName":"search_term_string"}}],"inLanguage":"fr-FR"},{"@type":"Organization","@id":"https:\/\/muiptv.com\/#organization","name":"Dev MuIptv","url":"https:\/\/muiptv.com\/","logo":{"@type":"ImageObject","inLanguage":"fr-FR","@id":"https:\/\/muiptv.com\/#\/schema\/logo\/image\/","url":"https:\/\/dev.muiptv.fr\/wp-content\/uploads\/2023\/09\/logo-png.png","contentUrl":"https:\/\/dev.muiptv.fr\/wp-content\/uploads\/2023\/09\/logo-png.png","width":717,"height":228,"caption":"Dev MuIptv"},"image":{"@id":"https:\/\/muiptv.com\/#\/schema\/logo\/image\/"}}]}},"jetpack_sharing_enabled":true,"_links":{"self":[{"href":"https:\/\/dev.muiptv.fr\/fr\/wp-json\/wp\/v2\/product\/917","targetHints":{"allow":["GET"]}}],"collection":[{"href":"https:\/\/dev.muiptv.fr\/fr\/wp-json\/wp\/v2\/product"}],"about":[{"href":"https:\/\/dev.muiptv.fr\/fr\/wp-json\/wp\/v2\/types\/product"}],"replies":[{"embeddable":true,"href":"https:\/\/dev.muiptv.fr\/fr\/wp-json\/wp\/v2\/comments?post=917"}],"wp:featuredmedia":[{"embeddable":true,"href":"https:\/\/dev.muiptv.fr\/fr\/wp-json\/wp\/v2\/media\/3058"}],"wp:attachment":[{"href":"https:\/\/dev.muiptv.fr\/fr\/wp-json\/wp\/v2\/media?parent=917"}],"wp:term":[{"taxonomy":"product_brand","embeddable":true,"href":"https:\/\/dev.muiptv.fr\/fr\/wp-json\/wp\/v2\/product_brand?post=917"},{"taxonomy":"product_cat","embeddable":true,"href":"https:\/\/dev.muiptv.fr\/fr\/wp-json\/wp\/v2\/product_cat?post=917"},{"taxonomy":"product_tag","embeddable":true,"href":"https:\/\/dev.muiptv.fr\/fr\/wp-json\/wp\/v2\/product_tag?post=917"}],"curies":[{"name":"wp","href":"https:\/\/api.w.org\/{rel}","templated":true}]}}