{"id":914,"date":"2023-09-12T20:14:07","date_gmt":"2023-09-12T19:14:07","guid":{"rendered":"https:\/\/dev.muiptv.fr\/?post_type=product&#038;p=914"},"modified":"2025-11-26T12:54:52","modified_gmt":"2025-11-26T12:54:52","slug":"nordvpn-subscription%f0%9f%94%a5","status":"publish","type":"product","link":"https:\/\/dev.muiptv.fr\/fr\/produit\/nordvpn-subscription%f0%9f%94%a5\/","title":{"rendered":"Abonnement NordVPN\ud83d\udd25"},"content":{"rendered":"<p>Nos donn\u00e9es en ligne parcourent de longues distances et passent par diff\u00e9rents serveurs lorsque nous surfons sur le web. Elles comprennent m\u00eame nos donn\u00e9es les plus personnelles, comme les messages priv\u00e9s, les mots de passe, les informations financi\u00e8res, etc.<\/p>\n<p>Si elles ne sont pas crypt\u00e9es, des tiers, comme votre fournisseur d'acc\u00e8s \u00e0 internet, des fonctionnaires ou des cybercriminels, peuvent y acc\u00e9der et les utiliser contre vous. Le risque est particuli\u00e8rement \u00e9lev\u00e9 lorsque vous utilisez des r\u00e9seaux Wi-Fi publics non s\u00e9curis\u00e9s, qui sont des terrains fertiles pour les pirates.<\/p>\n<p>Le VPN peut vous y aider. Il crypte votre trafic afin que personne ne puisse voir ce que vous faites ou ce \u00e0 quoi vous acc\u00e9dez en ligne. Les fournisseurs de VPN haut de gamme utilisent des algorithmes de cryptage de premier ordre, offrant une s\u00e9curit\u00e9 de haute qualit\u00e9 et une meilleure protection de la vie priv\u00e9e en ligne.<\/p>\n<p>NordVPN dispose \u00e9galement d'une fonction de protection contre les menaces. La protection contre les menaces rend votre navigation plus s\u00fbre et plus fluide. Elle vous aide \u00e0 identifier les fichiers contenant des logiciels malveillants, vous emp\u00eache d'atterrir sur des sites web malveillants et bloque les traqueurs et les publicit\u00e9s intrusives sur-le-champ.<\/p>\n<h2><strong>D\u00e9tails<\/strong>:<\/h2>\n<p>\u2705 Compte : NordVPN\/ Compte (Email et mot de passe).<\/p>\n<p>\u2705 facilit\u00e9 d'utilisation<\/p>\n<p>Protocole domestique NordLynx ultra rapide<\/p>\n<p>\u2705 <span class=\"s1\">Fonctionne avec les torrents<\/span><\/p>\n<p>\u2705 Plus de 5400 serveurs dans le monde entier<\/p>\n<p>\u2705 Pr\u00e9sent dans 59 pays<\/p>\n<p>Fonction double VPN<\/p>\n<p>\u2705 Fonctionne sur : PC + Mobile + Smart TV, etc.<\/p>\n<p>\u2705Garantie pour les biens achet\u00e9s pendant la p\u00e9riode d'abonnement.<\/p>","protected":false},"excerpt":{"rendered":"<p>Prot\u00e9gez-vous en ligne tous les jours, o\u00f9 que vous soyez. Acc\u00e9dez en toute s\u00e9curit\u00e9 aux applications, aux sites web et aux divertissements.<\/p>\n<p>\u2705 facilit\u00e9 d'utilisation<br \/>\nProtocole domestique NordLynx ultra rapide<br \/>\n\u2705 Plus de 5400 serveurs dans le monde entier<br \/>\n\u2705 Fonctionne sur : PC + Mobile + Smart TV, etc.<br \/>\n\u2705 Garantie pour les biens achet\u00e9s pendant la p\u00e9riode d'abonnement.<\/p>","protected":false},"featured_media":3057,"comment_status":"open","ping_status":"closed","template":"","meta":[],"product_brand":[],"product_cat":[25],"product_tag":[],"class_list":{"0":"post-914","1":"product","2":"type-product","3":"status-publish","4":"has-post-thumbnail","6":"product_cat-activation-apps","8":"first","9":"instock","10":"sold-individually","11":"shipping-taxable","12":"purchasable","13":"product-type-variable","14":"has-default-attributes"},"yoast_head":"<!-- This site is optimized with the Yoast SEO plugin v26.4 - https:\/\/yoast.com\/wordpress\/plugins\/seo\/ -->\n<title>NordVPN Subscription\ud83d\udd25 - Dev MuIptv<\/title>\n<meta name=\"robots\" content=\"noindex, follow, max-snippet:-1, max-image-preview:large, max-video-preview:-1\" \/>\n<meta property=\"og:locale\" content=\"fr_FR\" \/>\n<meta property=\"og:type\" content=\"article\" \/>\n<meta property=\"og:title\" content=\"NordVPN Subscription\ud83d\udd25 - Dev MuIptv\" \/>\n<meta property=\"og:description\" content=\"Protect yourself online every day, wherever you are. Securely access apps, websites and entertainment.  \u2705 ease of use \u2705 Ultra fast NordLynx home protocol \u2705 More than 5400 servers worldwide \u2705 Works on: PC + Mobile + Smart TV, etc.. \u2705 Warranty for goods purchased throughout the subscription period.\" \/>\n<meta property=\"og:url\" content=\"https:\/\/dev.muiptv.fr\/fr\/produit\/nordvpn-subscription\ud83d\udd25\/\" \/>\n<meta property=\"og:site_name\" content=\"Dev MuIptv\" \/>\n<meta property=\"article:modified_time\" content=\"2025-11-26T12:54:52+00:00\" \/>\n<meta property=\"og:image\" content=\"https:\/\/dev.muiptv.fr\/wp-content\/uploads\/2023\/09\/NordVPN.png\" \/>\n\t<meta property=\"og:image:width\" content=\"452\" \/>\n\t<meta property=\"og:image:height\" content=\"452\" \/>\n\t<meta property=\"og:image:type\" content=\"image\/png\" \/>\n<meta name=\"twitter:card\" content=\"summary_large_image\" \/>\n<meta name=\"twitter:label1\" content=\"Dur\u00e9e de lecture estim\u00e9e\" \/>\n\t<meta name=\"twitter:data1\" content=\"1 minute\" \/>\n<script type=\"application\/ld+json\" class=\"yoast-schema-graph\">{\"@context\":\"https:\/\/schema.org\",\"@graph\":[{\"@type\":\"WebPage\",\"@id\":\"https:\/\/dev.muiptv.fr\/product\/nordvpn-subscription%f0%9f%94%a5\/\",\"url\":\"https:\/\/dev.muiptv.fr\/product\/nordvpn-subscription%f0%9f%94%a5\/\",\"name\":\"NordVPN Subscription\ud83d\udd25 - Dev MuIptv\",\"isPartOf\":{\"@id\":\"https:\/\/muiptv.com\/#website\"},\"primaryImageOfPage\":{\"@id\":\"https:\/\/dev.muiptv.fr\/product\/nordvpn-subscription%f0%9f%94%a5\/#primaryimage\"},\"image\":{\"@id\":\"https:\/\/dev.muiptv.fr\/product\/nordvpn-subscription%f0%9f%94%a5\/#primaryimage\"},\"thumbnailUrl\":\"https:\/\/dev.muiptv.fr\/wp-content\/uploads\/2023\/09\/NordVPN.png\",\"datePublished\":\"2023-09-12T19:14:07+00:00\",\"dateModified\":\"2025-11-26T12:54:52+00:00\",\"breadcrumb\":{\"@id\":\"https:\/\/dev.muiptv.fr\/product\/nordvpn-subscription%f0%9f%94%a5\/#breadcrumb\"},\"inLanguage\":\"fr-FR\",\"potentialAction\":[{\"@type\":\"ReadAction\",\"target\":[\"https:\/\/dev.muiptv.fr\/product\/nordvpn-subscription%f0%9f%94%a5\/\"]}]},{\"@type\":\"ImageObject\",\"inLanguage\":\"fr-FR\",\"@id\":\"https:\/\/dev.muiptv.fr\/product\/nordvpn-subscription%f0%9f%94%a5\/#primaryimage\",\"url\":\"https:\/\/dev.muiptv.fr\/wp-content\/uploads\/2023\/09\/NordVPN.png\",\"contentUrl\":\"https:\/\/dev.muiptv.fr\/wp-content\/uploads\/2023\/09\/NordVPN.png\",\"width\":452,\"height\":452},{\"@type\":\"BreadcrumbList\",\"@id\":\"https:\/\/dev.muiptv.fr\/product\/nordvpn-subscription%f0%9f%94%a5\/#breadcrumb\",\"itemListElement\":[{\"@type\":\"ListItem\",\"position\":1,\"name\":\"Home\",\"item\":\"https:\/\/dev.muiptv.fr\/\"},{\"@type\":\"ListItem\",\"position\":2,\"name\":\"Shop\",\"item\":\"https:\/\/muiptv.com\/shop\/\"},{\"@type\":\"ListItem\",\"position\":3,\"name\":\"NordVPN Subscription\ud83d\udd25\"}]},{\"@type\":\"WebSite\",\"@id\":\"https:\/\/muiptv.com\/#website\",\"url\":\"https:\/\/muiptv.com\/\",\"name\":\"Dev MuIptv\",\"description\":\"\",\"publisher\":{\"@id\":\"https:\/\/muiptv.com\/#organization\"},\"potentialAction\":[{\"@type\":\"SearchAction\",\"target\":{\"@type\":\"EntryPoint\",\"urlTemplate\":\"https:\/\/muiptv.com\/?s={search_term_string}\"},\"query-input\":{\"@type\":\"PropertyValueSpecification\",\"valueRequired\":true,\"valueName\":\"search_term_string\"}}],\"inLanguage\":\"fr-FR\"},{\"@type\":\"Organization\",\"@id\":\"https:\/\/muiptv.com\/#organization\",\"name\":\"Dev MuIptv\",\"url\":\"https:\/\/muiptv.com\/\",\"logo\":{\"@type\":\"ImageObject\",\"inLanguage\":\"fr-FR\",\"@id\":\"https:\/\/muiptv.com\/#\/schema\/logo\/image\/\",\"url\":\"https:\/\/dev.muiptv.fr\/wp-content\/uploads\/2023\/09\/logo-png.png\",\"contentUrl\":\"https:\/\/dev.muiptv.fr\/wp-content\/uploads\/2023\/09\/logo-png.png\",\"width\":717,\"height\":228,\"caption\":\"Dev MuIptv\"},\"image\":{\"@id\":\"https:\/\/muiptv.com\/#\/schema\/logo\/image\/\"}}]}<\/script>\n<!-- \/ Yoast SEO plugin. -->","yoast_head_json":{"title":"NordVPN Subscription\ud83d\udd25 - Dev MuIptv","robots":{"index":"noindex","follow":"follow","max-snippet":"max-snippet:-1","max-image-preview":"max-image-preview:large","max-video-preview":"max-video-preview:-1"},"og_locale":"fr_FR","og_type":"article","og_title":"NordVPN Subscription\ud83d\udd25 - Dev MuIptv","og_description":"Protect yourself online every day, wherever you are. Securely access apps, websites and entertainment.  \u2705 ease of use \u2705 Ultra fast NordLynx home protocol \u2705 More than 5400 servers worldwide \u2705 Works on: PC + Mobile + Smart TV, etc.. \u2705 Warranty for goods purchased throughout the subscription period.","og_url":"https:\/\/dev.muiptv.fr\/fr\/produit\/nordvpn-subscription\ud83d\udd25\/","og_site_name":"Dev MuIptv","article_modified_time":"2025-11-26T12:54:52+00:00","og_image":[{"width":452,"height":452,"url":"https:\/\/dev.muiptv.fr\/wp-content\/uploads\/2023\/09\/NordVPN.png","type":"image\/png"}],"twitter_card":"summary_large_image","twitter_misc":{"Dur\u00e9e de lecture estim\u00e9e":"1 minute"},"schema":{"@context":"https:\/\/schema.org","@graph":[{"@type":"WebPage","@id":"https:\/\/dev.muiptv.fr\/product\/nordvpn-subscription%f0%9f%94%a5\/","url":"https:\/\/dev.muiptv.fr\/product\/nordvpn-subscription%f0%9f%94%a5\/","name":"NordVPN Subscription\ud83d\udd25 - Dev MuIptv","isPartOf":{"@id":"https:\/\/muiptv.com\/#website"},"primaryImageOfPage":{"@id":"https:\/\/dev.muiptv.fr\/product\/nordvpn-subscription%f0%9f%94%a5\/#primaryimage"},"image":{"@id":"https:\/\/dev.muiptv.fr\/product\/nordvpn-subscription%f0%9f%94%a5\/#primaryimage"},"thumbnailUrl":"https:\/\/dev.muiptv.fr\/wp-content\/uploads\/2023\/09\/NordVPN.png","datePublished":"2023-09-12T19:14:07+00:00","dateModified":"2025-11-26T12:54:52+00:00","breadcrumb":{"@id":"https:\/\/dev.muiptv.fr\/product\/nordvpn-subscription%f0%9f%94%a5\/#breadcrumb"},"inLanguage":"fr-FR","potentialAction":[{"@type":"ReadAction","target":["https:\/\/dev.muiptv.fr\/product\/nordvpn-subscription%f0%9f%94%a5\/"]}]},{"@type":"ImageObject","inLanguage":"fr-FR","@id":"https:\/\/dev.muiptv.fr\/product\/nordvpn-subscription%f0%9f%94%a5\/#primaryimage","url":"https:\/\/dev.muiptv.fr\/wp-content\/uploads\/2023\/09\/NordVPN.png","contentUrl":"https:\/\/dev.muiptv.fr\/wp-content\/uploads\/2023\/09\/NordVPN.png","width":452,"height":452},{"@type":"BreadcrumbList","@id":"https:\/\/dev.muiptv.fr\/product\/nordvpn-subscription%f0%9f%94%a5\/#breadcrumb","itemListElement":[{"@type":"ListItem","position":1,"name":"Home","item":"https:\/\/dev.muiptv.fr\/"},{"@type":"ListItem","position":2,"name":"Shop","item":"https:\/\/muiptv.com\/shop\/"},{"@type":"ListItem","position":3,"name":"NordVPN Subscription\ud83d\udd25"}]},{"@type":"WebSite","@id":"https:\/\/muiptv.com\/#website","url":"https:\/\/muiptv.com\/","name":"Dev MuIptv","description":"","publisher":{"@id":"https:\/\/muiptv.com\/#organization"},"potentialAction":[{"@type":"SearchAction","target":{"@type":"EntryPoint","urlTemplate":"https:\/\/muiptv.com\/?s={search_term_string}"},"query-input":{"@type":"PropertyValueSpecification","valueRequired":true,"valueName":"search_term_string"}}],"inLanguage":"fr-FR"},{"@type":"Organization","@id":"https:\/\/muiptv.com\/#organization","name":"Dev MuIptv","url":"https:\/\/muiptv.com\/","logo":{"@type":"ImageObject","inLanguage":"fr-FR","@id":"https:\/\/muiptv.com\/#\/schema\/logo\/image\/","url":"https:\/\/dev.muiptv.fr\/wp-content\/uploads\/2023\/09\/logo-png.png","contentUrl":"https:\/\/dev.muiptv.fr\/wp-content\/uploads\/2023\/09\/logo-png.png","width":717,"height":228,"caption":"Dev MuIptv"},"image":{"@id":"https:\/\/muiptv.com\/#\/schema\/logo\/image\/"}}]}},"jetpack_sharing_enabled":true,"_links":{"self":[{"href":"https:\/\/dev.muiptv.fr\/fr\/wp-json\/wp\/v2\/product\/914","targetHints":{"allow":["GET"]}}],"collection":[{"href":"https:\/\/dev.muiptv.fr\/fr\/wp-json\/wp\/v2\/product"}],"about":[{"href":"https:\/\/dev.muiptv.fr\/fr\/wp-json\/wp\/v2\/types\/product"}],"replies":[{"embeddable":true,"href":"https:\/\/dev.muiptv.fr\/fr\/wp-json\/wp\/v2\/comments?post=914"}],"wp:featuredmedia":[{"embeddable":true,"href":"https:\/\/dev.muiptv.fr\/fr\/wp-json\/wp\/v2\/media\/3057"}],"wp:attachment":[{"href":"https:\/\/dev.muiptv.fr\/fr\/wp-json\/wp\/v2\/media?parent=914"}],"wp:term":[{"taxonomy":"product_brand","embeddable":true,"href":"https:\/\/dev.muiptv.fr\/fr\/wp-json\/wp\/v2\/product_brand?post=914"},{"taxonomy":"product_cat","embeddable":true,"href":"https:\/\/dev.muiptv.fr\/fr\/wp-json\/wp\/v2\/product_cat?post=914"},{"taxonomy":"product_tag","embeddable":true,"href":"https:\/\/dev.muiptv.fr\/fr\/wp-json\/wp\/v2\/product_tag?post=914"}],"curies":[{"name":"wp","href":"https:\/\/api.w.org\/{rel}","templated":true}]}}