{"id":897,"date":"2023-09-12T20:13:59","date_gmt":"2023-09-12T19:13:59","guid":{"rendered":"https:\/\/dev.muiptv.fr\/?post_type=product&#038;p=897"},"modified":"2025-11-26T14:59:17","modified_gmt":"2025-11-26T14:59:17","slug":"apple-tv-subscription%f0%9f%94%a5","status":"publish","type":"product","link":"https:\/\/dev.muiptv.fr\/fr\/produit\/apple-tv-subscription%f0%9f%94%a5\/","title":{"rendered":"Abonnement Apple Tv+\ud83d\udd25"},"content":{"rendered":"<h4><strong>Qu'est-ce que Apple Tv+ ?<\/strong><\/h4>\n<p><strong>Apple TV+<\/strong> est un service de SVOD appartenant au g\u00e9ant am\u00e9ricain Apple. Il a \u00e9t\u00e9 lanc\u00e9 le 1er novembre 2019 dans plus de 100 pays, dont la France. L'Apple TV Plus cherche \u00e0 devenir un v\u00e9ritable concurrent de Netflix et des autres services de streaming.<\/p>\n<p>La premi\u00e8re chose \u00e0 savoir est que contrairement aux services concurrents, qui s'appuient sur des productions originales et un large back catalogue pour remplir leurs diff\u00e9rentes cat\u00e9gories, Apple ne propose que des films et des s\u00e9ries exclusives. \u00c9videmment, au premier abord, on a l'impression d'un contenu tr\u00e8s limit\u00e9.<\/p>\n<p>Pourtant, l'Apple TV+ a de belles cartes \u00e0 jouer pour se d\u00e9marquer sur le march\u00e9 d\u00e9j\u00e0 encombr\u00e9 et de plus en plus cher de la SVoD... Apr\u00e8s un peu plus de deux ans d'existence, il est temps de faire un nouveau point sur ce service.<\/p>\n<h2><strong>D\u00e9tails<\/strong>:<\/h2>\n<p>Compte : Apple tv+\/ Compte priv\u00e9 (Email et mot de passe).<\/p>\n<p>\u2705 La production originale.<\/p>\n<p>\u2705 L'ergonomie de la plateforme.<\/p>\n<p>\u2705 Possibilit\u00e9 de t\u00e9l\u00e9charger du contenu.<\/p>\n<p>\u2705 Fonctionne sur : PC + Mobile + Smart TV, etc.<\/p>\n<p>\u2705Garantie pour les biens achet\u00e9s pendant la p\u00e9riode d'abonnement.<\/p>","protected":false},"excerpt":{"rendered":"<p>\u2705 La production originale.<br \/>\n\u2705 L'ergonomie de la plateforme.<br \/>\n\u2705 Possibilit\u00e9 de t\u00e9l\u00e9charger du contenu.<br \/>\n\u2705 Fonctionne sur : PC + Mobile + Smart TV, etc.<br \/>\n\u2705 Garantie pour les biens achet\u00e9s pendant la p\u00e9riode d'abonnement.<\/p>","protected":false},"featured_media":3028,"comment_status":"open","ping_status":"closed","template":"","meta":[],"product_brand":[],"product_cat":[22],"product_tag":[],"class_list":{"0":"post-897","1":"product","2":"type-product","3":"status-publish","4":"has-post-thumbnail","6":"product_cat-streaming","8":"first","9":"outofstock","10":"sold-individually","11":"shipping-taxable","12":"purchasable","13":"product-type-variable","14":"has-default-attributes"},"yoast_head":"<!-- This site is optimized with the Yoast SEO plugin v26.4 - https:\/\/yoast.com\/wordpress\/plugins\/seo\/ -->\n<title>Apple Tv+ Subscription\ud83d\udd25 - Dev MuIptv<\/title>\n<meta name=\"robots\" content=\"noindex, follow, max-snippet:-1, max-image-preview:large, max-video-preview:-1\" \/>\n<meta property=\"og:locale\" content=\"fr_FR\" \/>\n<meta property=\"og:type\" content=\"article\" \/>\n<meta property=\"og:title\" content=\"Apple Tv+ Subscription\ud83d\udd25 - Dev MuIptv\" \/>\n<meta property=\"og:description\" content=\"\u2705 The original production. \u2705 The ergonomics of the platform. \u2705 Ability to download content. \u2705 Works on: PC + Mobile + Smart TV, etc.. \u2705 Warranty for goods purchased throughout the subscription period.\" \/>\n<meta property=\"og:url\" content=\"https:\/\/dev.muiptv.fr\/fr\/produit\/apple-tv-subscription\ud83d\udd25\/\" \/>\n<meta property=\"og:site_name\" content=\"Dev MuIptv\" \/>\n<meta property=\"article:modified_time\" content=\"2025-11-26T14:59:17+00:00\" \/>\n<meta property=\"og:image\" content=\"https:\/\/dev.muiptv.fr\/wp-content\/uploads\/2023\/09\/Apple-tv.png\" \/>\n\t<meta property=\"og:image:width\" content=\"452\" \/>\n\t<meta property=\"og:image:height\" content=\"452\" \/>\n\t<meta property=\"og:image:type\" content=\"image\/png\" \/>\n<meta name=\"twitter:card\" content=\"summary_large_image\" \/>\n<meta name=\"twitter:label1\" content=\"Dur\u00e9e de lecture estim\u00e9e\" \/>\n\t<meta name=\"twitter:data1\" content=\"1 minute\" \/>\n<script type=\"application\/ld+json\" class=\"yoast-schema-graph\">{\"@context\":\"https:\/\/schema.org\",\"@graph\":[{\"@type\":\"WebPage\",\"@id\":\"https:\/\/dev.muiptv.fr\/product\/apple-tv-subscription%f0%9f%94%a5\/\",\"url\":\"https:\/\/dev.muiptv.fr\/product\/apple-tv-subscription%f0%9f%94%a5\/\",\"name\":\"Apple Tv+ Subscription\ud83d\udd25 - Dev MuIptv\",\"isPartOf\":{\"@id\":\"https:\/\/muiptv.com\/#website\"},\"primaryImageOfPage\":{\"@id\":\"https:\/\/dev.muiptv.fr\/product\/apple-tv-subscription%f0%9f%94%a5\/#primaryimage\"},\"image\":{\"@id\":\"https:\/\/dev.muiptv.fr\/product\/apple-tv-subscription%f0%9f%94%a5\/#primaryimage\"},\"thumbnailUrl\":\"https:\/\/dev.muiptv.fr\/wp-content\/uploads\/2023\/09\/Apple-tv.png\",\"datePublished\":\"2023-09-12T19:13:59+00:00\",\"dateModified\":\"2025-11-26T14:59:17+00:00\",\"breadcrumb\":{\"@id\":\"https:\/\/dev.muiptv.fr\/product\/apple-tv-subscription%f0%9f%94%a5\/#breadcrumb\"},\"inLanguage\":\"fr-FR\",\"potentialAction\":[{\"@type\":\"ReadAction\",\"target\":[\"https:\/\/dev.muiptv.fr\/product\/apple-tv-subscription%f0%9f%94%a5\/\"]}]},{\"@type\":\"ImageObject\",\"inLanguage\":\"fr-FR\",\"@id\":\"https:\/\/dev.muiptv.fr\/product\/apple-tv-subscription%f0%9f%94%a5\/#primaryimage\",\"url\":\"https:\/\/dev.muiptv.fr\/wp-content\/uploads\/2023\/09\/Apple-tv.png\",\"contentUrl\":\"https:\/\/dev.muiptv.fr\/wp-content\/uploads\/2023\/09\/Apple-tv.png\",\"width\":452,\"height\":452},{\"@type\":\"BreadcrumbList\",\"@id\":\"https:\/\/dev.muiptv.fr\/product\/apple-tv-subscription%f0%9f%94%a5\/#breadcrumb\",\"itemListElement\":[{\"@type\":\"ListItem\",\"position\":1,\"name\":\"Home\",\"item\":\"https:\/\/dev.muiptv.fr\/\"},{\"@type\":\"ListItem\",\"position\":2,\"name\":\"Shop\",\"item\":\"https:\/\/muiptv.com\/shop\/\"},{\"@type\":\"ListItem\",\"position\":3,\"name\":\"Apple Tv+ Subscription\ud83d\udd25\"}]},{\"@type\":\"WebSite\",\"@id\":\"https:\/\/muiptv.com\/#website\",\"url\":\"https:\/\/muiptv.com\/\",\"name\":\"Dev MuIptv\",\"description\":\"\",\"publisher\":{\"@id\":\"https:\/\/muiptv.com\/#organization\"},\"potentialAction\":[{\"@type\":\"SearchAction\",\"target\":{\"@type\":\"EntryPoint\",\"urlTemplate\":\"https:\/\/muiptv.com\/?s={search_term_string}\"},\"query-input\":{\"@type\":\"PropertyValueSpecification\",\"valueRequired\":true,\"valueName\":\"search_term_string\"}}],\"inLanguage\":\"fr-FR\"},{\"@type\":\"Organization\",\"@id\":\"https:\/\/muiptv.com\/#organization\",\"name\":\"Dev MuIptv\",\"url\":\"https:\/\/muiptv.com\/\",\"logo\":{\"@type\":\"ImageObject\",\"inLanguage\":\"fr-FR\",\"@id\":\"https:\/\/muiptv.com\/#\/schema\/logo\/image\/\",\"url\":\"https:\/\/dev.muiptv.fr\/wp-content\/uploads\/2023\/09\/logo-png.png\",\"contentUrl\":\"https:\/\/dev.muiptv.fr\/wp-content\/uploads\/2023\/09\/logo-png.png\",\"width\":717,\"height\":228,\"caption\":\"Dev MuIptv\"},\"image\":{\"@id\":\"https:\/\/muiptv.com\/#\/schema\/logo\/image\/\"}}]}<\/script>\n<!-- \/ Yoast SEO plugin. -->","yoast_head_json":{"title":"Apple Tv+ Subscription\ud83d\udd25 - Dev MuIptv","robots":{"index":"noindex","follow":"follow","max-snippet":"max-snippet:-1","max-image-preview":"max-image-preview:large","max-video-preview":"max-video-preview:-1"},"og_locale":"fr_FR","og_type":"article","og_title":"Apple Tv+ Subscription\ud83d\udd25 - Dev MuIptv","og_description":"\u2705 The original production. \u2705 The ergonomics of the platform. \u2705 Ability to download content. \u2705 Works on: PC + Mobile + Smart TV, etc.. \u2705 Warranty for goods purchased throughout the subscription period.","og_url":"https:\/\/dev.muiptv.fr\/fr\/produit\/apple-tv-subscription\ud83d\udd25\/","og_site_name":"Dev MuIptv","article_modified_time":"2025-11-26T14:59:17+00:00","og_image":[{"width":452,"height":452,"url":"https:\/\/dev.muiptv.fr\/wp-content\/uploads\/2023\/09\/Apple-tv.png","type":"image\/png"}],"twitter_card":"summary_large_image","twitter_misc":{"Dur\u00e9e de lecture estim\u00e9e":"1 minute"},"schema":{"@context":"https:\/\/schema.org","@graph":[{"@type":"WebPage","@id":"https:\/\/dev.muiptv.fr\/product\/apple-tv-subscription%f0%9f%94%a5\/","url":"https:\/\/dev.muiptv.fr\/product\/apple-tv-subscription%f0%9f%94%a5\/","name":"Apple Tv+ Subscription\ud83d\udd25 - Dev MuIptv","isPartOf":{"@id":"https:\/\/muiptv.com\/#website"},"primaryImageOfPage":{"@id":"https:\/\/dev.muiptv.fr\/product\/apple-tv-subscription%f0%9f%94%a5\/#primaryimage"},"image":{"@id":"https:\/\/dev.muiptv.fr\/product\/apple-tv-subscription%f0%9f%94%a5\/#primaryimage"},"thumbnailUrl":"https:\/\/dev.muiptv.fr\/wp-content\/uploads\/2023\/09\/Apple-tv.png","datePublished":"2023-09-12T19:13:59+00:00","dateModified":"2025-11-26T14:59:17+00:00","breadcrumb":{"@id":"https:\/\/dev.muiptv.fr\/product\/apple-tv-subscription%f0%9f%94%a5\/#breadcrumb"},"inLanguage":"fr-FR","potentialAction":[{"@type":"ReadAction","target":["https:\/\/dev.muiptv.fr\/product\/apple-tv-subscription%f0%9f%94%a5\/"]}]},{"@type":"ImageObject","inLanguage":"fr-FR","@id":"https:\/\/dev.muiptv.fr\/product\/apple-tv-subscription%f0%9f%94%a5\/#primaryimage","url":"https:\/\/dev.muiptv.fr\/wp-content\/uploads\/2023\/09\/Apple-tv.png","contentUrl":"https:\/\/dev.muiptv.fr\/wp-content\/uploads\/2023\/09\/Apple-tv.png","width":452,"height":452},{"@type":"BreadcrumbList","@id":"https:\/\/dev.muiptv.fr\/product\/apple-tv-subscription%f0%9f%94%a5\/#breadcrumb","itemListElement":[{"@type":"ListItem","position":1,"name":"Home","item":"https:\/\/dev.muiptv.fr\/"},{"@type":"ListItem","position":2,"name":"Shop","item":"https:\/\/muiptv.com\/shop\/"},{"@type":"ListItem","position":3,"name":"Apple Tv+ Subscription\ud83d\udd25"}]},{"@type":"WebSite","@id":"https:\/\/muiptv.com\/#website","url":"https:\/\/muiptv.com\/","name":"Dev MuIptv","description":"","publisher":{"@id":"https:\/\/muiptv.com\/#organization"},"potentialAction":[{"@type":"SearchAction","target":{"@type":"EntryPoint","urlTemplate":"https:\/\/muiptv.com\/?s={search_term_string}"},"query-input":{"@type":"PropertyValueSpecification","valueRequired":true,"valueName":"search_term_string"}}],"inLanguage":"fr-FR"},{"@type":"Organization","@id":"https:\/\/muiptv.com\/#organization","name":"Dev MuIptv","url":"https:\/\/muiptv.com\/","logo":{"@type":"ImageObject","inLanguage":"fr-FR","@id":"https:\/\/muiptv.com\/#\/schema\/logo\/image\/","url":"https:\/\/dev.muiptv.fr\/wp-content\/uploads\/2023\/09\/logo-png.png","contentUrl":"https:\/\/dev.muiptv.fr\/wp-content\/uploads\/2023\/09\/logo-png.png","width":717,"height":228,"caption":"Dev MuIptv"},"image":{"@id":"https:\/\/muiptv.com\/#\/schema\/logo\/image\/"}}]}},"jetpack_sharing_enabled":true,"_links":{"self":[{"href":"https:\/\/dev.muiptv.fr\/fr\/wp-json\/wp\/v2\/product\/897","targetHints":{"allow":["GET"]}}],"collection":[{"href":"https:\/\/dev.muiptv.fr\/fr\/wp-json\/wp\/v2\/product"}],"about":[{"href":"https:\/\/dev.muiptv.fr\/fr\/wp-json\/wp\/v2\/types\/product"}],"replies":[{"embeddable":true,"href":"https:\/\/dev.muiptv.fr\/fr\/wp-json\/wp\/v2\/comments?post=897"}],"wp:featuredmedia":[{"embeddable":true,"href":"https:\/\/dev.muiptv.fr\/fr\/wp-json\/wp\/v2\/media\/3028"}],"wp:attachment":[{"href":"https:\/\/dev.muiptv.fr\/fr\/wp-json\/wp\/v2\/media?parent=897"}],"wp:term":[{"taxonomy":"product_brand","embeddable":true,"href":"https:\/\/dev.muiptv.fr\/fr\/wp-json\/wp\/v2\/product_brand?post=897"},{"taxonomy":"product_cat","embeddable":true,"href":"https:\/\/dev.muiptv.fr\/fr\/wp-json\/wp\/v2\/product_cat?post=897"},{"taxonomy":"product_tag","embeddable":true,"href":"https:\/\/dev.muiptv.fr\/fr\/wp-json\/wp\/v2\/product_tag?post=897"}],"curies":[{"name":"wp","href":"https:\/\/api.w.org\/{rel}","templated":true}]}}