{"id":896,"date":"2023-09-12T20:13:59","date_gmt":"2023-09-12T19:13:59","guid":{"rendered":"https:\/\/dev.muiptv.fr\/?post_type=product&#038;p=896"},"modified":"2025-11-26T12:24:54","modified_gmt":"2025-11-26T12:24:54","slug":"apple-music-subscription%f0%9f%94%a5","status":"publish","type":"product","link":"https:\/\/dev.muiptv.fr\/fr\/produit\/apple-music-subscription%f0%9f%94%a5\/","title":{"rendered":"Abonnement \u00e0 Apple Music\ud83d\udd25"},"content":{"rendered":"<h4><strong>Qu'est-ce qu'Apple Music ?<\/strong><\/h4>\n<p>Comme l'a dit Tim Cook, le PDG d'Apple, \"Toutes les fa\u00e7ons d'aimer la musique. En un seul endroit\". En d'autres termes, Apple Music est un service de streaming musical qui vous propose d'immenses catalogues pour vous permettre d'appr\u00e9cier la musique plus librement et plus commod\u00e9ment. Il s'agit d'une combinaison de trois \u00e9l\u00e9ments distincts : Apple Music, Apple Music Radio et Apple Music Connect.<\/p>\n<p><strong>Un \u00e9norme catalogue musical pour une d\u00e9couverte facile de la musique<\/strong>: Le catalogue Apple Music compte plus de 100 millions de chansons. Vous pouvez trouver presque toute la musique que vous voulez dans Apple Music. Avec une telle quantit\u00e9 de chansons, nombreux sont ceux qui se demandent comment trouver celle qu'ils veulent. Ne vous inqui\u00e9tez pas, la section \"Pour vous\" de l'application apprend \u00e0 conna\u00eetre vos pr\u00e9f\u00e9rences et g\u00e9n\u00e8re des recommandations d'experts qui connaissent et aiment la musique en fonction de ce que vous \u00e9coutez habituellement.<\/p>\n<p><strong>\u00c9coute hors ligne<\/strong>: Les utilisateurs payants d'Apple Music pourront t\u00e9l\u00e9charger les albums et les chansons qu'ils aiment pour les \u00e9couter hors ligne. Cela permet d'\u00e9couter de la musique sans connexion internet pendant les trajets. \u00c9couter de la musique lors d'un vol ou d'un voyage semble facile \u00e0 r\u00e9aliser.<\/p>\n<h2><strong>D\u00e9tails<\/strong>:<\/h2>\n<p>Compte : Apple Music\/ Compte priv\u00e9 (Email et mot de passe).<\/p>\n<p>\u2705 100 millions de chansons et plus de 30 000 listes de lecture \u00e9labor\u00e9es par nos sp\u00e9cialistes.<\/p>\n<p>\u2705 Acc\u00e9dez \u00e0 tous les morceaux, albums, listes de lecture et stations en demandant \u00e0 Siri ou en utilisant \u00c9crire \u00e0 Siri.<\/p>\n<p>\u2705 Musique en streaming et sans publicit\u00e9.<\/p>\n<p>Des programmes originaux, des concerts et des exclusivit\u00e9s, ainsi qu'un acc\u00e8s en direct et \u00e0 la demande \u00e0 des stations de radio anim\u00e9es par des artistes.<\/p>\n<p>\u2705 Apple Music Classical app, avec le plus grand catalogue de musique classique au monde.<\/p>\n<p>\u2705 Audio spatial avec Dolby Atmos.<\/p>\n<p>\u2705 Apple Music Sing, avec affichage de la parole en temps r\u00e9el et r\u00e9glage de la voix5.<\/p>\n<p>\u2705 T\u00e9l\u00e9chargez 100 000 chansons dans votre biblioth\u00e8que, acc\u00e9dez \u00e0 votre biblioth\u00e8que sur tous vos appareils et \u00e9coutez de la musique avec ou sans connexion.<\/p>\n<p>\u2705 Possibilit\u00e9 de voir et d'\u00e9couter vos proches.<\/p>\n<p>\u2705 Fonctionne sur : PC + Mobile + Smart TV, etc.<\/p>\n<p>\u2705Garantie pour les biens achet\u00e9s pendant la p\u00e9riode d'abonnement.<\/p>","protected":false},"excerpt":{"rendered":"<p>\u2705 100 millions de chansons et plus de 30 000 listes de lecture \u00e9labor\u00e9es par nos sp\u00e9cialistes.<br \/>\n\u2705 Acc\u00e9der \u00e0 toutes les chansons, albums, listes de lecture et stations en demandant \u00e0 Siri ou en utilisant \u00c9crire \u00e0 Siri....<br \/>\n\u2705 Musique en streaming et sans publicit\u00e9.<br \/>\n\u2705 Fonctionne sur : PC + Mobile + Smart TV, etc.<br \/>\n\u2705 Garantie pour les biens achet\u00e9s pendant la p\u00e9riode d'abonnement.<\/p>","protected":false},"featured_media":3027,"comment_status":"open","ping_status":"closed","template":"","meta":[],"product_brand":[],"product_cat":[22],"product_tag":[],"class_list":{"0":"post-896","1":"product","2":"type-product","3":"status-publish","4":"has-post-thumbnail","6":"product_cat-streaming","8":"first","9":"outofstock","10":"shipping-taxable","11":"purchasable","12":"product-type-variable","13":"has-default-attributes"},"yoast_head":"<!-- This site is optimized with the Yoast SEO plugin v26.4 - https:\/\/yoast.com\/wordpress\/plugins\/seo\/ -->\n<title>Apple Music Subscription\ud83d\udd25 - Dev MuIptv<\/title>\n<meta name=\"robots\" content=\"noindex, follow, max-snippet:-1, max-image-preview:large, max-video-preview:-1\" \/>\n<meta property=\"og:locale\" content=\"fr_FR\" \/>\n<meta property=\"og:type\" content=\"article\" \/>\n<meta property=\"og:title\" content=\"Apple Music Subscription\ud83d\udd25 - Dev MuIptv\" \/>\n<meta property=\"og:description\" content=\"\u2705 100 million songs and more than 30,000 playlists developed by our specialists. \u2705 Access all songs, albums, playlists and stations by asking Siri or using Write to Siri.. \u2705 Music streaming and without advertising. \u2705 Works on: PC + Mobile + Smart TV, etc.. \u2705 Warranty for goods purchased throughout the subscription period.\" \/>\n<meta property=\"og:url\" content=\"https:\/\/dev.muiptv.fr\/fr\/produit\/apple-music-subscription\ud83d\udd25\/\" \/>\n<meta property=\"og:site_name\" content=\"Dev MuIptv\" \/>\n<meta property=\"article:modified_time\" content=\"2025-11-26T12:24:54+00:00\" \/>\n<meta property=\"og:image\" content=\"https:\/\/dev.muiptv.fr\/wp-content\/uploads\/2023\/09\/Apple-music.png\" \/>\n\t<meta property=\"og:image:width\" content=\"452\" \/>\n\t<meta property=\"og:image:height\" content=\"452\" \/>\n\t<meta property=\"og:image:type\" content=\"image\/png\" \/>\n<meta name=\"twitter:card\" content=\"summary_large_image\" \/>\n<meta name=\"twitter:label1\" content=\"Dur\u00e9e de lecture estim\u00e9e\" \/>\n\t<meta name=\"twitter:data1\" content=\"2 minutes\" \/>\n<script type=\"application\/ld+json\" class=\"yoast-schema-graph\">{\"@context\":\"https:\/\/schema.org\",\"@graph\":[{\"@type\":\"WebPage\",\"@id\":\"https:\/\/dev.muiptv.fr\/product\/apple-music-subscription%f0%9f%94%a5\/\",\"url\":\"https:\/\/dev.muiptv.fr\/product\/apple-music-subscription%f0%9f%94%a5\/\",\"name\":\"Apple Music Subscription\ud83d\udd25 - Dev MuIptv\",\"isPartOf\":{\"@id\":\"https:\/\/muiptv.com\/#website\"},\"primaryImageOfPage\":{\"@id\":\"https:\/\/dev.muiptv.fr\/product\/apple-music-subscription%f0%9f%94%a5\/#primaryimage\"},\"image\":{\"@id\":\"https:\/\/dev.muiptv.fr\/product\/apple-music-subscription%f0%9f%94%a5\/#primaryimage\"},\"thumbnailUrl\":\"https:\/\/dev.muiptv.fr\/wp-content\/uploads\/2023\/09\/Apple-music.png\",\"datePublished\":\"2023-09-12T19:13:59+00:00\",\"dateModified\":\"2025-11-26T12:24:54+00:00\",\"breadcrumb\":{\"@id\":\"https:\/\/dev.muiptv.fr\/product\/apple-music-subscription%f0%9f%94%a5\/#breadcrumb\"},\"inLanguage\":\"fr-FR\",\"potentialAction\":[{\"@type\":\"ReadAction\",\"target\":[\"https:\/\/dev.muiptv.fr\/product\/apple-music-subscription%f0%9f%94%a5\/\"]}]},{\"@type\":\"ImageObject\",\"inLanguage\":\"fr-FR\",\"@id\":\"https:\/\/dev.muiptv.fr\/product\/apple-music-subscription%f0%9f%94%a5\/#primaryimage\",\"url\":\"https:\/\/dev.muiptv.fr\/wp-content\/uploads\/2023\/09\/Apple-music.png\",\"contentUrl\":\"https:\/\/dev.muiptv.fr\/wp-content\/uploads\/2023\/09\/Apple-music.png\",\"width\":452,\"height\":452},{\"@type\":\"BreadcrumbList\",\"@id\":\"https:\/\/dev.muiptv.fr\/product\/apple-music-subscription%f0%9f%94%a5\/#breadcrumb\",\"itemListElement\":[{\"@type\":\"ListItem\",\"position\":1,\"name\":\"Home\",\"item\":\"https:\/\/dev.muiptv.fr\/\"},{\"@type\":\"ListItem\",\"position\":2,\"name\":\"Shop\",\"item\":\"https:\/\/muiptv.com\/shop\/\"},{\"@type\":\"ListItem\",\"position\":3,\"name\":\"Apple Music Subscription\ud83d\udd25\"}]},{\"@type\":\"WebSite\",\"@id\":\"https:\/\/muiptv.com\/#website\",\"url\":\"https:\/\/muiptv.com\/\",\"name\":\"Dev MuIptv\",\"description\":\"\",\"publisher\":{\"@id\":\"https:\/\/muiptv.com\/#organization\"},\"potentialAction\":[{\"@type\":\"SearchAction\",\"target\":{\"@type\":\"EntryPoint\",\"urlTemplate\":\"https:\/\/muiptv.com\/?s={search_term_string}\"},\"query-input\":{\"@type\":\"PropertyValueSpecification\",\"valueRequired\":true,\"valueName\":\"search_term_string\"}}],\"inLanguage\":\"fr-FR\"},{\"@type\":\"Organization\",\"@id\":\"https:\/\/muiptv.com\/#organization\",\"name\":\"Dev MuIptv\",\"url\":\"https:\/\/muiptv.com\/\",\"logo\":{\"@type\":\"ImageObject\",\"inLanguage\":\"fr-FR\",\"@id\":\"https:\/\/muiptv.com\/#\/schema\/logo\/image\/\",\"url\":\"https:\/\/dev.muiptv.fr\/wp-content\/uploads\/2023\/09\/logo-png.png\",\"contentUrl\":\"https:\/\/dev.muiptv.fr\/wp-content\/uploads\/2023\/09\/logo-png.png\",\"width\":717,\"height\":228,\"caption\":\"Dev MuIptv\"},\"image\":{\"@id\":\"https:\/\/muiptv.com\/#\/schema\/logo\/image\/\"}}]}<\/script>\n<!-- \/ Yoast SEO plugin. -->","yoast_head_json":{"title":"Apple Music Subscription\ud83d\udd25 - Dev MuIptv","robots":{"index":"noindex","follow":"follow","max-snippet":"max-snippet:-1","max-image-preview":"max-image-preview:large","max-video-preview":"max-video-preview:-1"},"og_locale":"fr_FR","og_type":"article","og_title":"Apple Music Subscription\ud83d\udd25 - Dev MuIptv","og_description":"\u2705 100 million songs and more than 30,000 playlists developed by our specialists. \u2705 Access all songs, albums, playlists and stations by asking Siri or using Write to Siri.. \u2705 Music streaming and without advertising. \u2705 Works on: PC + Mobile + Smart TV, etc.. \u2705 Warranty for goods purchased throughout the subscription period.","og_url":"https:\/\/dev.muiptv.fr\/fr\/produit\/apple-music-subscription\ud83d\udd25\/","og_site_name":"Dev MuIptv","article_modified_time":"2025-11-26T12:24:54+00:00","og_image":[{"width":452,"height":452,"url":"https:\/\/dev.muiptv.fr\/wp-content\/uploads\/2023\/09\/Apple-music.png","type":"image\/png"}],"twitter_card":"summary_large_image","twitter_misc":{"Dur\u00e9e de lecture estim\u00e9e":"2 minutes"},"schema":{"@context":"https:\/\/schema.org","@graph":[{"@type":"WebPage","@id":"https:\/\/dev.muiptv.fr\/product\/apple-music-subscription%f0%9f%94%a5\/","url":"https:\/\/dev.muiptv.fr\/product\/apple-music-subscription%f0%9f%94%a5\/","name":"Apple Music Subscription\ud83d\udd25 - Dev MuIptv","isPartOf":{"@id":"https:\/\/muiptv.com\/#website"},"primaryImageOfPage":{"@id":"https:\/\/dev.muiptv.fr\/product\/apple-music-subscription%f0%9f%94%a5\/#primaryimage"},"image":{"@id":"https:\/\/dev.muiptv.fr\/product\/apple-music-subscription%f0%9f%94%a5\/#primaryimage"},"thumbnailUrl":"https:\/\/dev.muiptv.fr\/wp-content\/uploads\/2023\/09\/Apple-music.png","datePublished":"2023-09-12T19:13:59+00:00","dateModified":"2025-11-26T12:24:54+00:00","breadcrumb":{"@id":"https:\/\/dev.muiptv.fr\/product\/apple-music-subscription%f0%9f%94%a5\/#breadcrumb"},"inLanguage":"fr-FR","potentialAction":[{"@type":"ReadAction","target":["https:\/\/dev.muiptv.fr\/product\/apple-music-subscription%f0%9f%94%a5\/"]}]},{"@type":"ImageObject","inLanguage":"fr-FR","@id":"https:\/\/dev.muiptv.fr\/product\/apple-music-subscription%f0%9f%94%a5\/#primaryimage","url":"https:\/\/dev.muiptv.fr\/wp-content\/uploads\/2023\/09\/Apple-music.png","contentUrl":"https:\/\/dev.muiptv.fr\/wp-content\/uploads\/2023\/09\/Apple-music.png","width":452,"height":452},{"@type":"BreadcrumbList","@id":"https:\/\/dev.muiptv.fr\/product\/apple-music-subscription%f0%9f%94%a5\/#breadcrumb","itemListElement":[{"@type":"ListItem","position":1,"name":"Home","item":"https:\/\/dev.muiptv.fr\/"},{"@type":"ListItem","position":2,"name":"Shop","item":"https:\/\/muiptv.com\/shop\/"},{"@type":"ListItem","position":3,"name":"Apple Music Subscription\ud83d\udd25"}]},{"@type":"WebSite","@id":"https:\/\/muiptv.com\/#website","url":"https:\/\/muiptv.com\/","name":"Dev MuIptv","description":"","publisher":{"@id":"https:\/\/muiptv.com\/#organization"},"potentialAction":[{"@type":"SearchAction","target":{"@type":"EntryPoint","urlTemplate":"https:\/\/muiptv.com\/?s={search_term_string}"},"query-input":{"@type":"PropertyValueSpecification","valueRequired":true,"valueName":"search_term_string"}}],"inLanguage":"fr-FR"},{"@type":"Organization","@id":"https:\/\/muiptv.com\/#organization","name":"Dev MuIptv","url":"https:\/\/muiptv.com\/","logo":{"@type":"ImageObject","inLanguage":"fr-FR","@id":"https:\/\/muiptv.com\/#\/schema\/logo\/image\/","url":"https:\/\/dev.muiptv.fr\/wp-content\/uploads\/2023\/09\/logo-png.png","contentUrl":"https:\/\/dev.muiptv.fr\/wp-content\/uploads\/2023\/09\/logo-png.png","width":717,"height":228,"caption":"Dev MuIptv"},"image":{"@id":"https:\/\/muiptv.com\/#\/schema\/logo\/image\/"}}]}},"jetpack_sharing_enabled":true,"_links":{"self":[{"href":"https:\/\/dev.muiptv.fr\/fr\/wp-json\/wp\/v2\/product\/896","targetHints":{"allow":["GET"]}}],"collection":[{"href":"https:\/\/dev.muiptv.fr\/fr\/wp-json\/wp\/v2\/product"}],"about":[{"href":"https:\/\/dev.muiptv.fr\/fr\/wp-json\/wp\/v2\/types\/product"}],"replies":[{"embeddable":true,"href":"https:\/\/dev.muiptv.fr\/fr\/wp-json\/wp\/v2\/comments?post=896"}],"wp:featuredmedia":[{"embeddable":true,"href":"https:\/\/dev.muiptv.fr\/fr\/wp-json\/wp\/v2\/media\/3027"}],"wp:attachment":[{"href":"https:\/\/dev.muiptv.fr\/fr\/wp-json\/wp\/v2\/media?parent=896"}],"wp:term":[{"taxonomy":"product_brand","embeddable":true,"href":"https:\/\/dev.muiptv.fr\/fr\/wp-json\/wp\/v2\/product_brand?post=896"},{"taxonomy":"product_cat","embeddable":true,"href":"https:\/\/dev.muiptv.fr\/fr\/wp-json\/wp\/v2\/product_cat?post=896"},{"taxonomy":"product_tag","embeddable":true,"href":"https:\/\/dev.muiptv.fr\/fr\/wp-json\/wp\/v2\/product_tag?post=896"}],"curies":[{"name":"wp","href":"https:\/\/api.w.org\/{rel}","templated":true}]}}