{"id":872,"date":"2023-09-12T20:13:58","date_gmt":"2023-09-12T19:13:58","guid":{"rendered":"https:\/\/dev.muiptv.fr\/?post_type=product&#038;p=872"},"modified":"2025-11-26T15:06:32","modified_gmt":"2025-11-26T15:06:32","slug":"youtube-premium-subscription%f0%9f%94%a5","status":"publish","type":"product","link":"https:\/\/dev.muiptv.fr\/fr\/produit\/youtube-premium-subscription%f0%9f%94%a5\/","title":{"rendered":"Abonnement Youtube Premium\ud83d\udd25"},"content":{"rendered":"<p>Avec YouTube Premium, vous pouvez regarder des millions de vid\u00e9os sans \u00eatre interrompu par des publicit\u00e9s avant et pendant la vid\u00e9o,<br \/>\ny compris les publicit\u00e9s vid\u00e9o superpos\u00e9es. Vous ne verrez pas non plus d'interdictions de publicit\u00e9 par des tiers ou d'interdictions de publicit\u00e9 par des tiers.<br \/>\net vous continuerez \u00e0 les distribuer lorsque vous fermerez l'application.<\/p>\n<p>Vous pouvez toujours voir des marques ou des promotions int\u00e9gr\u00e9es dans le contenu par le cr\u00e9ateur et des liens promotionnels,<br \/>\net des \u00e9l\u00e9ments dans et autour du contenu que le cr\u00e9ateur ajoute ou active. Ces liens, cadres et composants peuvent<br \/>\npour leur site web, leurs produits, leurs abonnements \u00e0 Chatne, leurs billets d'\u00e9v\u00e9nements ou d'autres destinations qu'ils privil\u00e9gient.<\/p>\n<p>Les vid\u00e9os sans publicit\u00e9 sont prises en charge sur tous les appareils et toutes les plateformes. Vous pouvez vous connecter avec votre<br \/>\nCompte Google, y compris les applications mobiles YouTube, YouTube Music et YouTube Kids si elles sont disponibles dans votre r\u00e9gion.<\/p>\n<h2><strong>D\u00e9tails<\/strong>:<\/h2>\n<p>Compte : Youtube Premium\/ Compte priv\u00e9 (Email et mot de passe).<\/p>\n<p>\u2705 Regarder des vid\u00e9os sans publicit\u00e9.<\/p>\n<p>\u2705 T\u00e9l\u00e9charger des vid\u00e9os pour les regarder hors ligne.<\/p>\n<p>\u2705 Lecture en arri\u00e8re-plan.<\/p>\n<p>\u2705 YouTube Music Premium.<\/p>\n<p>\u2705 Continuer \u00e0 regarder, etc.<\/p>\n<p>\u2705 Fonctionne sur : PC + Mobile + Smart TV, etc.<\/p>\n<p>\u2705Garantie pour les biens achet\u00e9s pendant la p\u00e9riode d'abonnement.<\/p>","protected":false},"excerpt":{"rendered":"<p>\u2705 Regarder des vid\u00e9os sans publicit\u00e9<br \/>\n\u2705 T\u00e9l\u00e9charger des vid\u00e9os pour les regarder hors ligne.<br \/>\n\u2705 YouTube Music Premium etc.<br \/>\n\u2705 Fonctionne sur : PC + Mobile + Smart TV, etc.<br \/>\n\u2705 Garantie pour les biens achet\u00e9s pendant la p\u00e9riode d'abonnement<\/p>","protected":false},"featured_media":3031,"comment_status":"open","ping_status":"closed","template":"","meta":[],"product_brand":[],"product_cat":[22],"product_tag":[],"class_list":{"0":"post-872","1":"product","2":"type-product","3":"status-publish","4":"has-post-thumbnail","6":"product_cat-streaming","8":"first","9":"outofstock","10":"sold-individually","11":"shipping-taxable","12":"purchasable","13":"product-type-variable","14":"has-default-attributes"},"yoast_head":"<!-- This site is optimized with the Yoast SEO plugin v26.4 - https:\/\/yoast.com\/wordpress\/plugins\/seo\/ -->\n<title>Youtube Premium Subscription\ud83d\udd25 - Dev MuIptv<\/title>\n<meta name=\"robots\" content=\"noindex, follow, max-snippet:-1, max-image-preview:large, max-video-preview:-1\" \/>\n<meta property=\"og:locale\" content=\"fr_FR\" \/>\n<meta property=\"og:type\" content=\"article\" \/>\n<meta property=\"og:title\" content=\"Youtube Premium Subscription\ud83d\udd25 - Dev MuIptv\" \/>\n<meta property=\"og:description\" content=\"\u2705 Watch videos without ads \u2705 Download videos to watch offline. \u2705 YouTube Music Premium etc.. \u2705 Works on: PC + Mobile + Smart TV, etc.. \u2705 Warranty for goods purchased throughout the subscription period\" \/>\n<meta property=\"og:url\" content=\"https:\/\/dev.muiptv.fr\/fr\/produit\/youtube-premium-subscription\ud83d\udd25\/\" \/>\n<meta property=\"og:site_name\" content=\"Dev MuIptv\" \/>\n<meta property=\"article:modified_time\" content=\"2025-11-26T15:06:32+00:00\" \/>\n<meta property=\"og:image\" content=\"https:\/\/dev.muiptv.fr\/wp-content\/uploads\/2023\/09\/youtube-premium.png\" \/>\n\t<meta property=\"og:image:width\" content=\"452\" \/>\n\t<meta property=\"og:image:height\" content=\"452\" \/>\n\t<meta property=\"og:image:type\" content=\"image\/png\" \/>\n<meta name=\"twitter:card\" content=\"summary_large_image\" \/>\n<meta name=\"twitter:label1\" content=\"Dur\u00e9e de lecture estim\u00e9e\" \/>\n\t<meta name=\"twitter:data1\" content=\"1 minute\" \/>\n<script type=\"application\/ld+json\" class=\"yoast-schema-graph\">{\"@context\":\"https:\/\/schema.org\",\"@graph\":[{\"@type\":\"WebPage\",\"@id\":\"https:\/\/dev.muiptv.fr\/product\/youtube-premium-subscription%f0%9f%94%a5\/\",\"url\":\"https:\/\/dev.muiptv.fr\/product\/youtube-premium-subscription%f0%9f%94%a5\/\",\"name\":\"Youtube Premium Subscription\ud83d\udd25 - Dev MuIptv\",\"isPartOf\":{\"@id\":\"https:\/\/muiptv.com\/#website\"},\"primaryImageOfPage\":{\"@id\":\"https:\/\/dev.muiptv.fr\/product\/youtube-premium-subscription%f0%9f%94%a5\/#primaryimage\"},\"image\":{\"@id\":\"https:\/\/dev.muiptv.fr\/product\/youtube-premium-subscription%f0%9f%94%a5\/#primaryimage\"},\"thumbnailUrl\":\"https:\/\/dev.muiptv.fr\/wp-content\/uploads\/2023\/09\/youtube-premium.png\",\"datePublished\":\"2023-09-12T19:13:58+00:00\",\"dateModified\":\"2025-11-26T15:06:32+00:00\",\"breadcrumb\":{\"@id\":\"https:\/\/dev.muiptv.fr\/product\/youtube-premium-subscription%f0%9f%94%a5\/#breadcrumb\"},\"inLanguage\":\"fr-FR\",\"potentialAction\":[{\"@type\":\"ReadAction\",\"target\":[\"https:\/\/dev.muiptv.fr\/product\/youtube-premium-subscription%f0%9f%94%a5\/\"]}]},{\"@type\":\"ImageObject\",\"inLanguage\":\"fr-FR\",\"@id\":\"https:\/\/dev.muiptv.fr\/product\/youtube-premium-subscription%f0%9f%94%a5\/#primaryimage\",\"url\":\"https:\/\/dev.muiptv.fr\/wp-content\/uploads\/2023\/09\/youtube-premium.png\",\"contentUrl\":\"https:\/\/dev.muiptv.fr\/wp-content\/uploads\/2023\/09\/youtube-premium.png\",\"width\":452,\"height\":452},{\"@type\":\"BreadcrumbList\",\"@id\":\"https:\/\/dev.muiptv.fr\/product\/youtube-premium-subscription%f0%9f%94%a5\/#breadcrumb\",\"itemListElement\":[{\"@type\":\"ListItem\",\"position\":1,\"name\":\"Home\",\"item\":\"https:\/\/dev.muiptv.fr\/\"},{\"@type\":\"ListItem\",\"position\":2,\"name\":\"Shop\",\"item\":\"https:\/\/muiptv.com\/shop\/\"},{\"@type\":\"ListItem\",\"position\":3,\"name\":\"Youtube Premium Subscription\ud83d\udd25\"}]},{\"@type\":\"WebSite\",\"@id\":\"https:\/\/muiptv.com\/#website\",\"url\":\"https:\/\/muiptv.com\/\",\"name\":\"Dev MuIptv\",\"description\":\"\",\"publisher\":{\"@id\":\"https:\/\/muiptv.com\/#organization\"},\"potentialAction\":[{\"@type\":\"SearchAction\",\"target\":{\"@type\":\"EntryPoint\",\"urlTemplate\":\"https:\/\/muiptv.com\/?s={search_term_string}\"},\"query-input\":{\"@type\":\"PropertyValueSpecification\",\"valueRequired\":true,\"valueName\":\"search_term_string\"}}],\"inLanguage\":\"fr-FR\"},{\"@type\":\"Organization\",\"@id\":\"https:\/\/muiptv.com\/#organization\",\"name\":\"Dev MuIptv\",\"url\":\"https:\/\/muiptv.com\/\",\"logo\":{\"@type\":\"ImageObject\",\"inLanguage\":\"fr-FR\",\"@id\":\"https:\/\/muiptv.com\/#\/schema\/logo\/image\/\",\"url\":\"https:\/\/dev.muiptv.fr\/wp-content\/uploads\/2023\/09\/logo-png.png\",\"contentUrl\":\"https:\/\/dev.muiptv.fr\/wp-content\/uploads\/2023\/09\/logo-png.png\",\"width\":717,\"height\":228,\"caption\":\"Dev MuIptv\"},\"image\":{\"@id\":\"https:\/\/muiptv.com\/#\/schema\/logo\/image\/\"}}]}<\/script>\n<!-- \/ Yoast SEO plugin. -->","yoast_head_json":{"title":"Youtube Premium Subscription\ud83d\udd25 - Dev MuIptv","robots":{"index":"noindex","follow":"follow","max-snippet":"max-snippet:-1","max-image-preview":"max-image-preview:large","max-video-preview":"max-video-preview:-1"},"og_locale":"fr_FR","og_type":"article","og_title":"Youtube Premium Subscription\ud83d\udd25 - Dev MuIptv","og_description":"\u2705 Watch videos without ads \u2705 Download videos to watch offline. \u2705 YouTube Music Premium etc.. \u2705 Works on: PC + Mobile + Smart TV, etc.. \u2705 Warranty for goods purchased throughout the subscription period","og_url":"https:\/\/dev.muiptv.fr\/fr\/produit\/youtube-premium-subscription\ud83d\udd25\/","og_site_name":"Dev MuIptv","article_modified_time":"2025-11-26T15:06:32+00:00","og_image":[{"width":452,"height":452,"url":"https:\/\/dev.muiptv.fr\/wp-content\/uploads\/2023\/09\/youtube-premium.png","type":"image\/png"}],"twitter_card":"summary_large_image","twitter_misc":{"Dur\u00e9e de lecture estim\u00e9e":"1 minute"},"schema":{"@context":"https:\/\/schema.org","@graph":[{"@type":"WebPage","@id":"https:\/\/dev.muiptv.fr\/product\/youtube-premium-subscription%f0%9f%94%a5\/","url":"https:\/\/dev.muiptv.fr\/product\/youtube-premium-subscription%f0%9f%94%a5\/","name":"Youtube Premium Subscription\ud83d\udd25 - Dev MuIptv","isPartOf":{"@id":"https:\/\/muiptv.com\/#website"},"primaryImageOfPage":{"@id":"https:\/\/dev.muiptv.fr\/product\/youtube-premium-subscription%f0%9f%94%a5\/#primaryimage"},"image":{"@id":"https:\/\/dev.muiptv.fr\/product\/youtube-premium-subscription%f0%9f%94%a5\/#primaryimage"},"thumbnailUrl":"https:\/\/dev.muiptv.fr\/wp-content\/uploads\/2023\/09\/youtube-premium.png","datePublished":"2023-09-12T19:13:58+00:00","dateModified":"2025-11-26T15:06:32+00:00","breadcrumb":{"@id":"https:\/\/dev.muiptv.fr\/product\/youtube-premium-subscription%f0%9f%94%a5\/#breadcrumb"},"inLanguage":"fr-FR","potentialAction":[{"@type":"ReadAction","target":["https:\/\/dev.muiptv.fr\/product\/youtube-premium-subscription%f0%9f%94%a5\/"]}]},{"@type":"ImageObject","inLanguage":"fr-FR","@id":"https:\/\/dev.muiptv.fr\/product\/youtube-premium-subscription%f0%9f%94%a5\/#primaryimage","url":"https:\/\/dev.muiptv.fr\/wp-content\/uploads\/2023\/09\/youtube-premium.png","contentUrl":"https:\/\/dev.muiptv.fr\/wp-content\/uploads\/2023\/09\/youtube-premium.png","width":452,"height":452},{"@type":"BreadcrumbList","@id":"https:\/\/dev.muiptv.fr\/product\/youtube-premium-subscription%f0%9f%94%a5\/#breadcrumb","itemListElement":[{"@type":"ListItem","position":1,"name":"Home","item":"https:\/\/dev.muiptv.fr\/"},{"@type":"ListItem","position":2,"name":"Shop","item":"https:\/\/muiptv.com\/shop\/"},{"@type":"ListItem","position":3,"name":"Youtube Premium Subscription\ud83d\udd25"}]},{"@type":"WebSite","@id":"https:\/\/muiptv.com\/#website","url":"https:\/\/muiptv.com\/","name":"Dev MuIptv","description":"","publisher":{"@id":"https:\/\/muiptv.com\/#organization"},"potentialAction":[{"@type":"SearchAction","target":{"@type":"EntryPoint","urlTemplate":"https:\/\/muiptv.com\/?s={search_term_string}"},"query-input":{"@type":"PropertyValueSpecification","valueRequired":true,"valueName":"search_term_string"}}],"inLanguage":"fr-FR"},{"@type":"Organization","@id":"https:\/\/muiptv.com\/#organization","name":"Dev MuIptv","url":"https:\/\/muiptv.com\/","logo":{"@type":"ImageObject","inLanguage":"fr-FR","@id":"https:\/\/muiptv.com\/#\/schema\/logo\/image\/","url":"https:\/\/dev.muiptv.fr\/wp-content\/uploads\/2023\/09\/logo-png.png","contentUrl":"https:\/\/dev.muiptv.fr\/wp-content\/uploads\/2023\/09\/logo-png.png","width":717,"height":228,"caption":"Dev MuIptv"},"image":{"@id":"https:\/\/muiptv.com\/#\/schema\/logo\/image\/"}}]}},"jetpack_sharing_enabled":true,"_links":{"self":[{"href":"https:\/\/dev.muiptv.fr\/fr\/wp-json\/wp\/v2\/product\/872","targetHints":{"allow":["GET"]}}],"collection":[{"href":"https:\/\/dev.muiptv.fr\/fr\/wp-json\/wp\/v2\/product"}],"about":[{"href":"https:\/\/dev.muiptv.fr\/fr\/wp-json\/wp\/v2\/types\/product"}],"replies":[{"embeddable":true,"href":"https:\/\/dev.muiptv.fr\/fr\/wp-json\/wp\/v2\/comments?post=872"}],"wp:featuredmedia":[{"embeddable":true,"href":"https:\/\/dev.muiptv.fr\/fr\/wp-json\/wp\/v2\/media\/3031"}],"wp:attachment":[{"href":"https:\/\/dev.muiptv.fr\/fr\/wp-json\/wp\/v2\/media?parent=872"}],"wp:term":[{"taxonomy":"product_brand","embeddable":true,"href":"https:\/\/dev.muiptv.fr\/fr\/wp-json\/wp\/v2\/product_brand?post=872"},{"taxonomy":"product_cat","embeddable":true,"href":"https:\/\/dev.muiptv.fr\/fr\/wp-json\/wp\/v2\/product_cat?post=872"},{"taxonomy":"product_tag","embeddable":true,"href":"https:\/\/dev.muiptv.fr\/fr\/wp-json\/wp\/v2\/product_tag?post=872"}],"curies":[{"name":"wp","href":"https:\/\/api.w.org\/{rel}","templated":true}]}}