{"id":1853,"date":"2024-05-02T15:41:58","date_gmt":"2024-05-02T14:41:58","guid":{"rendered":"https:\/\/muiptv.com\/?post_type=product&#038;p=1853"},"modified":"2025-11-25T18:04:11","modified_gmt":"2025-11-25T18:04:11","slug":"abonnement-iptv-12-mois-m3u-smart-tv","status":"publish","type":"product","link":"https:\/\/dev.muiptv.fr\/fr\/produit\/abonnement-iptv-12-mois-m3u-smart-tv\/","title":{"rendered":"IPTV Subscription\ud83d\udd25"},"content":{"rendered":"","protected":false},"excerpt":{"rendered":"<p>\u2705 Meilleur Abonnement IPTV Smarters Pro - Ibo Pro - Player - Hote Player - Set IPTV - Smart IPTV - Room IPTV - Flix IPTV - XCIPTV Profitez +80000 chaines et VOD avec notre abonnement IPTV . Qualit\u00e9 sd\/HD\/FullHD\/4K. IPTV<\/p>\n<p>\u2705 Apr\u00e8s avoir command\u00e9 une \u00e0 deux heures, vous recevrez le code dans votre email<\/p>","protected":false},"featured_media":2978,"comment_status":"open","ping_status":"closed","template":"","meta":[],"product_brand":[],"product_cat":[21],"product_tag":[],"class_list":{"0":"post-1853","1":"product","2":"type-product","3":"status-publish","4":"has-post-thumbnail","6":"product_cat-iptv-server","8":"first","9":"instock","10":"sold-individually","11":"shipping-taxable","12":"purchasable","13":"product-type-variable","14":"has-default-attributes"},"yoast_head":"<!-- This site is optimized with the Yoast SEO plugin v26.4 - https:\/\/yoast.com\/wordpress\/plugins\/seo\/ -->\n<title>IPTV Subscription\ud83d\udd25 - Dev MuIptv<\/title>\n<meta name=\"robots\" content=\"noindex, follow, max-snippet:-1, max-image-preview:large, max-video-preview:-1\" \/>\n<meta property=\"og:locale\" content=\"fr_FR\" \/>\n<meta property=\"og:type\" content=\"article\" \/>\n<meta property=\"og:title\" content=\"IPTV Subscription\ud83d\udd25 - Dev MuIptv\" \/>\n<meta property=\"og:description\" content=\"\u2705 Meilleur Abonnement IPTV Smarters Pro - Ibo Pro - Player - Hote Player - Set IPTV - Smart IPTV - Room IPTV - Flix IPTV - XCIPTV Profitez +80000 chaines et VOD avec notre abonnement IPTV . Qualit\u00e9 sd\/HD\/FullHD\/4K. IPTV  \u2705 Apr\u00e8s avoir command\u00e9 une \u00e0 deux heures, vous recevrez le code dans votre email\" \/>\n<meta property=\"og:url\" content=\"https:\/\/dev.muiptv.fr\/fr\/produit\/abonnement-iptv-12-mois-m3u-smart-tv\/\" \/>\n<meta property=\"og:site_name\" content=\"Dev MuIptv\" \/>\n<meta property=\"article:modified_time\" content=\"2025-11-25T18:04:11+00:00\" \/>\n<meta property=\"og:image\" content=\"https:\/\/dev.muiptv.fr\/wp-content\/uploads\/2024\/05\/abonnement-iptv-12-mois-m3u-smart-tv-1.png\" \/>\n\t<meta property=\"og:image:width\" content=\"452\" \/>\n\t<meta property=\"og:image:height\" content=\"452\" \/>\n\t<meta property=\"og:image:type\" content=\"image\/png\" \/>\n<meta name=\"twitter:card\" content=\"summary_large_image\" \/>\n<meta name=\"twitter:label1\" content=\"Dur\u00e9e de lecture estim\u00e9e\" \/>\n\t<meta name=\"twitter:data1\" content=\"1 minute\" \/>\n<script type=\"application\/ld+json\" class=\"yoast-schema-graph\">{\"@context\":\"https:\/\/schema.org\",\"@graph\":[{\"@type\":\"WebPage\",\"@id\":\"https:\/\/dev.muiptv.fr\/product\/abonnement-iptv-12-mois-m3u-smart-tv\/\",\"url\":\"https:\/\/dev.muiptv.fr\/product\/abonnement-iptv-12-mois-m3u-smart-tv\/\",\"name\":\"IPTV Subscription\ud83d\udd25 - Dev MuIptv\",\"isPartOf\":{\"@id\":\"https:\/\/muiptv.com\/#website\"},\"primaryImageOfPage\":{\"@id\":\"https:\/\/dev.muiptv.fr\/product\/abonnement-iptv-12-mois-m3u-smart-tv\/#primaryimage\"},\"image\":{\"@id\":\"https:\/\/dev.muiptv.fr\/product\/abonnement-iptv-12-mois-m3u-smart-tv\/#primaryimage\"},\"thumbnailUrl\":\"https:\/\/dev.muiptv.fr\/wp-content\/uploads\/2024\/05\/abonnement-iptv-12-mois-m3u-smart-tv-1.png\",\"datePublished\":\"2024-05-02T14:41:58+00:00\",\"dateModified\":\"2025-11-25T18:04:11+00:00\",\"breadcrumb\":{\"@id\":\"https:\/\/dev.muiptv.fr\/product\/abonnement-iptv-12-mois-m3u-smart-tv\/#breadcrumb\"},\"inLanguage\":\"fr-FR\",\"potentialAction\":[{\"@type\":\"ReadAction\",\"target\":[\"https:\/\/dev.muiptv.fr\/product\/abonnement-iptv-12-mois-m3u-smart-tv\/\"]}]},{\"@type\":\"ImageObject\",\"inLanguage\":\"fr-FR\",\"@id\":\"https:\/\/dev.muiptv.fr\/product\/abonnement-iptv-12-mois-m3u-smart-tv\/#primaryimage\",\"url\":\"https:\/\/dev.muiptv.fr\/wp-content\/uploads\/2024\/05\/abonnement-iptv-12-mois-m3u-smart-tv-1.png\",\"contentUrl\":\"https:\/\/dev.muiptv.fr\/wp-content\/uploads\/2024\/05\/abonnement-iptv-12-mois-m3u-smart-tv-1.png\",\"width\":452,\"height\":452},{\"@type\":\"BreadcrumbList\",\"@id\":\"https:\/\/dev.muiptv.fr\/product\/abonnement-iptv-12-mois-m3u-smart-tv\/#breadcrumb\",\"itemListElement\":[{\"@type\":\"ListItem\",\"position\":1,\"name\":\"Home\",\"item\":\"https:\/\/dev.muiptv.fr\/\"},{\"@type\":\"ListItem\",\"position\":2,\"name\":\"Shop\",\"item\":\"https:\/\/muiptv.com\/shop\/\"},{\"@type\":\"ListItem\",\"position\":3,\"name\":\"IPTV Subscription\ud83d\udd25\"}]},{\"@type\":\"WebSite\",\"@id\":\"https:\/\/muiptv.com\/#website\",\"url\":\"https:\/\/muiptv.com\/\",\"name\":\"Dev MuIptv\",\"description\":\"\",\"publisher\":{\"@id\":\"https:\/\/muiptv.com\/#organization\"},\"potentialAction\":[{\"@type\":\"SearchAction\",\"target\":{\"@type\":\"EntryPoint\",\"urlTemplate\":\"https:\/\/muiptv.com\/?s={search_term_string}\"},\"query-input\":{\"@type\":\"PropertyValueSpecification\",\"valueRequired\":true,\"valueName\":\"search_term_string\"}}],\"inLanguage\":\"fr-FR\"},{\"@type\":\"Organization\",\"@id\":\"https:\/\/muiptv.com\/#organization\",\"name\":\"Dev MuIptv\",\"url\":\"https:\/\/muiptv.com\/\",\"logo\":{\"@type\":\"ImageObject\",\"inLanguage\":\"fr-FR\",\"@id\":\"https:\/\/muiptv.com\/#\/schema\/logo\/image\/\",\"url\":\"https:\/\/dev.muiptv.fr\/wp-content\/uploads\/2023\/09\/logo-png.png\",\"contentUrl\":\"https:\/\/dev.muiptv.fr\/wp-content\/uploads\/2023\/09\/logo-png.png\",\"width\":717,\"height\":228,\"caption\":\"Dev MuIptv\"},\"image\":{\"@id\":\"https:\/\/muiptv.com\/#\/schema\/logo\/image\/\"}}]}<\/script>\n<!-- \/ Yoast SEO plugin. -->","yoast_head_json":{"title":"IPTV Subscription\ud83d\udd25 - Dev MuIptv","robots":{"index":"noindex","follow":"follow","max-snippet":"max-snippet:-1","max-image-preview":"max-image-preview:large","max-video-preview":"max-video-preview:-1"},"og_locale":"fr_FR","og_type":"article","og_title":"IPTV Subscription\ud83d\udd25 - Dev MuIptv","og_description":"\u2705 Meilleur Abonnement IPTV Smarters Pro - Ibo Pro - Player - Hote Player - Set IPTV - Smart IPTV - Room IPTV - Flix IPTV - XCIPTV Profitez +80000 chaines et VOD avec notre abonnement IPTV . Qualit\u00e9 sd\/HD\/FullHD\/4K. IPTV  \u2705 Apr\u00e8s avoir command\u00e9 une \u00e0 deux heures, vous recevrez le code dans votre email","og_url":"https:\/\/dev.muiptv.fr\/fr\/produit\/abonnement-iptv-12-mois-m3u-smart-tv\/","og_site_name":"Dev MuIptv","article_modified_time":"2025-11-25T18:04:11+00:00","og_image":[{"width":452,"height":452,"url":"https:\/\/dev.muiptv.fr\/wp-content\/uploads\/2024\/05\/abonnement-iptv-12-mois-m3u-smart-tv-1.png","type":"image\/png"}],"twitter_card":"summary_large_image","twitter_misc":{"Dur\u00e9e de lecture estim\u00e9e":"1 minute"},"schema":{"@context":"https:\/\/schema.org","@graph":[{"@type":"WebPage","@id":"https:\/\/dev.muiptv.fr\/product\/abonnement-iptv-12-mois-m3u-smart-tv\/","url":"https:\/\/dev.muiptv.fr\/product\/abonnement-iptv-12-mois-m3u-smart-tv\/","name":"IPTV Subscription\ud83d\udd25 - Dev MuIptv","isPartOf":{"@id":"https:\/\/muiptv.com\/#website"},"primaryImageOfPage":{"@id":"https:\/\/dev.muiptv.fr\/product\/abonnement-iptv-12-mois-m3u-smart-tv\/#primaryimage"},"image":{"@id":"https:\/\/dev.muiptv.fr\/product\/abonnement-iptv-12-mois-m3u-smart-tv\/#primaryimage"},"thumbnailUrl":"https:\/\/dev.muiptv.fr\/wp-content\/uploads\/2024\/05\/abonnement-iptv-12-mois-m3u-smart-tv-1.png","datePublished":"2024-05-02T14:41:58+00:00","dateModified":"2025-11-25T18:04:11+00:00","breadcrumb":{"@id":"https:\/\/dev.muiptv.fr\/product\/abonnement-iptv-12-mois-m3u-smart-tv\/#breadcrumb"},"inLanguage":"fr-FR","potentialAction":[{"@type":"ReadAction","target":["https:\/\/dev.muiptv.fr\/product\/abonnement-iptv-12-mois-m3u-smart-tv\/"]}]},{"@type":"ImageObject","inLanguage":"fr-FR","@id":"https:\/\/dev.muiptv.fr\/product\/abonnement-iptv-12-mois-m3u-smart-tv\/#primaryimage","url":"https:\/\/dev.muiptv.fr\/wp-content\/uploads\/2024\/05\/abonnement-iptv-12-mois-m3u-smart-tv-1.png","contentUrl":"https:\/\/dev.muiptv.fr\/wp-content\/uploads\/2024\/05\/abonnement-iptv-12-mois-m3u-smart-tv-1.png","width":452,"height":452},{"@type":"BreadcrumbList","@id":"https:\/\/dev.muiptv.fr\/product\/abonnement-iptv-12-mois-m3u-smart-tv\/#breadcrumb","itemListElement":[{"@type":"ListItem","position":1,"name":"Home","item":"https:\/\/dev.muiptv.fr\/"},{"@type":"ListItem","position":2,"name":"Shop","item":"https:\/\/muiptv.com\/shop\/"},{"@type":"ListItem","position":3,"name":"IPTV Subscription\ud83d\udd25"}]},{"@type":"WebSite","@id":"https:\/\/muiptv.com\/#website","url":"https:\/\/muiptv.com\/","name":"Dev MuIptv","description":"","publisher":{"@id":"https:\/\/muiptv.com\/#organization"},"potentialAction":[{"@type":"SearchAction","target":{"@type":"EntryPoint","urlTemplate":"https:\/\/muiptv.com\/?s={search_term_string}"},"query-input":{"@type":"PropertyValueSpecification","valueRequired":true,"valueName":"search_term_string"}}],"inLanguage":"fr-FR"},{"@type":"Organization","@id":"https:\/\/muiptv.com\/#organization","name":"Dev MuIptv","url":"https:\/\/muiptv.com\/","logo":{"@type":"ImageObject","inLanguage":"fr-FR","@id":"https:\/\/muiptv.com\/#\/schema\/logo\/image\/","url":"https:\/\/dev.muiptv.fr\/wp-content\/uploads\/2023\/09\/logo-png.png","contentUrl":"https:\/\/dev.muiptv.fr\/wp-content\/uploads\/2023\/09\/logo-png.png","width":717,"height":228,"caption":"Dev MuIptv"},"image":{"@id":"https:\/\/muiptv.com\/#\/schema\/logo\/image\/"}}]}},"jetpack_sharing_enabled":true,"_links":{"self":[{"href":"https:\/\/dev.muiptv.fr\/fr\/wp-json\/wp\/v2\/product\/1853","targetHints":{"allow":["GET"]}}],"collection":[{"href":"https:\/\/dev.muiptv.fr\/fr\/wp-json\/wp\/v2\/product"}],"about":[{"href":"https:\/\/dev.muiptv.fr\/fr\/wp-json\/wp\/v2\/types\/product"}],"replies":[{"embeddable":true,"href":"https:\/\/dev.muiptv.fr\/fr\/wp-json\/wp\/v2\/comments?post=1853"}],"wp:featuredmedia":[{"embeddable":true,"href":"https:\/\/dev.muiptv.fr\/fr\/wp-json\/wp\/v2\/media\/2978"}],"wp:attachment":[{"href":"https:\/\/dev.muiptv.fr\/fr\/wp-json\/wp\/v2\/media?parent=1853"}],"wp:term":[{"taxonomy":"product_brand","embeddable":true,"href":"https:\/\/dev.muiptv.fr\/fr\/wp-json\/wp\/v2\/product_brand?post=1853"},{"taxonomy":"product_cat","embeddable":true,"href":"https:\/\/dev.muiptv.fr\/fr\/wp-json\/wp\/v2\/product_cat?post=1853"},{"taxonomy":"product_tag","embeddable":true,"href":"https:\/\/dev.muiptv.fr\/fr\/wp-json\/wp\/v2\/product_tag?post=1853"}],"curies":[{"name":"wp","href":"https:\/\/api.w.org\/{rel}","templated":true}]}}