{"id":1543,"date":"2023-09-22T19:40:04","date_gmt":"2023-09-22T18:40:04","guid":{"rendered":"https:\/\/dev.muiptv.fr\/?post_type=product&#038;p=1543"},"modified":"2025-11-25T15:00:31","modified_gmt":"2025-11-25T15:00:31","slug":"iplay-iptv-subscription%f0%9f%94%a5","status":"publish","type":"product","link":"https:\/\/dev.muiptv.fr\/fr\/produit\/iplay-iptv-subscription%f0%9f%94%a5\/","title":{"rendered":"IPLAY Abonnement IPTV\ud83d\udd25"},"content":{"rendered":"<h5><strong>Profitez de iPlay TV Premium maintenant<\/strong><\/h5>\n<p>L'abonnement iPlay TV Premium IPTV est l'une des meilleures innovations IPTV avec plus de 20 000 cha\u00eenes de t\u00e9l\u00e9vision en 4K et FULL HD.<\/p>\n<p>L'iPlay IPTV Premium TV est l'abonnement IPTV le plus rapide et le plus stable du moment.<\/p>\n<p>\u2705 <strong>iPlay TV Premium IPTV<\/strong> est compatible avec :<\/p>\n<p>\u2611\ufe0f Smart tv et Android Box<\/p>\n<p>\u2611\ufe0f Smart tv Samsung<\/p>\n<p>\u2611\ufe0f Smart tv LG<\/p>\n<p>\u2611\ufe0f Smart tv SONY<\/p>\n<p>\u2611\ufe0f Smartphone Android et IOS<\/p>\n<p>\u2611\ufe0f Tablette Android et IOS<\/p>\n<p>\u2611\ufe0f Dispositif MAG<\/p>\n<p>\u2611\ufe0f Dispositif Enigma<\/p>\n<p><strong>\u2705 iPlay TV Premium IPTV<\/strong> est compatible avec toutes les applications IPTV disponibles sur le march\u00e9 :<\/p>\n<p>\u2611\ufe0f iPlay pour Android<\/p>\n<p>\u2611\ufe0f Set IPTV<\/p>\n<p>\u2611\ufe0f Net IPTV<\/p>\n<p>\u2611\ufe0f IPTV Smarters Pro<\/p>\n<p>\u2611\ufe0f Bay IPTV<\/p>\n<p>\u2611\ufe0f Joueur IBO<\/p>\n<p>\u2611\ufe0f Hot IPTV<\/p>\n<p>\u2611\ufe0f SS IPTV<\/p>\n<p>\u2611\ufe0f Smart IPTV, etc.<\/p>\n<p>\u2705 La diff\u00e9rence entre <strong>iPlay TV Premium IPTV<\/strong> et d'autres abonnements :<\/p>\n<p>\u2611\ufe0f la stabilit\u00e9 du serveur<\/p>\n<p>\u2611\ufe0f L'organisation de la liste des canaux<\/p>\n<p>\u2611\ufe0f Qualit\u00e9 True 4K et FHD<\/p>\n<p>\u2611\ufe0f La richesse de la VOD<\/p>\n<p>\u2611\ufe0f La vitesse du zapping<\/p>\n<p>\u2705 Pour tirer le meilleur parti de la <strong>iPlay TV Premium IPTV<\/strong> il est recommand\u00e9 d'avoir un d\u00e9bit stable sup\u00e9rieur \u00e0 10MB\/S<\/p>\n<p><strong>Remarque :<\/strong><\/p>\n<p>\u2611\ufe0f N'utilisez jamais le lien d'abonnement sur deux appareils en m\u00eame temps, nos serveurs bloquent automatiquement l'acc\u00e8s si plusieurs adresses IP sont d\u00e9tect\u00e9es en m\u00eame temps pour un seul abonnement.<\/p>\n<p>\u2611\ufe0f N'utilisez votre code que sur un seul appareil et ne le communiquez \u00e0 personne.<\/p>\n<p>\u2611\ufe0f Les tests sont indisponibles Pendant les sports audience picks, Pour prot\u00e9ger nos abonn\u00e9s des risques de saturation de nos serveurs, les tests sont automatiquement bloqu\u00e9s par notre \u00e9quipe technique pendant la p\u00e9riode du match.<\/p>","protected":false},"excerpt":{"rendered":"<p>L'abonnement iPlay TV Premium IPTV comprend plus de 20 000 cha\u00eenes de t\u00e9l\u00e9vision et plus de 30 000 cha\u00eenes de vid\u00e9o \u00e0 la demande et s\u00e9ries. Le serveur iPlay TV Premium IPTV est compatible avec tous les appareils et applications.<\/p>\n<p>L'abonnement iPlay TV Pemium est un syst\u00e8me IPTV plus stable.<\/p>\n<p>iPlay TV Premium IPTV a con\u00e7u la liste des cha\u00eenes en fonction des besoins des clients finaux.<\/p>\n<p>\u2705 L'abonnement iPlay Pemium offre diff\u00e9rentes qualit\u00e9s telles que HD, FHD, 4K.<\/p>\n<p>Le serveur iPlay Pemium fournit <a href=\"https:\/\/wa.me\/message\/3DXHVXG4W2V5K1\">Assistance 24\/7.<\/a><\/p>","protected":false},"featured_media":2990,"comment_status":"open","ping_status":"closed","template":"","meta":[],"product_brand":[],"product_cat":[21],"product_tag":[],"class_list":{"0":"post-1543","1":"product","2":"type-product","3":"status-publish","4":"has-post-thumbnail","6":"product_cat-iptv-server","8":"first","9":"outofstock","10":"shipping-taxable","11":"purchasable","12":"product-type-variable","13":"has-default-attributes"},"yoast_head":"<!-- This site is optimized with the Yoast SEO plugin v26.4 - https:\/\/yoast.com\/wordpress\/plugins\/seo\/ -->\n<title>IPLAY IPTV Subscription\ud83d\udd25 - Dev MuIptv<\/title>\n<meta name=\"robots\" content=\"noindex, follow, max-snippet:-1, max-image-preview:large, max-video-preview:-1\" \/>\n<meta property=\"og:locale\" content=\"fr_FR\" \/>\n<meta property=\"og:type\" content=\"article\" \/>\n<meta property=\"og:title\" content=\"IPLAY IPTV Subscription\ud83d\udd25 - Dev MuIptv\" \/>\n<meta property=\"og:description\" content=\"The iPlay TV Premium IPTV subscription is more than 20,000 TV channels and more than 30,000 VOD and Series. The iPlay TV Premium IPTV server is compatible with all devices and applications.  \u2705 The iPlay TV Pemium subscription is an IPTV system with more stability.  \u2705 iPlay TV Premium\u00a0 IPTV has designed the list of channels according to the needs of end customers.  \u2705 The iPlay Pemium subscription offers different qualities such as HD, FHD, 4K.  \u2705 The iPlay Pemium server provides 24\/7 support.\" \/>\n<meta property=\"og:url\" content=\"https:\/\/dev.muiptv.fr\/fr\/produit\/iplay-iptv-subscription\ud83d\udd25\/\" \/>\n<meta property=\"og:site_name\" content=\"Dev MuIptv\" \/>\n<meta property=\"article:modified_time\" content=\"2025-11-25T15:00:31+00:00\" \/>\n<meta property=\"og:image\" content=\"https:\/\/dev.muiptv.fr\/wp-content\/uploads\/2023\/09\/iplay-iptv.png\" \/>\n\t<meta property=\"og:image:width\" content=\"452\" \/>\n\t<meta property=\"og:image:height\" content=\"452\" \/>\n\t<meta property=\"og:image:type\" content=\"image\/png\" \/>\n<meta name=\"twitter:card\" content=\"summary_large_image\" \/>\n<meta name=\"twitter:label1\" content=\"Dur\u00e9e de lecture estim\u00e9e\" \/>\n\t<meta name=\"twitter:data1\" content=\"2 minutes\" \/>\n<script type=\"application\/ld+json\" class=\"yoast-schema-graph\">{\"@context\":\"https:\/\/schema.org\",\"@graph\":[{\"@type\":\"WebPage\",\"@id\":\"https:\/\/dev.muiptv.fr\/product\/iplay-iptv-subscription%f0%9f%94%a5\/\",\"url\":\"https:\/\/dev.muiptv.fr\/product\/iplay-iptv-subscription%f0%9f%94%a5\/\",\"name\":\"IPLAY IPTV Subscription\ud83d\udd25 - Dev MuIptv\",\"isPartOf\":{\"@id\":\"https:\/\/muiptv.com\/#website\"},\"primaryImageOfPage\":{\"@id\":\"https:\/\/dev.muiptv.fr\/product\/iplay-iptv-subscription%f0%9f%94%a5\/#primaryimage\"},\"image\":{\"@id\":\"https:\/\/dev.muiptv.fr\/product\/iplay-iptv-subscription%f0%9f%94%a5\/#primaryimage\"},\"thumbnailUrl\":\"https:\/\/dev.muiptv.fr\/wp-content\/uploads\/2023\/09\/iplay-iptv.png\",\"datePublished\":\"2023-09-22T18:40:04+00:00\",\"dateModified\":\"2025-11-25T15:00:31+00:00\",\"breadcrumb\":{\"@id\":\"https:\/\/dev.muiptv.fr\/product\/iplay-iptv-subscription%f0%9f%94%a5\/#breadcrumb\"},\"inLanguage\":\"fr-FR\",\"potentialAction\":[{\"@type\":\"ReadAction\",\"target\":[\"https:\/\/dev.muiptv.fr\/product\/iplay-iptv-subscription%f0%9f%94%a5\/\"]}]},{\"@type\":\"ImageObject\",\"inLanguage\":\"fr-FR\",\"@id\":\"https:\/\/dev.muiptv.fr\/product\/iplay-iptv-subscription%f0%9f%94%a5\/#primaryimage\",\"url\":\"https:\/\/dev.muiptv.fr\/wp-content\/uploads\/2023\/09\/iplay-iptv.png\",\"contentUrl\":\"https:\/\/dev.muiptv.fr\/wp-content\/uploads\/2023\/09\/iplay-iptv.png\",\"width\":452,\"height\":452},{\"@type\":\"BreadcrumbList\",\"@id\":\"https:\/\/dev.muiptv.fr\/product\/iplay-iptv-subscription%f0%9f%94%a5\/#breadcrumb\",\"itemListElement\":[{\"@type\":\"ListItem\",\"position\":1,\"name\":\"Home\",\"item\":\"https:\/\/dev.muiptv.fr\/\"},{\"@type\":\"ListItem\",\"position\":2,\"name\":\"Shop\",\"item\":\"https:\/\/muiptv.com\/shop\/\"},{\"@type\":\"ListItem\",\"position\":3,\"name\":\"IPLAY IPTV Subscription\ud83d\udd25\"}]},{\"@type\":\"WebSite\",\"@id\":\"https:\/\/muiptv.com\/#website\",\"url\":\"https:\/\/muiptv.com\/\",\"name\":\"Dev MuIptv\",\"description\":\"\",\"publisher\":{\"@id\":\"https:\/\/muiptv.com\/#organization\"},\"potentialAction\":[{\"@type\":\"SearchAction\",\"target\":{\"@type\":\"EntryPoint\",\"urlTemplate\":\"https:\/\/muiptv.com\/?s={search_term_string}\"},\"query-input\":{\"@type\":\"PropertyValueSpecification\",\"valueRequired\":true,\"valueName\":\"search_term_string\"}}],\"inLanguage\":\"fr-FR\"},{\"@type\":\"Organization\",\"@id\":\"https:\/\/muiptv.com\/#organization\",\"name\":\"Dev MuIptv\",\"url\":\"https:\/\/muiptv.com\/\",\"logo\":{\"@type\":\"ImageObject\",\"inLanguage\":\"fr-FR\",\"@id\":\"https:\/\/muiptv.com\/#\/schema\/logo\/image\/\",\"url\":\"https:\/\/dev.muiptv.fr\/wp-content\/uploads\/2023\/09\/logo-png.png\",\"contentUrl\":\"https:\/\/dev.muiptv.fr\/wp-content\/uploads\/2023\/09\/logo-png.png\",\"width\":717,\"height\":228,\"caption\":\"Dev MuIptv\"},\"image\":{\"@id\":\"https:\/\/muiptv.com\/#\/schema\/logo\/image\/\"}}]}<\/script>\n<!-- \/ Yoast SEO plugin. -->","yoast_head_json":{"title":"IPLAY IPTV Subscription\ud83d\udd25 - Dev MuIptv","robots":{"index":"noindex","follow":"follow","max-snippet":"max-snippet:-1","max-image-preview":"max-image-preview:large","max-video-preview":"max-video-preview:-1"},"og_locale":"fr_FR","og_type":"article","og_title":"IPLAY IPTV Subscription\ud83d\udd25 - Dev MuIptv","og_description":"The iPlay TV Premium IPTV subscription is more than 20,000 TV channels and more than 30,000 VOD and Series. The iPlay TV Premium IPTV server is compatible with all devices and applications.  \u2705 The iPlay TV Pemium subscription is an IPTV system with more stability.  \u2705 iPlay TV Premium\u00a0 IPTV has designed the list of channels according to the needs of end customers.  \u2705 The iPlay Pemium subscription offers different qualities such as HD, FHD, 4K.  \u2705 The iPlay Pemium server provides 24\/7 support.","og_url":"https:\/\/dev.muiptv.fr\/fr\/produit\/iplay-iptv-subscription\ud83d\udd25\/","og_site_name":"Dev MuIptv","article_modified_time":"2025-11-25T15:00:31+00:00","og_image":[{"width":452,"height":452,"url":"https:\/\/dev.muiptv.fr\/wp-content\/uploads\/2023\/09\/iplay-iptv.png","type":"image\/png"}],"twitter_card":"summary_large_image","twitter_misc":{"Dur\u00e9e de lecture estim\u00e9e":"2 minutes"},"schema":{"@context":"https:\/\/schema.org","@graph":[{"@type":"WebPage","@id":"https:\/\/dev.muiptv.fr\/product\/iplay-iptv-subscription%f0%9f%94%a5\/","url":"https:\/\/dev.muiptv.fr\/product\/iplay-iptv-subscription%f0%9f%94%a5\/","name":"IPLAY IPTV Subscription\ud83d\udd25 - Dev MuIptv","isPartOf":{"@id":"https:\/\/muiptv.com\/#website"},"primaryImageOfPage":{"@id":"https:\/\/dev.muiptv.fr\/product\/iplay-iptv-subscription%f0%9f%94%a5\/#primaryimage"},"image":{"@id":"https:\/\/dev.muiptv.fr\/product\/iplay-iptv-subscription%f0%9f%94%a5\/#primaryimage"},"thumbnailUrl":"https:\/\/dev.muiptv.fr\/wp-content\/uploads\/2023\/09\/iplay-iptv.png","datePublished":"2023-09-22T18:40:04+00:00","dateModified":"2025-11-25T15:00:31+00:00","breadcrumb":{"@id":"https:\/\/dev.muiptv.fr\/product\/iplay-iptv-subscription%f0%9f%94%a5\/#breadcrumb"},"inLanguage":"fr-FR","potentialAction":[{"@type":"ReadAction","target":["https:\/\/dev.muiptv.fr\/product\/iplay-iptv-subscription%f0%9f%94%a5\/"]}]},{"@type":"ImageObject","inLanguage":"fr-FR","@id":"https:\/\/dev.muiptv.fr\/product\/iplay-iptv-subscription%f0%9f%94%a5\/#primaryimage","url":"https:\/\/dev.muiptv.fr\/wp-content\/uploads\/2023\/09\/iplay-iptv.png","contentUrl":"https:\/\/dev.muiptv.fr\/wp-content\/uploads\/2023\/09\/iplay-iptv.png","width":452,"height":452},{"@type":"BreadcrumbList","@id":"https:\/\/dev.muiptv.fr\/product\/iplay-iptv-subscription%f0%9f%94%a5\/#breadcrumb","itemListElement":[{"@type":"ListItem","position":1,"name":"Home","item":"https:\/\/dev.muiptv.fr\/"},{"@type":"ListItem","position":2,"name":"Shop","item":"https:\/\/muiptv.com\/shop\/"},{"@type":"ListItem","position":3,"name":"IPLAY IPTV Subscription\ud83d\udd25"}]},{"@type":"WebSite","@id":"https:\/\/muiptv.com\/#website","url":"https:\/\/muiptv.com\/","name":"Dev MuIptv","description":"","publisher":{"@id":"https:\/\/muiptv.com\/#organization"},"potentialAction":[{"@type":"SearchAction","target":{"@type":"EntryPoint","urlTemplate":"https:\/\/muiptv.com\/?s={search_term_string}"},"query-input":{"@type":"PropertyValueSpecification","valueRequired":true,"valueName":"search_term_string"}}],"inLanguage":"fr-FR"},{"@type":"Organization","@id":"https:\/\/muiptv.com\/#organization","name":"Dev MuIptv","url":"https:\/\/muiptv.com\/","logo":{"@type":"ImageObject","inLanguage":"fr-FR","@id":"https:\/\/muiptv.com\/#\/schema\/logo\/image\/","url":"https:\/\/dev.muiptv.fr\/wp-content\/uploads\/2023\/09\/logo-png.png","contentUrl":"https:\/\/dev.muiptv.fr\/wp-content\/uploads\/2023\/09\/logo-png.png","width":717,"height":228,"caption":"Dev MuIptv"},"image":{"@id":"https:\/\/muiptv.com\/#\/schema\/logo\/image\/"}}]}},"jetpack_sharing_enabled":true,"_links":{"self":[{"href":"https:\/\/dev.muiptv.fr\/fr\/wp-json\/wp\/v2\/product\/1543","targetHints":{"allow":["GET"]}}],"collection":[{"href":"https:\/\/dev.muiptv.fr\/fr\/wp-json\/wp\/v2\/product"}],"about":[{"href":"https:\/\/dev.muiptv.fr\/fr\/wp-json\/wp\/v2\/types\/product"}],"replies":[{"embeddable":true,"href":"https:\/\/dev.muiptv.fr\/fr\/wp-json\/wp\/v2\/comments?post=1543"}],"wp:featuredmedia":[{"embeddable":true,"href":"https:\/\/dev.muiptv.fr\/fr\/wp-json\/wp\/v2\/media\/2990"}],"wp:attachment":[{"href":"https:\/\/dev.muiptv.fr\/fr\/wp-json\/wp\/v2\/media?parent=1543"}],"wp:term":[{"taxonomy":"product_brand","embeddable":true,"href":"https:\/\/dev.muiptv.fr\/fr\/wp-json\/wp\/v2\/product_brand?post=1543"},{"taxonomy":"product_cat","embeddable":true,"href":"https:\/\/dev.muiptv.fr\/fr\/wp-json\/wp\/v2\/product_cat?post=1543"},{"taxonomy":"product_tag","embeddable":true,"href":"https:\/\/dev.muiptv.fr\/fr\/wp-json\/wp\/v2\/product_tag?post=1543"}],"curies":[{"name":"wp","href":"https:\/\/api.w.org\/{rel}","templated":true}]}}