{"id":1062,"date":"2023-09-12T20:14:39","date_gmt":"2023-09-12T19:14:39","guid":{"rendered":"https:\/\/dev.muiptv.fr\/?post_type=product&#038;p=1062"},"modified":"2025-11-25T17:12:51","modified_gmt":"2025-11-25T17:12:51","slug":"panel-dream-4k-iptv-10-codes%f0%9f%94%a5","status":"publish","type":"product","link":"https:\/\/dev.muiptv.fr\/fr\/produit\/panel-dream-4k-iptv-10-codes%f0%9f%94%a5\/","title":{"rendered":"PANEL DREAM 4K IPTV - 10 CODES\ud83d\udd25"},"content":{"rendered":"<p>Donnez \u00e0 votre activit\u00e9 IPTV un avantage concurrentiel fort en devenant un revendeur IPTV avec l'abonnement au pack revendeur DREAM 4K IPTV.<\/p>\n<p>Laissez-nous vous r\u00e9v\u00e9ler un petit secret : \"Vous pouvez gagner beaucoup d'argent en g\u00e9rant votre propre entreprise de revente IPTV\".<\/p>\n<p>Pourtant, il y a tr\u00e8s peu de fournisseurs de TVIP qui apportent de la valeur, de la qualit\u00e9 et de l'exp\u00e9rience aux utilisateurs finaux. Ce d\u00e9s\u00e9quilibre, coupl\u00e9<br \/>\navec l'\u00e9norme demande de t\u00e9l\u00e9vision en direct de qualit\u00e9 et de vid\u00e9o \u00e0 la demande, signifie que vous pouvez gagner beaucoup d'argent en revendant de la t\u00e9l\u00e9vision sur IP.<\/p>\n<p>La partie la plus difficile de cette activit\u00e9 est de trouver un fournisseur qui offre un service de haute qualit\u00e9 et une bonne marge b\u00e9n\u00e9ficiaire. Heureusement,<br \/>\nc'est exactement ce que nous offrons. Notre entreprise de revente IPTV offre le prix le plus bas du march\u00e9, aucun autre fournisseur sur le march\u00e9.<br \/>\noffrant un tel niveau de qualit\u00e9 de service \u00e0 un prix aussi bas.<\/p>\n<p>Peu importe que vous souhaitiez vendre des abonnements dans le monde entier, car nous disposons d'un grand nombre de canaux.<br \/>\nVous pouvez choisir n'importe quel pays comme march\u00e9 cible.<\/p>\n<p><strong>Le facteur cl\u00e9 qui contribue au succ\u00e8s de votre activit\u00e9 de revendeur IPTV est la satisfaction du client.<\/strong><br \/>\nPourquoi ? Parce qu'il s'agit d'un syst\u00e8me d'abonnement et que lorsque les clients sont pleinement satisfaits du service, ils le font.<br \/>\nle renouveler encore et encore pendant des mois et des ann\u00e9es, ce qui vous permettra d'obtenir plus d'argent d'un seul client.<\/p>\n<p><strong>COMMENCEZ VOTRE PANEL IPTV D\u00c8S MAINTENANT !<\/strong><\/p>\n<p>\u2705 G\u00e9n\u00e9rer un essai gratuit<\/p>\n<p>\u2705 Ajouter un abonnement<\/p>\n<p>\u2705 Ajouter un sous-revendeur<\/p>\n<p>\u2705 Gestion compl\u00e8te de vos clients<\/p>\n<p>\u2705 <a href=\"https:\/\/wa.me\/message\/UR2SYSKT62NRK1\">Assistance 24\/7<\/a><\/p>","protected":false},"excerpt":{"rendered":"<p><strong>COMMENCEZ VOTRE PANEL IPTV D\u00c8S MAINTENANT !<\/strong><\/p>\n<p>\u2705 G\u00e9n\u00e9rer un essai gratuit<br \/>\n\u2705 Ajouter un abonnement<br \/>\n\u2705 Ajouter un sous-revendeur<br \/>\n\u2705 Gestion compl\u00e8te de vos clients<br \/>\n\u2705 <a href=\"https:\/\/wa.me\/message\/UR2SYSKT62NRK1\">Assistance 24\/7<\/a><\/p>","protected":false},"featured_media":3009,"comment_status":"open","ping_status":"closed","template":"","meta":[],"product_brand":[],"product_cat":[23],"product_tag":[],"class_list":{"0":"post-1062","1":"product","2":"type-product","3":"status-publish","4":"has-post-thumbnail","6":"product_cat-resellers","8":"first","9":"instock","10":"sold-individually","11":"shipping-taxable","12":"purchasable","13":"product-type-variable","14":"has-default-attributes"},"yoast_head":"<!-- This site is optimized with the Yoast SEO plugin v26.4 - https:\/\/yoast.com\/wordpress\/plugins\/seo\/ -->\n<title>PANEL DREAM 4K IPTV - 10 CODES\ud83d\udd25 - Dev MuIptv<\/title>\n<meta name=\"robots\" content=\"noindex, follow, max-snippet:-1, max-image-preview:large, max-video-preview:-1\" \/>\n<meta property=\"og:locale\" content=\"fr_FR\" \/>\n<meta property=\"og:type\" content=\"article\" \/>\n<meta property=\"og:title\" content=\"PANEL DREAM 4K IPTV - 10 CODES\ud83d\udd25 - Dev MuIptv\" \/>\n<meta property=\"og:description\" content=\"START YOUR IPTV PANEL NOW!  \u2705 Generate a free trial \u2705 Add a subscription \u2705 Add a sub-reseller \u2705 Complete management of your customers \u2705 Support 24\/7\" \/>\n<meta property=\"og:url\" content=\"https:\/\/dev.muiptv.fr\/fr\/produit\/panel-dream-4k-iptv-10-codes\ud83d\udd25\/\" \/>\n<meta property=\"og:site_name\" content=\"Dev MuIptv\" \/>\n<meta property=\"article:modified_time\" content=\"2025-11-25T17:12:51+00:00\" \/>\n<meta property=\"og:image\" content=\"https:\/\/dev.muiptv.fr\/wp-content\/uploads\/2023\/09\/DREAM-4K.png\" \/>\n\t<meta property=\"og:image:width\" content=\"452\" \/>\n\t<meta property=\"og:image:height\" content=\"452\" \/>\n\t<meta property=\"og:image:type\" content=\"image\/png\" \/>\n<meta name=\"twitter:card\" content=\"summary_large_image\" \/>\n<meta name=\"twitter:label1\" content=\"Dur\u00e9e de lecture estim\u00e9e\" \/>\n\t<meta name=\"twitter:data1\" content=\"2 minutes\" \/>\n<script type=\"application\/ld+json\" class=\"yoast-schema-graph\">{\"@context\":\"https:\/\/schema.org\",\"@graph\":[{\"@type\":\"WebPage\",\"@id\":\"https:\/\/dev.muiptv.fr\/product\/panel-dream-4k-iptv-10-codes%f0%9f%94%a5\/\",\"url\":\"https:\/\/dev.muiptv.fr\/product\/panel-dream-4k-iptv-10-codes%f0%9f%94%a5\/\",\"name\":\"PANEL DREAM 4K IPTV - 10 CODES\ud83d\udd25 - Dev MuIptv\",\"isPartOf\":{\"@id\":\"https:\/\/muiptv.com\/#website\"},\"primaryImageOfPage\":{\"@id\":\"https:\/\/dev.muiptv.fr\/product\/panel-dream-4k-iptv-10-codes%f0%9f%94%a5\/#primaryimage\"},\"image\":{\"@id\":\"https:\/\/dev.muiptv.fr\/product\/panel-dream-4k-iptv-10-codes%f0%9f%94%a5\/#primaryimage\"},\"thumbnailUrl\":\"https:\/\/dev.muiptv.fr\/wp-content\/uploads\/2023\/09\/DREAM-4K.png\",\"datePublished\":\"2023-09-12T19:14:39+00:00\",\"dateModified\":\"2025-11-25T17:12:51+00:00\",\"breadcrumb\":{\"@id\":\"https:\/\/dev.muiptv.fr\/product\/panel-dream-4k-iptv-10-codes%f0%9f%94%a5\/#breadcrumb\"},\"inLanguage\":\"fr-FR\",\"potentialAction\":[{\"@type\":\"ReadAction\",\"target\":[\"https:\/\/dev.muiptv.fr\/product\/panel-dream-4k-iptv-10-codes%f0%9f%94%a5\/\"]}]},{\"@type\":\"ImageObject\",\"inLanguage\":\"fr-FR\",\"@id\":\"https:\/\/dev.muiptv.fr\/product\/panel-dream-4k-iptv-10-codes%f0%9f%94%a5\/#primaryimage\",\"url\":\"https:\/\/dev.muiptv.fr\/wp-content\/uploads\/2023\/09\/DREAM-4K.png\",\"contentUrl\":\"https:\/\/dev.muiptv.fr\/wp-content\/uploads\/2023\/09\/DREAM-4K.png\",\"width\":452,\"height\":452},{\"@type\":\"BreadcrumbList\",\"@id\":\"https:\/\/dev.muiptv.fr\/product\/panel-dream-4k-iptv-10-codes%f0%9f%94%a5\/#breadcrumb\",\"itemListElement\":[{\"@type\":\"ListItem\",\"position\":1,\"name\":\"Home\",\"item\":\"https:\/\/dev.muiptv.fr\/\"},{\"@type\":\"ListItem\",\"position\":2,\"name\":\"Shop\",\"item\":\"https:\/\/muiptv.com\/shop\/\"},{\"@type\":\"ListItem\",\"position\":3,\"name\":\"PANEL DREAM 4K IPTV &#8211; 10 CODES\ud83d\udd25\"}]},{\"@type\":\"WebSite\",\"@id\":\"https:\/\/muiptv.com\/#website\",\"url\":\"https:\/\/muiptv.com\/\",\"name\":\"Dev MuIptv\",\"description\":\"\",\"publisher\":{\"@id\":\"https:\/\/muiptv.com\/#organization\"},\"potentialAction\":[{\"@type\":\"SearchAction\",\"target\":{\"@type\":\"EntryPoint\",\"urlTemplate\":\"https:\/\/muiptv.com\/?s={search_term_string}\"},\"query-input\":{\"@type\":\"PropertyValueSpecification\",\"valueRequired\":true,\"valueName\":\"search_term_string\"}}],\"inLanguage\":\"fr-FR\"},{\"@type\":\"Organization\",\"@id\":\"https:\/\/muiptv.com\/#organization\",\"name\":\"Dev MuIptv\",\"url\":\"https:\/\/muiptv.com\/\",\"logo\":{\"@type\":\"ImageObject\",\"inLanguage\":\"fr-FR\",\"@id\":\"https:\/\/muiptv.com\/#\/schema\/logo\/image\/\",\"url\":\"https:\/\/dev.muiptv.fr\/wp-content\/uploads\/2023\/09\/logo-png.png\",\"contentUrl\":\"https:\/\/dev.muiptv.fr\/wp-content\/uploads\/2023\/09\/logo-png.png\",\"width\":717,\"height\":228,\"caption\":\"Dev MuIptv\"},\"image\":{\"@id\":\"https:\/\/muiptv.com\/#\/schema\/logo\/image\/\"}}]}<\/script>\n<!-- \/ Yoast SEO plugin. -->","yoast_head_json":{"title":"PANEL DREAM 4K IPTV - 10 CODES\ud83d\udd25 - Dev MuIptv","robots":{"index":"noindex","follow":"follow","max-snippet":"max-snippet:-1","max-image-preview":"max-image-preview:large","max-video-preview":"max-video-preview:-1"},"og_locale":"fr_FR","og_type":"article","og_title":"PANEL DREAM 4K IPTV - 10 CODES\ud83d\udd25 - Dev MuIptv","og_description":"START YOUR IPTV PANEL NOW!  \u2705 Generate a free trial \u2705 Add a subscription \u2705 Add a sub-reseller \u2705 Complete management of your customers \u2705 Support 24\/7","og_url":"https:\/\/dev.muiptv.fr\/fr\/produit\/panel-dream-4k-iptv-10-codes\ud83d\udd25\/","og_site_name":"Dev MuIptv","article_modified_time":"2025-11-25T17:12:51+00:00","og_image":[{"width":452,"height":452,"url":"https:\/\/dev.muiptv.fr\/wp-content\/uploads\/2023\/09\/DREAM-4K.png","type":"image\/png"}],"twitter_card":"summary_large_image","twitter_misc":{"Dur\u00e9e de lecture estim\u00e9e":"2 minutes"},"schema":{"@context":"https:\/\/schema.org","@graph":[{"@type":"WebPage","@id":"https:\/\/dev.muiptv.fr\/product\/panel-dream-4k-iptv-10-codes%f0%9f%94%a5\/","url":"https:\/\/dev.muiptv.fr\/product\/panel-dream-4k-iptv-10-codes%f0%9f%94%a5\/","name":"PANEL DREAM 4K IPTV - 10 CODES\ud83d\udd25 - Dev MuIptv","isPartOf":{"@id":"https:\/\/muiptv.com\/#website"},"primaryImageOfPage":{"@id":"https:\/\/dev.muiptv.fr\/product\/panel-dream-4k-iptv-10-codes%f0%9f%94%a5\/#primaryimage"},"image":{"@id":"https:\/\/dev.muiptv.fr\/product\/panel-dream-4k-iptv-10-codes%f0%9f%94%a5\/#primaryimage"},"thumbnailUrl":"https:\/\/dev.muiptv.fr\/wp-content\/uploads\/2023\/09\/DREAM-4K.png","datePublished":"2023-09-12T19:14:39+00:00","dateModified":"2025-11-25T17:12:51+00:00","breadcrumb":{"@id":"https:\/\/dev.muiptv.fr\/product\/panel-dream-4k-iptv-10-codes%f0%9f%94%a5\/#breadcrumb"},"inLanguage":"fr-FR","potentialAction":[{"@type":"ReadAction","target":["https:\/\/dev.muiptv.fr\/product\/panel-dream-4k-iptv-10-codes%f0%9f%94%a5\/"]}]},{"@type":"ImageObject","inLanguage":"fr-FR","@id":"https:\/\/dev.muiptv.fr\/product\/panel-dream-4k-iptv-10-codes%f0%9f%94%a5\/#primaryimage","url":"https:\/\/dev.muiptv.fr\/wp-content\/uploads\/2023\/09\/DREAM-4K.png","contentUrl":"https:\/\/dev.muiptv.fr\/wp-content\/uploads\/2023\/09\/DREAM-4K.png","width":452,"height":452},{"@type":"BreadcrumbList","@id":"https:\/\/dev.muiptv.fr\/product\/panel-dream-4k-iptv-10-codes%f0%9f%94%a5\/#breadcrumb","itemListElement":[{"@type":"ListItem","position":1,"name":"Home","item":"https:\/\/dev.muiptv.fr\/"},{"@type":"ListItem","position":2,"name":"Shop","item":"https:\/\/muiptv.com\/shop\/"},{"@type":"ListItem","position":3,"name":"PANEL DREAM 4K IPTV &#8211; 10 CODES\ud83d\udd25"}]},{"@type":"WebSite","@id":"https:\/\/muiptv.com\/#website","url":"https:\/\/muiptv.com\/","name":"Dev MuIptv","description":"","publisher":{"@id":"https:\/\/muiptv.com\/#organization"},"potentialAction":[{"@type":"SearchAction","target":{"@type":"EntryPoint","urlTemplate":"https:\/\/muiptv.com\/?s={search_term_string}"},"query-input":{"@type":"PropertyValueSpecification","valueRequired":true,"valueName":"search_term_string"}}],"inLanguage":"fr-FR"},{"@type":"Organization","@id":"https:\/\/muiptv.com\/#organization","name":"Dev MuIptv","url":"https:\/\/muiptv.com\/","logo":{"@type":"ImageObject","inLanguage":"fr-FR","@id":"https:\/\/muiptv.com\/#\/schema\/logo\/image\/","url":"https:\/\/dev.muiptv.fr\/wp-content\/uploads\/2023\/09\/logo-png.png","contentUrl":"https:\/\/dev.muiptv.fr\/wp-content\/uploads\/2023\/09\/logo-png.png","width":717,"height":228,"caption":"Dev MuIptv"},"image":{"@id":"https:\/\/muiptv.com\/#\/schema\/logo\/image\/"}}]}},"jetpack_sharing_enabled":true,"_links":{"self":[{"href":"https:\/\/dev.muiptv.fr\/fr\/wp-json\/wp\/v2\/product\/1062","targetHints":{"allow":["GET"]}}],"collection":[{"href":"https:\/\/dev.muiptv.fr\/fr\/wp-json\/wp\/v2\/product"}],"about":[{"href":"https:\/\/dev.muiptv.fr\/fr\/wp-json\/wp\/v2\/types\/product"}],"replies":[{"embeddable":true,"href":"https:\/\/dev.muiptv.fr\/fr\/wp-json\/wp\/v2\/comments?post=1062"}],"wp:featuredmedia":[{"embeddable":true,"href":"https:\/\/dev.muiptv.fr\/fr\/wp-json\/wp\/v2\/media\/3009"}],"wp:attachment":[{"href":"https:\/\/dev.muiptv.fr\/fr\/wp-json\/wp\/v2\/media?parent=1062"}],"wp:term":[{"taxonomy":"product_brand","embeddable":true,"href":"https:\/\/dev.muiptv.fr\/fr\/wp-json\/wp\/v2\/product_brand?post=1062"},{"taxonomy":"product_cat","embeddable":true,"href":"https:\/\/dev.muiptv.fr\/fr\/wp-json\/wp\/v2\/product_cat?post=1062"},{"taxonomy":"product_tag","embeddable":true,"href":"https:\/\/dev.muiptv.fr\/fr\/wp-json\/wp\/v2\/product_tag?post=1062"}],"curies":[{"name":"wp","href":"https:\/\/api.w.org\/{rel}","templated":true}]}}