{"id":626,"date":"2023-09-11T22:12:25","date_gmt":"2023-09-11T21:12:25","guid":{"rendered":"https:\/\/dev.muiptv.fr\/?page_id=626"},"modified":"2024-09-02T18:53:14","modified_gmt":"2024-09-02T17:53:14","slug":"about-us","status":"publish","type":"page","link":"https:\/\/dev.muiptv.fr\/fr\/about-us\/","title":{"rendered":"\u00c0 propos"},"content":{"rendered":"<div data-elementor-type=\"wp-page\" data-elementor-id=\"626\" class=\"elementor elementor-626\" data-elementor-post-type=\"page\">\n\t\t\t\t\t\t<section data-particle_enable=\"false\" data-particle-mobile-disabled=\"false\" class=\"elementor-section elementor-top-section elementor-element elementor-element-48f56fc elementor-section-boxed elementor-section-height-default elementor-section-height-default\" data-id=\"48f56fc\" data-element_type=\"section\">\n\t\t\t\t\t\t<div class=\"elementor-container elementor-column-gap-default\">\n\t\t\t\t\t<div class=\"elementor-column elementor-col-50 elementor-top-column elementor-element elementor-element-4837583\" data-id=\"4837583\" data-element_type=\"column\">\n\t\t\t<div class=\"elementor-widget-wrap elementor-element-populated\">\n\t\t\t\t\t\t<div class=\"elementor-element elementor-element-503de0d elementor-widget elementor-widget-heading\" data-id=\"503de0d\" data-element_type=\"widget\" data-widget_type=\"heading.default\">\n\t\t\t\t<div class=\"elementor-widget-container\">\n\t\t\t\t\t<h2 class=\"elementor-heading-title elementor-size-default\">\u00c0 propos <span style=\"color:#D11316\">Muiptv<\/span> <\/h2>\t\t\t\t<\/div>\n\t\t\t\t<\/div>\n\t\t\t\t<div class=\"elementor-element elementor-element-7da0fcc elementor-widget elementor-widget-text-editor\" data-id=\"7da0fcc\" data-element_type=\"widget\" data-widget_type=\"text-editor.default\">\n\t\t\t\t<div class=\"elementor-widget-container\">\n\t\t\t\t\t\t\t\t\t<p>Chez MUIPTV, nous sommes passionn\u00e9s par l'IPTV et nous fournissons \u00e0 nos clients la meilleure exp\u00e9rience de visionnage possible. Notre \u00e9quipe s'engage \u00e0 offrir un service IPTV de la plus haute qualit\u00e9, avec plus de 35 000 cha\u00eenes parmi lesquelles choisir et une large gamme de contenus, de la t\u00e9l\u00e9vision en direct \u00e0 la programmation \u00e0 la demande.<\/p><p>Nous croyons en la priorit\u00e9 de nos clients, c'est pourquoi nous offrons un support client disponible 24\/7 pour vous aider avec toutes les questions ou probl\u00e8mes qui peuvent survenir. Notre objectif est de fournir une exp\u00e9rience de visionnage fluide, accessible \u00e0 tous, partout, et \u00e0 tout moment.<\/p>\t\t\t\t\t\t\t\t<\/div>\n\t\t\t\t<\/div>\n\t\t\t\t\t<\/div>\n\t\t<\/div>\n\t\t\t\t<div class=\"elementor-column elementor-col-50 elementor-top-column elementor-element elementor-element-1e92280\" data-id=\"1e92280\" data-element_type=\"column\">\n\t\t\t<div class=\"elementor-widget-wrap elementor-element-populated\">\n\t\t\t\t\t\t<section data-particle_enable=\"false\" data-particle-mobile-disabled=\"false\" class=\"elementor-section elementor-inner-section elementor-element elementor-element-e3ec321 elementor-section-boxed elementor-section-height-default elementor-section-height-default\" data-id=\"e3ec321\" data-element_type=\"section\">\n\t\t\t\t\t\t<div class=\"elementor-container elementor-column-gap-default\">\n\t\t\t\t\t<div class=\"elementor-column elementor-col-50 elementor-inner-column elementor-element elementor-element-d62bc42\" data-id=\"d62bc42\" data-element_type=\"column\" data-settings=\"{&quot;background_background&quot;:&quot;classic&quot;}\">\n\t\t\t<div class=\"elementor-widget-wrap elementor-element-populated\">\n\t\t\t\t\t\t<div class=\"elementor-element elementor-element-a62d25d elementor-widget elementor-widget-image\" data-id=\"a62d25d\" data-element_type=\"widget\" data-widget_type=\"image.default\">\n\t\t\t\t<div class=\"elementor-widget-container\">\n\t\t\t\t\t\t\t\t\t\t\t\t\t\t\t<img fetchpriority=\"high\" decoding=\"async\" width=\"260\" height=\"215\" src=\"https:\/\/dev.muiptv.fr\/wp-content\/uploads\/2023\/09\/about-4.jpg\" class=\"attachment-full size-full wp-image-636\" alt=\"\" \/>\t\t\t\t\t\t\t\t\t\t\t\t\t\t\t<\/div>\n\t\t\t\t<\/div>\n\t\t\t\t<div class=\"elementor-element elementor-element-8b7f710 elementor-widget elementor-widget-text-editor\" data-id=\"8b7f710\" data-element_type=\"widget\" data-widget_type=\"text-editor.default\">\n\t\t\t\t<div class=\"elementor-widget-container\">\n\t\t\t\t\t\t\t\t\t<p>Merci d'avoir choisi MUIPTV pour vos besoins IPTV. Nous sommes d\u00e9termin\u00e9s \u00e0 continuer d'am\u00e9liorer notre service et \u00e0 vous offrir la meilleure exp\u00e9rience de visionnage possible.<\/p>\t\t\t\t\t\t\t\t<\/div>\n\t\t\t\t<\/div>\n\t\t\t\t\t<\/div>\n\t\t<\/div>\n\t\t\t\t<div class=\"elementor-column elementor-col-50 elementor-inner-column elementor-element elementor-element-f385ef6\" data-id=\"f385ef6\" data-element_type=\"column\">\n\t\t\t<div class=\"elementor-widget-wrap elementor-element-populated\">\n\t\t\t\t\t\t<div class=\"elementor-element elementor-element-cdbf586 elementor-widget__width-inherit elementor-widget elementor-widget-image\" data-id=\"cdbf586\" data-element_type=\"widget\" data-widget_type=\"image.default\">\n\t\t\t\t<div class=\"elementor-widget-container\">\n\t\t\t\t\t\t\t\t\t\t\t\t\t\t\t<img decoding=\"async\" width=\"626\" height=\"1002\" src=\"https:\/\/dev.muiptv.fr\/wp-content\/uploads\/2023\/09\/img_wellcom_Home01-6GSYTJ7.jpg\" class=\"attachment-full size-full wp-image-635\" alt=\"\" srcset=\"https:\/\/dev.muiptv.fr\/wp-content\/uploads\/2023\/09\/img_wellcom_Home01-6GSYTJ7.jpg 626w, https:\/\/dev.muiptv.fr\/wp-content\/uploads\/2023\/09\/img_wellcom_Home01-6GSYTJ7-600x960.jpg 600w, https:\/\/dev.muiptv.fr\/wp-content\/uploads\/2023\/09\/img_wellcom_Home01-6GSYTJ7-187x300.jpg 187w\" sizes=\"(max-width: 626px) 100vw, 626px\" \/>\t\t\t\t\t\t\t\t\t\t\t\t\t\t\t<\/div>\n\t\t\t\t<\/div>\n\t\t\t\t\t<\/div>\n\t\t<\/div>\n\t\t\t\t\t<\/div>\n\t\t<\/section>\n\t\t\t\t\t<\/div>\n\t\t<\/div>\n\t\t\t\t\t<\/div>\n\t\t<\/section>\n\t\t\t\t<section data-particle_enable=\"false\" data-particle-mobile-disabled=\"false\" class=\"elementor-section elementor-top-section elementor-element elementor-element-b704025 elementor-section-boxed elementor-section-height-default elementor-section-height-default\" data-id=\"b704025\" data-element_type=\"section\" data-settings=\"{&quot;background_background&quot;:&quot;classic&quot;}\">\n\t\t\t\t\t\t<div class=\"elementor-container elementor-column-gap-default\">\n\t\t\t\t\t<div class=\"elementor-column elementor-col-100 elementor-top-column elementor-element elementor-element-e611c40\" data-id=\"e611c40\" data-element_type=\"column\">\n\t\t\t<div class=\"elementor-widget-wrap elementor-element-populated\">\n\t\t\t\t\t\t<div class=\"elementor-element elementor-element-f5da42a elementor-widget elementor-widget-text-editor\" data-id=\"f5da42a\" data-element_type=\"widget\" data-widget_type=\"text-editor.default\">\n\t\t\t\t<div class=\"elementor-widget-container\">\n\t\t\t\t\t\t\t\t\tNous croyons en la priorit\u00e9 de nos clients, c'est pourquoi nous offrons un support client disponible 24\/7 pour vous aider avec toutes les questions ou probl\u00e8mes qui peuvent survenir. Notre objectif est de fournir une exp\u00e9rience de visionnage fluide, accessible \u00e0 tous, partout, et \u00e0 tout moment.\t\t\t\t\t\t\t\t<\/div>\n\t\t\t\t<\/div>\n\t\t\t\t\t<\/div>\n\t\t<\/div>\n\t\t\t\t\t<\/div>\n\t\t<\/section>\n\t\t\t\t<\/div>","protected":false},"excerpt":{"rendered":"<p>About Muiptv At MUIPTV, we\u2019re passionate about IPTV and providing our customers with the best possible viewing experience. Our team is dedicated to delivering a high-quality service that\u2019s both reliable and easy to use. We\u2019re constantly updating our selection of channels and VOD content to ensure that our customers have access to the latest and [&hellip;]<\/p>","protected":false},"author":1,"featured_media":0,"parent":0,"menu_order":0,"comment_status":"closed","ping_status":"closed","template":"","meta":{"footnotes":""},"class_list":["post-626","page","type-page","status-publish","hentry"],"yoast_head":"<!-- This site is optimized with the Yoast SEO plugin v26.4 - https:\/\/yoast.com\/wordpress\/plugins\/seo\/ -->\n<title>About Us - Dev MuIptv<\/title>\n<meta name=\"robots\" content=\"noindex, follow, max-snippet:-1, max-image-preview:large, max-video-preview:-1\" \/>\n<meta property=\"og:locale\" content=\"fr_FR\" \/>\n<meta property=\"og:type\" content=\"article\" \/>\n<meta property=\"og:title\" content=\"About Us - Dev MuIptv\" \/>\n<meta property=\"og:description\" content=\"About Muiptv At MUIPTV, we\u2019re passionate about IPTV and providing our customers with the best possible viewing experience. Our team is dedicated to delivering a high-quality service that\u2019s both reliable and easy to use. We\u2019re constantly updating our selection of channels and VOD content to ensure that our customers have access to the latest and [&hellip;]\" \/>\n<meta property=\"og:url\" content=\"https:\/\/dev.muiptv.fr\/fr\/about-us\/\" \/>\n<meta property=\"og:site_name\" content=\"Dev MuIptv\" \/>\n<meta property=\"article:modified_time\" content=\"2024-09-02T17:53:14+00:00\" \/>\n<meta property=\"og:image\" content=\"https:\/\/dev.muiptv.fr\/wp-content\/uploads\/2023\/09\/about-4.jpg\" \/>\n<meta name=\"twitter:card\" content=\"summary_large_image\" \/>\n<meta name=\"twitter:label1\" content=\"Dur\u00e9e de lecture estim\u00e9e\" \/>\n\t<meta name=\"twitter:data1\" content=\"2 minutes\" \/>\n<script type=\"application\/ld+json\" class=\"yoast-schema-graph\">{\"@context\":\"https:\/\/schema.org\",\"@graph\":[{\"@type\":\"WebPage\",\"@id\":\"https:\/\/dev.muiptv.fr\/about-us\/\",\"url\":\"https:\/\/dev.muiptv.fr\/about-us\/\",\"name\":\"About Us - Dev MuIptv\",\"isPartOf\":{\"@id\":\"https:\/\/muiptv.com\/#website\"},\"primaryImageOfPage\":{\"@id\":\"https:\/\/dev.muiptv.fr\/about-us\/#primaryimage\"},\"image\":{\"@id\":\"https:\/\/dev.muiptv.fr\/about-us\/#primaryimage\"},\"thumbnailUrl\":\"https:\/\/dev.muiptv.fr\/wp-content\/uploads\/2023\/09\/about-4.jpg\",\"datePublished\":\"2023-09-11T21:12:25+00:00\",\"dateModified\":\"2024-09-02T17:53:14+00:00\",\"breadcrumb\":{\"@id\":\"https:\/\/dev.muiptv.fr\/about-us\/#breadcrumb\"},\"inLanguage\":\"fr-FR\",\"potentialAction\":[{\"@type\":\"ReadAction\",\"target\":[\"https:\/\/dev.muiptv.fr\/about-us\/\"]}]},{\"@type\":\"ImageObject\",\"inLanguage\":\"fr-FR\",\"@id\":\"https:\/\/dev.muiptv.fr\/about-us\/#primaryimage\",\"url\":\"https:\/\/dev.muiptv.fr\/wp-content\/uploads\/2023\/09\/about-4.jpg\",\"contentUrl\":\"https:\/\/dev.muiptv.fr\/wp-content\/uploads\/2023\/09\/about-4.jpg\"},{\"@type\":\"BreadcrumbList\",\"@id\":\"https:\/\/dev.muiptv.fr\/about-us\/#breadcrumb\",\"itemListElement\":[{\"@type\":\"ListItem\",\"position\":1,\"name\":\"Home\",\"item\":\"https:\/\/dev.muiptv.fr\/\"},{\"@type\":\"ListItem\",\"position\":2,\"name\":\"About Us\"}]},{\"@type\":\"WebSite\",\"@id\":\"https:\/\/muiptv.com\/#website\",\"url\":\"https:\/\/muiptv.com\/\",\"name\":\"Dev MuIptv\",\"description\":\"\",\"publisher\":{\"@id\":\"https:\/\/muiptv.com\/#organization\"},\"potentialAction\":[{\"@type\":\"SearchAction\",\"target\":{\"@type\":\"EntryPoint\",\"urlTemplate\":\"https:\/\/muiptv.com\/?s={search_term_string}\"},\"query-input\":{\"@type\":\"PropertyValueSpecification\",\"valueRequired\":true,\"valueName\":\"search_term_string\"}}],\"inLanguage\":\"fr-FR\"},{\"@type\":\"Organization\",\"@id\":\"https:\/\/muiptv.com\/#organization\",\"name\":\"Dev MuIptv\",\"url\":\"https:\/\/muiptv.com\/\",\"logo\":{\"@type\":\"ImageObject\",\"inLanguage\":\"fr-FR\",\"@id\":\"https:\/\/muiptv.com\/#\/schema\/logo\/image\/\",\"url\":\"https:\/\/dev.muiptv.fr\/wp-content\/uploads\/2023\/09\/logo-png.png\",\"contentUrl\":\"https:\/\/dev.muiptv.fr\/wp-content\/uploads\/2023\/09\/logo-png.png\",\"width\":717,\"height\":228,\"caption\":\"Dev MuIptv\"},\"image\":{\"@id\":\"https:\/\/muiptv.com\/#\/schema\/logo\/image\/\"}}]}<\/script>\n<!-- \/ Yoast SEO plugin. -->","yoast_head_json":{"title":"About Us - Dev MuIptv","robots":{"index":"noindex","follow":"follow","max-snippet":"max-snippet:-1","max-image-preview":"max-image-preview:large","max-video-preview":"max-video-preview:-1"},"og_locale":"fr_FR","og_type":"article","og_title":"About Us - Dev MuIptv","og_description":"About Muiptv At MUIPTV, we\u2019re passionate about IPTV and providing our customers with the best possible viewing experience. Our team is dedicated to delivering a high-quality service that\u2019s both reliable and easy to use. We\u2019re constantly updating our selection of channels and VOD content to ensure that our customers have access to the latest and [&hellip;]","og_url":"https:\/\/dev.muiptv.fr\/fr\/about-us\/","og_site_name":"Dev MuIptv","article_modified_time":"2024-09-02T17:53:14+00:00","og_image":[{"url":"https:\/\/dev.muiptv.fr\/wp-content\/uploads\/2023\/09\/about-4.jpg","type":"","width":"","height":""}],"twitter_card":"summary_large_image","twitter_misc":{"Dur\u00e9e de lecture estim\u00e9e":"2 minutes"},"schema":{"@context":"https:\/\/schema.org","@graph":[{"@type":"WebPage","@id":"https:\/\/dev.muiptv.fr\/about-us\/","url":"https:\/\/dev.muiptv.fr\/about-us\/","name":"About Us - Dev MuIptv","isPartOf":{"@id":"https:\/\/muiptv.com\/#website"},"primaryImageOfPage":{"@id":"https:\/\/dev.muiptv.fr\/about-us\/#primaryimage"},"image":{"@id":"https:\/\/dev.muiptv.fr\/about-us\/#primaryimage"},"thumbnailUrl":"https:\/\/dev.muiptv.fr\/wp-content\/uploads\/2023\/09\/about-4.jpg","datePublished":"2023-09-11T21:12:25+00:00","dateModified":"2024-09-02T17:53:14+00:00","breadcrumb":{"@id":"https:\/\/dev.muiptv.fr\/about-us\/#breadcrumb"},"inLanguage":"fr-FR","potentialAction":[{"@type":"ReadAction","target":["https:\/\/dev.muiptv.fr\/about-us\/"]}]},{"@type":"ImageObject","inLanguage":"fr-FR","@id":"https:\/\/dev.muiptv.fr\/about-us\/#primaryimage","url":"https:\/\/dev.muiptv.fr\/wp-content\/uploads\/2023\/09\/about-4.jpg","contentUrl":"https:\/\/dev.muiptv.fr\/wp-content\/uploads\/2023\/09\/about-4.jpg"},{"@type":"BreadcrumbList","@id":"https:\/\/dev.muiptv.fr\/about-us\/#breadcrumb","itemListElement":[{"@type":"ListItem","position":1,"name":"Home","item":"https:\/\/dev.muiptv.fr\/"},{"@type":"ListItem","position":2,"name":"About Us"}]},{"@type":"WebSite","@id":"https:\/\/muiptv.com\/#website","url":"https:\/\/muiptv.com\/","name":"Dev MuIptv","description":"","publisher":{"@id":"https:\/\/muiptv.com\/#organization"},"potentialAction":[{"@type":"SearchAction","target":{"@type":"EntryPoint","urlTemplate":"https:\/\/muiptv.com\/?s={search_term_string}"},"query-input":{"@type":"PropertyValueSpecification","valueRequired":true,"valueName":"search_term_string"}}],"inLanguage":"fr-FR"},{"@type":"Organization","@id":"https:\/\/muiptv.com\/#organization","name":"Dev MuIptv","url":"https:\/\/muiptv.com\/","logo":{"@type":"ImageObject","inLanguage":"fr-FR","@id":"https:\/\/muiptv.com\/#\/schema\/logo\/image\/","url":"https:\/\/dev.muiptv.fr\/wp-content\/uploads\/2023\/09\/logo-png.png","contentUrl":"https:\/\/dev.muiptv.fr\/wp-content\/uploads\/2023\/09\/logo-png.png","width":717,"height":228,"caption":"Dev MuIptv"},"image":{"@id":"https:\/\/muiptv.com\/#\/schema\/logo\/image\/"}}]}},"jetpack_sharing_enabled":true,"_links":{"self":[{"href":"https:\/\/dev.muiptv.fr\/fr\/wp-json\/wp\/v2\/pages\/626","targetHints":{"allow":["GET"]}}],"collection":[{"href":"https:\/\/dev.muiptv.fr\/fr\/wp-json\/wp\/v2\/pages"}],"about":[{"href":"https:\/\/dev.muiptv.fr\/fr\/wp-json\/wp\/v2\/types\/page"}],"author":[{"embeddable":true,"href":"https:\/\/dev.muiptv.fr\/fr\/wp-json\/wp\/v2\/users\/1"}],"replies":[{"embeddable":true,"href":"https:\/\/dev.muiptv.fr\/fr\/wp-json\/wp\/v2\/comments?post=626"}],"version-history":[{"count":58,"href":"https:\/\/dev.muiptv.fr\/fr\/wp-json\/wp\/v2\/pages\/626\/revisions"}],"predecessor-version":[{"id":2070,"href":"https:\/\/dev.muiptv.fr\/fr\/wp-json\/wp\/v2\/pages\/626\/revisions\/2070"}],"wp:attachment":[{"href":"https:\/\/dev.muiptv.fr\/fr\/wp-json\/wp\/v2\/media?parent=626"}],"curies":[{"name":"wp","href":"https:\/\/api.w.org\/{rel}","templated":true}]}}