{"id":1242,"date":"2023-09-12T22:29:40","date_gmt":"2023-09-12T21:29:40","guid":{"rendered":"https:\/\/dev.muiptv.fr\/?page_id=1242"},"modified":"2023-09-12T22:31:17","modified_gmt":"2023-09-12T21:31:17","slug":"refund-policy","status":"publish","type":"page","link":"https:\/\/dev.muiptv.fr\/fr\/refund-policy\/","title":{"rendered":"Politique de remboursement"},"content":{"rendered":"<div data-elementor-type=\"wp-page\" data-elementor-id=\"1242\" class=\"elementor elementor-1242\" data-elementor-post-type=\"page\">\n\t\t\t\t\t\t<section data-particle_enable=\"false\" data-particle-mobile-disabled=\"false\" class=\"elementor-section elementor-top-section elementor-element elementor-element-2f3fd71 elementor-section-boxed elementor-section-height-default elementor-section-height-default\" data-id=\"2f3fd71\" data-element_type=\"section\" data-settings=\"{&quot;background_background&quot;:&quot;classic&quot;}\">\n\t\t\t\t\t\t<div class=\"elementor-container elementor-column-gap-default\">\n\t\t\t\t\t<div class=\"elementor-column elementor-col-100 elementor-top-column elementor-element elementor-element-4cb8857\" data-id=\"4cb8857\" data-element_type=\"column\">\n\t\t\t<div class=\"elementor-widget-wrap elementor-element-populated\">\n\t\t\t\t\t\t<div class=\"elementor-element elementor-element-0a80d8d elementor-widget elementor-widget-image\" data-id=\"0a80d8d\" data-element_type=\"widget\" data-widget_type=\"image.default\">\n\t\t\t\t<div class=\"elementor-widget-container\">\n\t\t\t\t\t\t\t\t\t\t\t\t\t\t\t<img decoding=\"async\" width=\"64\" height=\"64\" src=\"https:\/\/dev.muiptv.fr\/wp-content\/uploads\/2023\/09\/Favicon.png\" class=\"attachment-full size-full wp-image-338\" alt=\"\" \/>\t\t\t\t\t\t\t\t\t\t\t\t\t\t\t<\/div>\n\t\t\t\t<\/div>\n\t\t\t\t\t<\/div>\n\t\t<\/div>\n\t\t\t\t\t<\/div>\n\t\t<\/section>\n\t\t\t\t<section data-particle_enable=\"false\" data-particle-mobile-disabled=\"false\" class=\"elementor-section elementor-top-section elementor-element elementor-element-1c549c5 elementor-section-boxed elementor-section-height-default elementor-section-height-default\" data-id=\"1c549c5\" data-element_type=\"section\">\n\t\t\t\t\t\t<div class=\"elementor-container elementor-column-gap-default\">\n\t\t\t\t\t<div class=\"elementor-column elementor-col-100 elementor-top-column elementor-element elementor-element-5d9dd3a\" data-id=\"5d9dd3a\" data-element_type=\"column\">\n\t\t\t<div class=\"elementor-widget-wrap elementor-element-populated\">\n\t\t\t\t\t\t<div class=\"elementor-element elementor-element-9bade66 elementor-widget elementor-widget-text-editor\" data-id=\"9bade66\" data-element_type=\"widget\" data-widget_type=\"text-editor.default\">\n\t\t\t\t<div class=\"elementor-widget-container\">\n\t\t\t\t\t\t\t\t\t<p>Nous comprenons qu'il peut y avoir des situations o\u00f9 vous n'\u00eates pas satisfait des services que nous fournissons, c'est pourquoi nous proposons une politique de remboursement transparente et claire.<\/p><p>Si, pour une raison quelconque, vous n'\u00eates pas satisfait de notre service IPTV, nous proposons un remboursement dans les 7 premiers jours suivant votre achat. Pass\u00e9 ce d\u00e9lai, nous ne pourrons malheureusement pas offrir de remboursement.<\/p><p>Cependant, nous tenons \u00e0 souligner que si vous n'\u00eates pas s\u00fbr que notre service IPTV fonctionnera pour vous en raison d'une connexion Internet faible ou d'un \u00e9quipement TV obsol\u00e8te, nous vous conseillons d'essayer notre service pendant un mois avant de prendre une d\u00e9cision finale.<\/p><p>Si vous n'\u00eates toujours pas satisfait apr\u00e8s cette p\u00e9riode d'essai, vous pouvez nous contacter, et nous ferons de notre mieux pour vous aider et r\u00e9soudre tout probl\u00e8me. Si vous n'\u00eates toujours pas satisfait, nous offrons un remboursement comme d\u00e9crit ci-dessus.<\/p><p>Nous esp\u00e9rons que cette politique de remboursement vous apporte une tranquillit\u00e9 d'esprit lors de votre achat, et nous sommes toujours disponibles pour r\u00e9pondre \u00e0 toutes les questions ou pr\u00e9occupations que vous pourriez avoir.<\/p>\t\t\t\t\t\t\t\t<\/div>\n\t\t\t\t<\/div>\n\t\t\t\t\t<\/div>\n\t\t<\/div>\n\t\t\t\t\t<\/div>\n\t\t<\/section>\n\t\t\t\t<\/div>","protected":false},"excerpt":{"rendered":"<p>We understand that there may be instances when you are not satisfied with the services we provide, which is why we offer a transparent and clear refund policy. If for any reason you are not satisfied with our IPTV service, we offer a refund within the first 7 days of your purchase. After this period, [&hellip;]<\/p>","protected":false},"author":1,"featured_media":0,"parent":0,"menu_order":0,"comment_status":"closed","ping_status":"closed","template":"","meta":{"footnotes":""},"class_list":["post-1242","page","type-page","status-publish","hentry"],"yoast_head":"<!-- This site is optimized with the Yoast SEO plugin v26.4 - https:\/\/yoast.com\/wordpress\/plugins\/seo\/ -->\n<title>Refund Policy - Dev MuIptv<\/title>\n<meta name=\"robots\" content=\"noindex, follow, max-snippet:-1, max-image-preview:large, max-video-preview:-1\" \/>\n<meta property=\"og:locale\" content=\"fr_FR\" \/>\n<meta property=\"og:type\" content=\"article\" \/>\n<meta property=\"og:title\" content=\"Refund Policy - Dev MuIptv\" \/>\n<meta property=\"og:description\" content=\"We understand that there may be instances when you are not satisfied with the services we provide, which is why we offer a transparent and clear refund policy. If for any reason you are not satisfied with our IPTV service, we offer a refund within the first 7 days of your purchase. After this period, [&hellip;]\" \/>\n<meta property=\"og:url\" content=\"https:\/\/muiptv.com\/refund-policy\/\" \/>\n<meta property=\"og:site_name\" content=\"Dev MuIptv\" \/>\n<meta property=\"article:modified_time\" content=\"2023-09-12T21:31:17+00:00\" \/>\n<meta property=\"og:image\" content=\"http:\/\/muiptv.com\/wp-content\/uploads\/2023\/09\/Favicon.png\" \/>\n<meta name=\"twitter:card\" content=\"summary_large_image\" \/>\n<meta name=\"twitter:label1\" content=\"Dur\u00e9e de lecture estim\u00e9e\" \/>\n\t<meta name=\"twitter:data1\" content=\"1 minute\" \/>\n<script type=\"application\/ld+json\" class=\"yoast-schema-graph\">{\"@context\":\"https:\/\/schema.org\",\"@graph\":[{\"@type\":\"WebPage\",\"@id\":\"https:\/\/muiptv.com\/refund-policy\/\",\"url\":\"https:\/\/muiptv.com\/refund-policy\/\",\"name\":\"Refund Policy - Dev MuIptv\",\"isPartOf\":{\"@id\":\"https:\/\/muiptv.com\/#website\"},\"primaryImageOfPage\":{\"@id\":\"https:\/\/muiptv.com\/refund-policy\/#primaryimage\"},\"image\":{\"@id\":\"https:\/\/muiptv.com\/refund-policy\/#primaryimage\"},\"thumbnailUrl\":\"https:\/\/dev.muiptv.fr\/wp-content\/uploads\/2023\/09\/Favicon.png\",\"datePublished\":\"2023-09-12T21:29:40+00:00\",\"dateModified\":\"2023-09-12T21:31:17+00:00\",\"breadcrumb\":{\"@id\":\"https:\/\/muiptv.com\/refund-policy\/#breadcrumb\"},\"inLanguage\":\"fr-FR\",\"potentialAction\":[{\"@type\":\"ReadAction\",\"target\":[\"https:\/\/muiptv.com\/refund-policy\/\"]}]},{\"@type\":\"ImageObject\",\"inLanguage\":\"fr-FR\",\"@id\":\"https:\/\/muiptv.com\/refund-policy\/#primaryimage\",\"url\":\"https:\/\/dev.muiptv.fr\/wp-content\/uploads\/2023\/09\/Favicon.png\",\"contentUrl\":\"https:\/\/dev.muiptv.fr\/wp-content\/uploads\/2023\/09\/Favicon.png\"},{\"@type\":\"BreadcrumbList\",\"@id\":\"https:\/\/muiptv.com\/refund-policy\/#breadcrumb\",\"itemListElement\":[{\"@type\":\"ListItem\",\"position\":1,\"name\":\"Home\",\"item\":\"https:\/\/dev.muiptv.fr\/\"},{\"@type\":\"ListItem\",\"position\":2,\"name\":\"Refund Policy\"}]},{\"@type\":\"WebSite\",\"@id\":\"https:\/\/muiptv.com\/#website\",\"url\":\"https:\/\/muiptv.com\/\",\"name\":\"Dev MuIptv\",\"description\":\"\",\"publisher\":{\"@id\":\"https:\/\/muiptv.com\/#organization\"},\"potentialAction\":[{\"@type\":\"SearchAction\",\"target\":{\"@type\":\"EntryPoint\",\"urlTemplate\":\"https:\/\/muiptv.com\/?s={search_term_string}\"},\"query-input\":{\"@type\":\"PropertyValueSpecification\",\"valueRequired\":true,\"valueName\":\"search_term_string\"}}],\"inLanguage\":\"fr-FR\"},{\"@type\":\"Organization\",\"@id\":\"https:\/\/muiptv.com\/#organization\",\"name\":\"Dev MuIptv\",\"url\":\"https:\/\/muiptv.com\/\",\"logo\":{\"@type\":\"ImageObject\",\"inLanguage\":\"fr-FR\",\"@id\":\"https:\/\/muiptv.com\/#\/schema\/logo\/image\/\",\"url\":\"https:\/\/dev.muiptv.fr\/wp-content\/uploads\/2023\/09\/logo-png.png\",\"contentUrl\":\"https:\/\/dev.muiptv.fr\/wp-content\/uploads\/2023\/09\/logo-png.png\",\"width\":717,\"height\":228,\"caption\":\"Dev MuIptv\"},\"image\":{\"@id\":\"https:\/\/muiptv.com\/#\/schema\/logo\/image\/\"}}]}<\/script>\n<!-- \/ Yoast SEO plugin. -->","yoast_head_json":{"title":"Refund Policy - Dev MuIptv","robots":{"index":"noindex","follow":"follow","max-snippet":"max-snippet:-1","max-image-preview":"max-image-preview:large","max-video-preview":"max-video-preview:-1"},"og_locale":"fr_FR","og_type":"article","og_title":"Refund Policy - Dev MuIptv","og_description":"We understand that there may be instances when you are not satisfied with the services we provide, which is why we offer a transparent and clear refund policy. If for any reason you are not satisfied with our IPTV service, we offer a refund within the first 7 days of your purchase. After this period, [&hellip;]","og_url":"https:\/\/muiptv.com\/refund-policy\/","og_site_name":"Dev MuIptv","article_modified_time":"2023-09-12T21:31:17+00:00","og_image":[{"url":"http:\/\/muiptv.com\/wp-content\/uploads\/2023\/09\/Favicon.png","type":"","width":"","height":""}],"twitter_card":"summary_large_image","twitter_misc":{"Dur\u00e9e de lecture estim\u00e9e":"1 minute"},"schema":{"@context":"https:\/\/schema.org","@graph":[{"@type":"WebPage","@id":"https:\/\/muiptv.com\/refund-policy\/","url":"https:\/\/muiptv.com\/refund-policy\/","name":"Refund Policy - Dev MuIptv","isPartOf":{"@id":"https:\/\/muiptv.com\/#website"},"primaryImageOfPage":{"@id":"https:\/\/muiptv.com\/refund-policy\/#primaryimage"},"image":{"@id":"https:\/\/muiptv.com\/refund-policy\/#primaryimage"},"thumbnailUrl":"https:\/\/dev.muiptv.fr\/wp-content\/uploads\/2023\/09\/Favicon.png","datePublished":"2023-09-12T21:29:40+00:00","dateModified":"2023-09-12T21:31:17+00:00","breadcrumb":{"@id":"https:\/\/muiptv.com\/refund-policy\/#breadcrumb"},"inLanguage":"fr-FR","potentialAction":[{"@type":"ReadAction","target":["https:\/\/muiptv.com\/refund-policy\/"]}]},{"@type":"ImageObject","inLanguage":"fr-FR","@id":"https:\/\/muiptv.com\/refund-policy\/#primaryimage","url":"https:\/\/dev.muiptv.fr\/wp-content\/uploads\/2023\/09\/Favicon.png","contentUrl":"https:\/\/dev.muiptv.fr\/wp-content\/uploads\/2023\/09\/Favicon.png"},{"@type":"BreadcrumbList","@id":"https:\/\/muiptv.com\/refund-policy\/#breadcrumb","itemListElement":[{"@type":"ListItem","position":1,"name":"Home","item":"https:\/\/dev.muiptv.fr\/"},{"@type":"ListItem","position":2,"name":"Refund Policy"}]},{"@type":"WebSite","@id":"https:\/\/muiptv.com\/#website","url":"https:\/\/muiptv.com\/","name":"Dev MuIptv","description":"","publisher":{"@id":"https:\/\/muiptv.com\/#organization"},"potentialAction":[{"@type":"SearchAction","target":{"@type":"EntryPoint","urlTemplate":"https:\/\/muiptv.com\/?s={search_term_string}"},"query-input":{"@type":"PropertyValueSpecification","valueRequired":true,"valueName":"search_term_string"}}],"inLanguage":"fr-FR"},{"@type":"Organization","@id":"https:\/\/muiptv.com\/#organization","name":"Dev MuIptv","url":"https:\/\/muiptv.com\/","logo":{"@type":"ImageObject","inLanguage":"fr-FR","@id":"https:\/\/muiptv.com\/#\/schema\/logo\/image\/","url":"https:\/\/dev.muiptv.fr\/wp-content\/uploads\/2023\/09\/logo-png.png","contentUrl":"https:\/\/dev.muiptv.fr\/wp-content\/uploads\/2023\/09\/logo-png.png","width":717,"height":228,"caption":"Dev MuIptv"},"image":{"@id":"https:\/\/muiptv.com\/#\/schema\/logo\/image\/"}}]}},"jetpack_sharing_enabled":true,"_links":{"self":[{"href":"https:\/\/dev.muiptv.fr\/fr\/wp-json\/wp\/v2\/pages\/1242","targetHints":{"allow":["GET"]}}],"collection":[{"href":"https:\/\/dev.muiptv.fr\/fr\/wp-json\/wp\/v2\/pages"}],"about":[{"href":"https:\/\/dev.muiptv.fr\/fr\/wp-json\/wp\/v2\/types\/page"}],"author":[{"embeddable":true,"href":"https:\/\/dev.muiptv.fr\/fr\/wp-json\/wp\/v2\/users\/1"}],"replies":[{"embeddable":true,"href":"https:\/\/dev.muiptv.fr\/fr\/wp-json\/wp\/v2\/comments?post=1242"}],"version-history":[{"count":16,"href":"https:\/\/dev.muiptv.fr\/fr\/wp-json\/wp\/v2\/pages\/1242\/revisions"}],"predecessor-version":[{"id":1258,"href":"https:\/\/dev.muiptv.fr\/fr\/wp-json\/wp\/v2\/pages\/1242\/revisions\/1258"}],"wp:attachment":[{"href":"https:\/\/dev.muiptv.fr\/fr\/wp-json\/wp\/v2\/media?parent=1242"}],"curies":[{"name":"wp","href":"https:\/\/api.w.org\/{rel}","templated":true}]}}